{"id":18,"date":"2016-02-15T19:58:05","date_gmt":"2016-02-15T19:58:05","guid":{"rendered":"https:\/\/www.costabrava-wandern.de\/?page_id=18"},"modified":"2023-09-10T09:53:23","modified_gmt":"2023-09-10T07:53:23","slug":"startseite","status":"publish","type":"page","link":"https:\/\/www.costabrava-wandern.de\/ca\/","title":{"rendered":"P\u00e0gina d&#039;inici"},"content":{"rendered":"<div id=\"pl-18\"  class=\"panel-layout\" ><div id=\"pg-18-0\"  class=\"panel-grid panel-no-style\" ><div id=\"pgc-18-0-0\"  class=\"panel-grid-cell\" ><div id=\"panel-18-0-0-0\" class=\"so-panel widget widget_circleicon-widget panel-first-child panel-last-child\" data-index=\"0\" >\t\t<div class=\"circle-icon-box circle-icon-position-top circle-icon-hide-box circle-icon-size-small\">\n\t\t\t<div class=\"circle-icon-wrapper\">\n\t\t\t\t<a href=\"https:\/\/www.costabrava-wandern.de\/ca\/categoria\/destacats-gr-92\/\" class=\"link-icon\" >\t\t\t\t<div class=\"circle-icon icon-style-set\" style=\"background-color: #bfbfbf\">\n\t\t\t\t\t<div class=\"fa fa-camera icon-color-set\" ><\/div>\t\t\t\t<\/div>\n\t\t\t\t<\/a>\t\t\t<\/div>\n\n\t\t\t<a href=\"https:\/\/www.costabrava-wandern.de\/ca\/categoria\/destacats-gr-92\/\" class=\"link-title\" >\t\t\t<h4 >destacats<\/h4>\t\t\t<\/a>\n\t\t\t<p class=\"text\" >prometedores rutes de senderisme, badies pintoresques<\/p>\t\t\t\t\t\t\t<a href=\"https:\/\/www.costabrava-wandern.de\/ca\/categoria\/destacats-gr-92\/\" class=\"more-button\" >m\u00e9s <i><\/i><\/a>\n\t\t\t\t\t<\/div>\n\t\t<\/div><\/div><div id=\"pgc-18-0-1\"  class=\"panel-grid-cell\" ><div id=\"panel-18-0-1-0\" class=\"so-panel widget widget_circleicon-widget panel-first-child panel-last-child\" data-index=\"1\" >\t\t<div class=\"circle-icon-box circle-icon-position-top circle-icon-hide-box circle-icon-size-small\">\n\t\t\t<div class=\"circle-icon-wrapper\">\n\t\t\t\t<a href=\"https:\/\/www.costabrava-wandern.de\/ca\/categoria\/gr-92-etapes\/\" class=\"link-icon\" >\t\t\t\t<div class=\"circle-icon icon-style-set\" style=\"background-color: #bfbfbf\">\n\t\t\t\t\t<div class=\"fa fa-th-list icon-color-set\" ><\/div>\t\t\t\t<\/div>\n\t\t\t\t<\/a>\t\t\t<\/div>\n\n\t\t\t<a href=\"https:\/\/www.costabrava-wandern.de\/ca\/categoria\/gr-92-etapes\/\" class=\"link-title\" >\t\t\t<h4 >etapes<\/h4>\t\t\t<\/a>\n\t\t\t<p class=\"text\" >Visi\u00f3 general de les etapes individuals<\/p>\t\t\t\t\t\t\t<a href=\"https:\/\/www.costabrava-wandern.de\/ca\/categoria\/gr-92-etapes\/\" class=\"more-button\" >m\u00e9s <i><\/i><\/a>\n\t\t\t\t\t<\/div>\n\t\t<\/div><\/div><div id=\"pgc-18-0-2\"  class=\"panel-grid-cell\" ><div id=\"panel-18-0-2-0\" class=\"so-panel widget widget_circleicon-widget panel-first-child panel-last-child\" data-index=\"2\" >\t\t<div class=\"circle-icon-box circle-icon-position-top circle-icon-hide-box circle-icon-size-small\">\n\t\t\t<div class=\"circle-icon-wrapper\">\n\t\t\t\t<a href=\"https:\/\/www.costabrava-wandern.de\/ca\/categoria\/gr-92-allotjaments\/\" class=\"link-icon\" >\t\t\t\t<div class=\"circle-icon icon-style-set\" style=\"background-color: #bfbfbf\">\n\t\t\t\t\t<div class=\"fa fa-bed icon-color-set\" ><\/div>\t\t\t\t<\/div>\n\t\t\t\t<\/a>\t\t\t<\/div>\n\n\t\t\t<a href=\"https:\/\/www.costabrava-wandern.de\/ca\/categoria\/gr-92-allotjaments\/\" class=\"link-title\" >\t\t\t<h4 >allotjaments<\/h4>\t\t\t<\/a>\n\t\t\t<p class=\"text\" >hotels i pensions seleccionats, ajuts a la planificaci\u00f3 per a la reserva<\/p>\t\t\t\t\t\t\t<a href=\"https:\/\/www.costabrava-wandern.de\/ca\/categoria\/gr-92-allotjaments\/\" class=\"more-button\" >m\u00e9s <i><\/i><\/a>\n\t\t\t\t\t<\/div>\n\t\t<\/div><\/div><div id=\"pgc-18-0-3\"  class=\"panel-grid-cell\" ><div id=\"panel-18-0-3-0\" class=\"so-panel widget widget_circleicon-widget panel-first-child panel-last-child\" data-index=\"3\" >\t\t<div class=\"circle-icon-box circle-icon-position-top circle-icon-hide-box circle-icon-size-small\">\n\t\t\t<div class=\"circle-icon-wrapper\">\n\t\t\t\t<a href=\"https:\/\/www.costabrava-wandern.de\/ca\/categoria\/material-del-mapa\/\" class=\"link-icon\" >\t\t\t\t<div class=\"circle-icon icon-style-set\" style=\"background-color: #bfbfbf\">\n\t\t\t\t\t<div class=\"fa fa-compass icon-color-set\" ><\/div>\t\t\t\t<\/div>\n\t\t\t\t<\/a>\t\t\t<\/div>\n\n\t\t\t<a href=\"https:\/\/www.costabrava-wandern.de\/ca\/categoria\/material-del-mapa\/\" class=\"link-title\" >\t\t\t<h4 >mapes<\/h4>\t\t\t<\/a>\n\t\t\t<p class=\"text\" >Desc\u00e0rrega de material de mapes i rutes<\/p>\t\t\t\t\t\t\t<a href=\"https:\/\/www.costabrava-wandern.de\/ca\/categoria\/material-del-mapa\/\" class=\"more-button\" >m\u00e9s <i><\/i><\/a>\n\t\t\t\t\t<\/div>\n\t\t<\/div><\/div><div id=\"pgc-18-0-4\"  class=\"panel-grid-cell\" ><div id=\"panel-18-0-4-0\" class=\"so-panel widget widget_circleicon-widget panel-first-child panel-last-child\" data-index=\"4\" >\t\t<div class=\"circle-icon-box circle-icon-position-top circle-icon-hide-box circle-icon-size-small\">\n\t\t\t<div class=\"circle-icon-wrapper\">\n\t\t\t\t<a href=\"https:\/\/www.costabrava-wandern.de\/ca\/categoria\/arribada-gr-92\/\" class=\"link-icon\" >\t\t\t\t<div class=\"circle-icon icon-style-set\" style=\"background-color: #bfbfbf\">\n\t\t\t\t\t<div class=\"fa fa-train icon-color-set\" ><\/div>\t\t\t\t<\/div>\n\t\t\t\t<\/a>\t\t\t<\/div>\n\n\t\t\t<a href=\"https:\/\/www.costabrava-wandern.de\/ca\/categoria\/arribada-gr-92\/\" class=\"link-title\" >\t\t\t<h4 >arribar-hi<\/h4>\t\t\t<\/a>\n\t\t\t<p class=\"text\" >Consells per arribar i sortir amb avi\u00f3, autob\u00fas i tren<\/p>\t\t\t\t\t\t\t<a href=\"https:\/\/www.costabrava-wandern.de\/ca\/categoria\/arribada-gr-92\/\" class=\"more-button\" >m\u00e9s <i><\/i><\/a>\n\t\t\t\t\t<\/div>\n\t\t<\/div><\/div><div id=\"pgc-18-0-5\"  class=\"panel-grid-cell\" ><div id=\"panel-18-0-5-0\" class=\"so-panel widget widget_circleicon-widget panel-first-child panel-last-child\" data-index=\"5\" >\t\t<div class=\"circle-icon-box circle-icon-position-top circle-icon-hide-box circle-icon-size-small\">\n\t\t\t<div class=\"circle-icon-wrapper\">\n\t\t\t\t<a href=\"https:\/\/www.costabrava-wandern.de\/ca\/categoria\/gr-92-etapes\/barcelona\/\" class=\"link-icon\" >\t\t\t\t<div class=\"circle-icon icon-style-set\" style=\"background-color: #bfbfbf\">\n\t\t\t\t\t<div class=\"fa fa-bank icon-color-set\" ><\/div>\t\t\t\t<\/div>\n\t\t\t\t<\/a>\t\t\t<\/div>\n\n\t\t\t<a href=\"https:\/\/www.costabrava-wandern.de\/ca\/categoria\/gr-92-etapes\/barcelona\/\" class=\"link-title\" >\t\t\t<h4 >Barcelona<\/h4>\t\t\t<\/a>\n\t\t\t<p class=\"text\" >El final perfecte de vacances<\/p>\t\t\t\t\t\t\t<a href=\"https:\/\/www.costabrava-wandern.de\/ca\/categoria\/gr-92-etapes\/barcelona\/\" class=\"more-button\" >m\u00e9s <i><\/i><\/a>\n\t\t\t\t\t<\/div>\n\t\t<\/div><\/div><\/div><div id=\"pg-18-1\"  class=\"panel-grid panel-no-style\" ><div id=\"pgc-18-1-0\"  class=\"panel-grid-cell\" ><div id=\"panel-18-1-0-0\" class=\"so-panel widget widget_sow-editor panel-first-child panel-last-child\" data-index=\"6\" ><div\n\t\t\t\n\t\t\tclass=\"so-widget-sow-editor so-widget-sow-editor-base\"\n\t\t\t\n\t\t><h3 class=\"widget-title\">Excursi\u00f3 costanera de deu dies a la Costa Brava pel GR 92<\/h3>\n<div class=\"siteorigin-widget-tinymce textwidget\">\n\t<p>El GR 92 \u00e9s una assolellada ruta de senderisme costanera mediterr\u00e0nia al llarg de la Costa Brava (en castell\u00e0 &quot;costa salvatge&quot;) i ofereix no nom\u00e9s un paisatge meravell\u00f3s amb sol i mar, sin\u00f3 tamb\u00e9 molts aspectes culturals i hist\u00f2rics! En l&#039;excursi\u00f3 de deu dies de llarg recorregut trobareu molta natura per\u00f2 tamb\u00e9 pobles medievals catalogats i, entre d&#039;altres coses, caminareu seguint els passos de Salvador Dal\u00ed, l&#039;exc\u00e8ntric artista amb el bigoti girat.<\/p>\n<p>Vam caminar pel GR 92 el setembre de 2016 amb un bon temps de finals d&#039;estiu i vam posar la nostra ruta de senderisme en aquesta p\u00e0gina (vegeu <a href=\"https:\/\/www.costabrava-wandern.de\/ca\/descarregues-de-material-de-mapes\/\">Desc\u00e0rregues de fitxers GPX<\/a>), les nostres experi\u00e8ncies i tanta informaci\u00f3 pr\u00e0ctica com sigui possible com a guia de senderisme en l\u00ednia.<\/p>\n<p>Si t&#039;interessen les rutes de senderisme a la costa mediterr\u00e0nia, tamb\u00e9 et recomanem els nostres altres projectes de senderisme a la seg\u00fcent p\u00e0gina web: <a href=\"https:\/\/www.wanderndeluxe.de\/fernwanderwege\/\" target=\"_blank\" rel=\"noopener\">www.wanderndeluxe.de\/fernwanderwege<\/a>.<\/p>\n<\/div>\n<\/div><\/div><\/div><div id=\"pgc-18-1-1\"  class=\"panel-grid-cell\" ><div id=\"panel-18-1-1-0\" class=\"so-panel widget widget_sow-image panel-first-child panel-last-child\" data-index=\"7\" ><div\n\t\t\t\n\t\t\tclass=\"so-widget-sow-image so-widget-sow-image-default-8b5b6f678277-18\"\n\t\t\t\n\t\t>\n<div class=\"sow-image-container\">\n\t\t\t<a href=\"https:\/\/www.costabrava-wandern.de\/wp-content\/uploads\/GR-92-Etappe-3-von-Cadaqu\u00e9s-nach-Roses-Empuriabrava-2.jpg\">\n\t\t\t<img \n\tsrc=\"https:\/\/www.costabrava-wandern.de\/wp-content\/uploads\/GR-92-Etappe-3-von-Cadaqu\u00e9s-nach-Roses-Empuriabrava-2.jpg\" width=\"1200\" height=\"510\" srcset=\"https:\/\/www.costabrava-wandern.de\/wp-content\/uploads\/GR-92-Etappe-3-von-Cadaqu\u00e9s-nach-Roses-Empuriabrava-2.jpg 1200w, https:\/\/www.costabrava-wandern.de\/wp-content\/uploads\/GR-92-Etappe-3-von-Cadaqu\u00e9s-nach-Roses-Empuriabrava-2-150x64.jpg 150w, https:\/\/www.costabrava-wandern.de\/wp-content\/uploads\/GR-92-Etappe-3-von-Cadaqu\u00e9s-nach-Roses-Empuriabrava-2-300x128.jpg 300w, https:\/\/www.costabrava-wandern.de\/wp-content\/uploads\/GR-92-Etappe-3-von-Cadaqu\u00e9s-nach-Roses-Empuriabrava-2-1024x435.jpg 1024w\" sizes=\"(max-width: 1200px) 100vw, 1200px\" title=\"El Cap de Creus al sol del mat\u00ed, un dels molts moments destacats de l&#039;excursi\u00f3!\" alt=\"\" \t\tclass=\"so-widget-image\"\/>\n\t\t\t<\/a><\/div>\n\n<h3 class=\"widget-title\">El Cap de Creus al sol del mat\u00ed, un dels molts moments destacats de l&#039;excursi\u00f3!<\/h3><\/div><\/div><\/div><\/div><div id=\"pg-18-2\"  class=\"panel-grid panel-no-style\" ><div id=\"pgc-18-2-0\"  class=\"panel-grid-cell\" ><div id=\"panel-18-2-0-0\" class=\"so-panel widget widget_sow-editor panel-first-child panel-last-child\" data-index=\"8\" ><div\n\t\t\t\n\t\t\tclass=\"so-widget-sow-editor so-widget-sow-editor-base\"\n\t\t\t\n\t\t><h3 class=\"widget-title\">Al &quot;Cam\u00ed de Ronda&quot; des de la frontera francesa cap a Barcelona<\/h3>\n<div class=\"siteorigin-widget-tinymce textwidget\">\n\t<p>El GR 92 de la Costa Brava \u00e9s en gran part congruent amb el &quot;Cam\u00ed de Ronda&quot; catal\u00e0 i comen\u00e7a a Portbou, a la frontera franco-espanyola. En deu etapes di\u00e0ries, el GR 92 ens porta per bells camins de la costa mediterr\u00e0nia, que inclouen curts desviaments a l&#039;interior catal\u00e0. Gaireb\u00e9 cada dia passem per unes precioses badies que conviden a fer un bany al mar. En contrast amb l&#039;excursionisme meditatiu durant el dia, al vespre ens posem a l&#039;abast tota l&#039;oferta d&#039;infraestructures tur\u00edstiques de les poblacions costaneres: de vegades pintoresca i exclusiva com a Begur o Cadaqu\u00e9s, de vegades metropolitana com a Palam\u00f3s.<\/p>\n<p>Si no voleu caminar deu dies seguits, nom\u00e9s heu de triar una secci\u00f3 m\u00e9s curta. En tot cas, recomanem comen\u00e7ar per l&#039;extrem nord a Portbou i des d&#039;all\u00e0 avan\u00e7ar pel preci\u00f3s Cap de Creus al sud de la Costa Brava - <a href=\"https:\/\/www.costabrava-wandern.de\/ca\/panoramica-de-les-etapes-i-seccions-del-gr92\/\" target=\"_blank\" rel=\"noopener\">vegeu tamb\u00e9 la nostra avaluaci\u00f3 dels punts destacats esc\u00e8nics d&#039;un cop d&#039;ull<\/a>.<\/p>\n<\/div>\n<\/div><\/div><\/div><\/div><div id=\"pg-18-3\"  class=\"panel-grid panel-no-style\" ><div id=\"pgc-18-3-0\"  class=\"panel-grid-cell\" ><div id=\"panel-18-3-0-0\" class=\"so-panel widget widget_sow-image panel-first-child\" data-index=\"9\" ><div\n\t\t\t\n\t\t\tclass=\"so-widget-sow-image so-widget-sow-image-default-0d2796cf268e-18\"\n\t\t\t\n\t\t>\n<div class=\"sow-image-container\">\n\t\t<img \n\tsrc=\"https:\/\/www.costabrava-wandern.de\/wp-content\/uploads\/cropped-Profil-Frank-2020-150x150.jpg\" width=\"150\" height=\"150\" srcset=\"https:\/\/www.costabrava-wandern.de\/wp-content\/uploads\/cropped-Profil-Frank-2020-150x150.jpg 150w, https:\/\/www.costabrava-wandern.de\/wp-content\/uploads\/cropped-Profil-Frank-2020-300x300.jpg 300w, https:\/\/www.costabrava-wandern.de\/wp-content\/uploads\/cropped-Profil-Frank-2020.jpg 696w\" sizes=\"(max-width: 150px) 100vw, 150px\" title=\"cropped-Profil-Frank-2020.jpg\" alt=\"\" \t\tclass=\"so-widget-image\"\/>\n\t<\/div>\n\n<\/div><\/div><div id=\"panel-18-3-0-1\" class=\"so-panel widget widget_text panel-last-child\" data-index=\"10\" >\t\t\t<div class=\"textwidget\"><div align=\"center\">\n<h3>Franc<\/h3>\n<\/div>\n<\/div>\n\t\t<\/div><\/div><div id=\"pgc-18-3-1\"  class=\"panel-grid-cell\" ><div id=\"panel-18-3-1-0\" class=\"so-panel widget widget_sow-image panel-first-child\" data-index=\"11\" ><div\n\t\t\t\n\t\t\tclass=\"so-widget-sow-image so-widget-sow-image-default-0d2796cf268e-18\"\n\t\t\t\n\t\t>\n<div class=\"sow-image-container\">\n\t\t<img \n\tsrc=\"https:\/\/www.costabrava-wandern.de\/wp-content\/uploads\/cropped-Avatar_Christiane_klein-150x150.jpg\" width=\"150\" height=\"150\" srcset=\"https:\/\/www.costabrava-wandern.de\/wp-content\/uploads\/cropped-Avatar_Christiane_klein-150x150.jpg 150w, https:\/\/www.costabrava-wandern.de\/wp-content\/uploads\/cropped-Avatar_Christiane_klein-300x300.jpg 300w, https:\/\/www.costabrava-wandern.de\/wp-content\/uploads\/cropped-Avatar_Christiane_klein.jpg 667w\" sizes=\"(max-width: 150px) 100vw, 150px\" title=\"retallat-Avatar_Christiane_klein.jpg\" alt=\"\" \t\tclass=\"so-widget-image\"\/>\n\t<\/div>\n\n<\/div><\/div><div id=\"panel-18-3-1-1\" class=\"so-panel widget widget_text panel-last-child\" data-index=\"12\" >\t\t\t<div class=\"textwidget\"><div align=\"center\">\n<h3>Christiane<\/h3>\n<\/div>\n<\/div>\n\t\t<\/div><\/div><\/div><div id=\"pg-18-4\"  class=\"panel-grid panel-no-style\" ><div id=\"pgc-18-4-0\"  class=\"panel-grid-cell\" ><div id=\"panel-18-4-0-0\" class=\"so-panel widget widget_sow-image panel-first-child panel-last-child\" data-index=\"13\" ><div\n\t\t\t\n\t\t\tclass=\"so-widget-sow-image so-widget-sow-image-default-8b5b6f678277-18\"\n\t\t\t\n\t\t>\n<div class=\"sow-image-container\">\n\t\t\t<a href=\"https:\/\/www.costabrava-wandern.de\/wp-content\/uploads\/Port-Vell-der-Hafen-von-Barcelona-Aussicht-von-der-Dachterrasse-des-Museu-dHist\u00f2ria-de-Catalunya.jpg\">\n\t\t\t<img \n\tsrc=\"https:\/\/www.costabrava-wandern.de\/wp-content\/uploads\/Port-Vell-der-Hafen-von-Barcelona-Aussicht-von-der-Dachterrasse-des-Museu-dHist\u00f2ria-de-Catalunya.jpg\" width=\"1200\" height=\"502\" srcset=\"https:\/\/www.costabrava-wandern.de\/wp-content\/uploads\/Port-Vell-der-Hafen-von-Barcelona-Aussicht-von-der-Dachterrasse-des-Museu-dHist\u00f2ria-de-Catalunya.jpg 1200w, https:\/\/www.costabrava-wandern.de\/wp-content\/uploads\/Port-Vell-der-Hafen-von-Barcelona-Aussicht-von-der-Dachterrasse-des-Museu-dHist\u00f2ria-de-Catalunya-150x63.jpg 150w, https:\/\/www.costabrava-wandern.de\/wp-content\/uploads\/Port-Vell-der-Hafen-von-Barcelona-Aussicht-von-der-Dachterrasse-des-Museu-dHist\u00f2ria-de-Catalunya-300x126.jpg 300w, https:\/\/www.costabrava-wandern.de\/wp-content\/uploads\/Port-Vell-der-Hafen-von-Barcelona-Aussicht-von-der-Dachterrasse-des-Museu-dHist\u00f2ria-de-Catalunya-1024x428.jpg 1024w\" sizes=\"(max-width: 1200px) 100vw, 1200px\" title=\"Uns dies de vacances a Barcelona s\u00f3n el final perfecte per a l&#039;extenuant caminada pel GR-92!\" alt=\"\" \t\tclass=\"so-widget-image\"\/>\n\t\t\t<\/a><\/div>\n\n<h3 class=\"widget-title\">Uns dies de vacances a Barcelona s\u00f3n el final perfecte per a l&#039;extenuant caminada pel GR-92!<\/h3><\/div><\/div><\/div><\/div><div id=\"pg-18-5\"  class=\"panel-grid panel-no-style\" ><div id=\"pgc-18-5-0\"  class=\"panel-grid-cell\" ><div id=\"panel-18-5-0-0\" class=\"so-panel widget widget_sow-editor panel-first-child panel-last-child\" data-index=\"14\" ><div\n\t\t\t\n\t\t\tclass=\"so-widget-sow-editor so-widget-sow-editor-base\"\n\t\t\t\n\t\t><h3 class=\"widget-title\">Not\u00edcies<\/h3>\n<div class=\"siteorigin-widget-tinymce textwidget\">\n\t<p>Fins i tot ara \u00e9s possible reservar el transport individual d&#039;equipatge a la Costa Brava. <a href=\"https:\/\/www.costabrava-wandern.de\/ca\/transport-dequipatge\/\">Podeu trobar detalls sobre aix\u00f2 aqu\u00ed<\/a>.<\/p>\n<\/div>\n<\/div><\/div><\/div><div id=\"pgc-18-5-1\"  class=\"panel-grid-cell\" ><div id=\"panel-18-5-1-0\" class=\"so-panel widget widget_lsow-portfolio panel-first-child panel-last-child\" data-index=\"15\" ><div\n\t\t\t\n\t\t\tclass=\"so-widget-lsow-portfolio so-widget-lsow-portfolio-default-1398c7c9e37b-18\"\n\t\t\t\n\t\t><div class=\"lsow-portfolio-wrap lsow-gapless-grid\"><div id=\"lsow-portfolio-69d63a8221c43\" class=\"lsow-portfolio js-isotope lsow-fitRows lsow-grid-container  lsow-grid-desktop-1 lsow-grid-tablet-1 lsow-grid-mobile-1\" data-isotope-options='{ \"itemSelector\": \".lsow-portfolio-item\", \"layoutMode\": \"fitRows\"}'><div data-id=\"id-14895\" class=\"lsow-grid-item lsow-portfolio-item  term-5 term-11\"><article id=\"post-14895\" class=\"post-14895 post type-post status-publish format-standard has-post-thumbnail hentry category-gr-92-anreise category-gr-92-ueberblick-alle-etappen post-with-thumbnail post-with-thumbnail-large\"><div class=\"lsow-project-image\"><a href=\"https:\/\/www.costabrava-wandern.de\/ca\/gepaecktransport\/\" target=\"_self\"><img fetchpriority=\"high\" decoding=\"async\" width=\"720\" height=\"405\" src=\"https:\/\/www.costabrava-wandern.de\/wp-content\/uploads\/GR92-Wegbeschilderung-1024x576.jpg\" class=\"lsow-image skip-lazy no-lazyload exclude-me a3-notlazy wp-post-image\" alt=\"\" data-no-lazy=\"1\" loading=\"eager\" srcset=\"https:\/\/www.costabrava-wandern.de\/wp-content\/uploads\/GR92-Wegbeschilderung-1024x576.jpg 1024w, https:\/\/www.costabrava-wandern.de\/wp-content\/uploads\/GR92-Wegbeschilderung-150x84.jpg 150w, https:\/\/www.costabrava-wandern.de\/wp-content\/uploads\/GR92-Wegbeschilderung-300x169.jpg 300w, https:\/\/www.costabrava-wandern.de\/wp-content\/uploads\/GR92-Wegbeschilderung.jpg 1200w\" sizes=\"(max-width: 720px) 100vw, 720px\" \/><\/a><div class=\"lsow-image-info\"><div class=\"lsow-entry-info\"><h3 class=\"lsow-post-title\"><a href=\"https:\/\/www.costabrava-wandern.de\/ca\/gepaecktransport\/\" title=\"transport d&#039;equipatge\" target=\"_self\" rel=\"bookmark\">transport d&#039;equipatge<\/a><\/h3><\/div><\/div><!-- .lsow-image-info --><\/div><\/article><!-- .hentry --><\/div><\/div><!-- .lsow-portfolio --><\/div><!-- .lsow-portfolio-wrap --><\/div><\/div><\/div><\/div><\/div>","protected":false},"excerpt":{"rendered":"<p>Der GR 92 ist ein sonnig-mediterraner K\u00fcstenwanderweg entlang der Costa Brava (spanisch f\u00fcr &#8222;Wilde K\u00fcste&#8220;) und bietet neben herrlicher Landschaft mit Sonne und Meer auch viele kulturell-historische Highlights!\u00a0Auf der zehnt\u00e4gigen Fernwanderung trifft man auf viel Natur aber auch auf denkmalgesch\u00fctzte, mittelalterliche D\u00f6rfer und wandelt unter anderem auf den Spuren von Salvador Dal\u00ed, dem exzentrischen K\u00fcnstler [&hellip;]<\/p>\n","protected":false},"author":1,"featured_media":0,"parent":0,"menu_order":0,"comment_status":"closed","ping_status":"closed","template":"home-panels.php","meta":{"footnotes":""},"class_list":["post-18","page","type-page","status-publish","hentry","post"],"_links":{"self":[{"href":"https:\/\/www.costabrava-wandern.de\/ca\/wp-json\/wp\/v2\/pages\/18","targetHints":{"allow":["GET"]}}],"collection":[{"href":"https:\/\/www.costabrava-wandern.de\/ca\/wp-json\/wp\/v2\/pages"}],"about":[{"href":"https:\/\/www.costabrava-wandern.de\/ca\/wp-json\/wp\/v2\/types\/page"}],"author":[{"embeddable":true,"href":"https:\/\/www.costabrava-wandern.de\/ca\/wp-json\/wp\/v2\/users\/1"}],"replies":[{"embeddable":true,"href":"https:\/\/www.costabrava-wandern.de\/ca\/wp-json\/wp\/v2\/comments?post=18"}],"version-history":[{"count":15,"href":"https:\/\/www.costabrava-wandern.de\/ca\/wp-json\/wp\/v2\/pages\/18\/revisions"}],"predecessor-version":[{"id":38640,"href":"https:\/\/www.costabrava-wandern.de\/ca\/wp-json\/wp\/v2\/pages\/18\/revisions\/38640"}],"wp:attachment":[{"href":"https:\/\/www.costabrava-wandern.de\/ca\/wp-json\/wp\/v2\/media?parent=18"}],"curies":[{"name":"wp","href":"https:\/\/api.w.org\/{rel}","templated":true}]}}