{"id":25646,"date":"2020-12-27T10:38:14","date_gmt":"2020-12-27T09:38:14","guid":{"rendered":"https:\/\/www.costabrava-wandern.de\/cookie-richtlinie-eu\/"},"modified":"2025-04-28T17:26:40","modified_gmt":"2025-04-28T15:26:40","slug":"politica-de-cookies","status":"publish","type":"page","link":"https:\/\/www.costabrava-wandern.de\/ca\/cookie-richtlinie\/","title":{"rendered":"Pol\u00edtica de cookies"},"content":{"rendered":"<div id=\"pl-25646\"  class=\"panel-layout\" ><div id=\"pg-25646-0\"  class=\"panel-grid panel-no-style\" ><div id=\"pgc-25646-0-0\"  class=\"panel-grid-cell\" ><div id=\"panel-25646-0-0-0\" class=\"so-panel widget widget_sow-editor panel-first-child\" data-index=\"0\" ><div\n\t\t\t\n\t\t\tclass=\"so-widget-sow-editor so-widget-sow-editor-base\"\n\t\t\t\n\t\t>\n<div class=\"siteorigin-widget-tinymce textwidget\">\n\t<p><!-- Legal document generated by Complianz | GDPR\/CCPA Cookie Consent https:\/\/wordpress.org\/plugins\/complianz-gdpr --><\/p>\n<div id=\"cmplz-document\" class=\"cmplz-document cookie-statement cmplz-document-eu\">\n<p><i>L&#039;actual pol\u00edtica es va finalitzar el 19 de juny de 2025 i forma part dels estatuts legals permanents de la ciutat i els residents de l&#039;Associaci\u00f3 Econ\u00f2mica Europea Espanyola a Su\u00efssa.<\/i><\/p>\n<h2>1. Introducci\u00f3<\/h2>\n<p>El nostre lloc web, <a href=\"https:\/\/www.costabrava-wandern.de\/ca\">https:\/\/www.costabrava-wandern.de\/ca<\/a> (d&#039;ara endavant &quot;el lloc web&quot;) utilitza galetes i old tecnologies relacionades (per comoditat, totes les tecnologies es denominen &quot;galetes&quot;). Les galetes tamb\u00e9 s\u00f3n col locades per tercers que hem contractat. En el document seg\u00fcent us informem sobre l&#039;\u00fas de les galeries al nostre lloc web.<\/p>\n<h2>2. Qu\u00e8 s\u00f3n les galetes?<\/h2>\n<p>Una galeta \u00e9s un fitxer petit i senzill que s&#039;envia juntament amb p\u00e0gines d&#039;aquest lloc web i que el vostre navegador emmagatzema al disc dur de l&#039;ordinador o un altre dispositiu. La informaci\u00f3 emmagatzemada en ell \u00e9s pot tornar com els nostres servidors o com servidors dels tercers corresponents durant una visita posterior.<\/p>\n<h2>3. Quins s\u00f3n els guions?<\/h2>\n<p>Un script \u00e9s una pe\u00e7a de codi de programari que s&#039;utilitza per a que el nostre web funcioni correctament i interactivament. Aquest codi s&#039;executa al nostre servidor o al vostre dispositiu.<\/p>\n<h2>4. Qu\u00e8 \u00e9s una web balisa?<\/h2>\n<p>Una balisa web (o una etiqueta de p\u00edxel) \u00e9s una petita i invisible pe\u00e7a de text o imatge en un lloc web que s&#039;utilitza per controlar el tr\u00e0nsit d&#039;un lloc web. Per fer-ho, s&#039;emmagazzemen diverses dades que utilitzen balises web.<\/p>\n<h2>5. Galetes<\/h2>\n<p class=\"cmplz-subtitle\">5.1 Galetes t\u00e8cniques o funcionals<\/p>\n<p>Algunes galetes asseguren que certes parts del lloc web funcionen correctament i que les prefer\u00e8ncies dels usuaris segueixen enviades conegudes. Useful galetes funcionals, us facilitem que visiteu el nostre lloc web. D&#039;aquesta manera, no cal que introdu\u00efu repetidament la mateixa informaci\u00f3 quan visiteu el nostre lloc web i, per exemple, els elements romanen al carret\u00f3 de la compra fins que h\u00e0giu pagat. Podem posar aquestes galetes sense el vostre consentiment.<\/p>\n<p class=\"cmplz-subtitle\">5.2 Cookies de marqueting\/seguiment<\/p>\n<p>Les galetes de m\u00e0rqueting\/seguiment are galetes o qualsevol altra forma d&#039;emmagatzematge local que s&#039;utilitza per crears d&#039;usuari per publicitat o per fer un seguiment de l&#039;usuari en aquest lloc web o en diversos llocs web amb finalitats de similars de m\u00e0rqueting.<\/p>\n<h2>6. Galetes col locades<\/h2>\n<div id=\"cmplz-cookies-overview\">\n<details class=\"cmplz-dropdown cmplz-service-desc cmplz-dropdown-cookiepolicy\">\n<summary class=\"cmplz-service-header\">\n<div>\n<h3>compliment<\/h3>\n<p>Funcional<\/p>\n<p>\t\t<label for=\"cmplz_service_complianz\" class=\"cmplz_consent_per_service_label\"><span class=\"screen-reader-text\">Consentiment al compliment del servei<\/span><\/label><br \/>\n\t\t<input type=\"checkbox\" id=\"cmplz_service_complianz\" class=\"cmplz-accept-service cmplz-hidden\" data-service=\"complianz\" data-category=\"functional\"><\/div>\n<\/summary>\n<div class=\"cmplz-service-description\">\n<h4>Nosaltres<\/h4>\n<p>Utilitzem Compliance per a la gesti\u00f3 del consentiment de cookies.<\/p>\n<\/p><\/div>\n<div class=\"cmplz-sharing-data\">\n<h4>Compartint dades<\/h4>\n<p>Aquestes dades no es comparteixen amb tercers. Per a m\u00e9s informaci\u00f3, llegiu si us plau la <a target=\"_blank\" rel=\"noopener noreferrer\" href=\"https:\/\/complianz.io\/legal\/privacy-statement\/\">pol\u00edtica de privadesa de compliment<\/a>.<\/p>\n<\/p><\/div>\n<div class=\"cookies-per-purpose\">\n<div class=\"purpose\">\n<h4>Funcional<\/h4>\n<\/div>\n<div class=\"name-header\">\n<h5>Nom<\/h5>\n<\/div>\n<div class=\"name\">cmplz_consented_services<\/div>\n<div class=\"retention-header\">\n<h5>caducitat<\/h5>\n<\/div>\n<div class=\"retention\">365 aix\u00f2<\/div>\n<div class=\"function-header\">\n<h5>Funci\u00f3<\/h5>\n<\/div>\n<div class=\"function\">Emmagatzemar les prefer\u00e8ncies de consentiment de galetes<\/div>\n<div class=\"name-header\">\n<h5>Nom<\/h5>\n<\/div>\n<div class=\"name\">cmplz_policy_id<\/div>\n<div class=\"retention-header\">\n<h5>caducitat<\/h5>\n<\/div>\n<div class=\"retention\">365 aix\u00f2<\/div>\n<div class=\"function-header\">\n<h5>Funci\u00f3<\/h5>\n<\/div>\n<div class=\"function\">Emmagatzemar l&#039;ID de la pol\u00edtica de cookies acceptada<\/div>\n<div class=\"name-header\">\n<h5>Nom<\/h5>\n<\/div>\n<div class=\"name\">cmplz_m\u00e0rqueting<\/div>\n<div class=\"retention-header\">\n<h5>caducitat<\/h5>\n<\/div>\n<div class=\"retention\">365 aix\u00f2<\/div>\n<div class=\"function-header\">\n<h5>Funci\u00f3<\/h5>\n<\/div>\n<div class=\"function\">Emmagatzemar les prefer\u00e8ncies de consentiment de galetes<\/div>\n<div class=\"name-header\">\n<h5>Nom<\/h5>\n<\/div>\n<div class=\"name\">cmplz_estad\u00edstiques<\/div>\n<div class=\"retention-header\">\n<h5>caducitat<\/h5>\n<\/div>\n<div class=\"retention\">365 aix\u00f2<\/div>\n<div class=\"function-header\">\n<h5>Funci\u00f3<\/h5>\n<\/div>\n<div class=\"function\">Emmagatzemar les prefer\u00e8ncies de consentiment de galetes<\/div>\n<div class=\"name-header\">\n<h5>Nom<\/h5>\n<\/div>\n<div class=\"name\">cmplz_preferences<\/div>\n<div class=\"retention-header\">\n<h5>caducitat<\/h5>\n<\/div>\n<div class=\"retention\">365 aix\u00f2<\/div>\n<div class=\"function-header\">\n<h5>Funci\u00f3<\/h5>\n<\/div>\n<div class=\"function\">Emmagatzemar les prefer\u00e8ncies de consentiment de galetes<\/div>\n<div class=\"name-header\">\n<h5>Nom<\/h5>\n<\/div>\n<div class=\"name\">cmplz_funcional<\/div>\n<div class=\"retention-header\">\n<h5>caducitat<\/h5>\n<\/div>\n<div class=\"retention\">365 aix\u00f2<\/div>\n<div class=\"function-header\">\n<h5>Funci\u00f3<\/h5>\n<\/div>\n<div class=\"function\">Emmagatzemar les prefer\u00e8ncies de consentiment de galetes<\/div>\n<div class=\"name-header\">\n<h5>Nom<\/h5>\n<\/div>\n<div class=\"name\">estat cmplz_banner<\/div>\n<div class=\"retention-header\">\n<h5>caducitat<\/h5>\n<\/div>\n<div class=\"retention\">365 aix\u00f2<\/div>\n<div class=\"function-header\">\n<h5>Funci\u00f3<\/h5>\n<\/div>\n<div class=\"function\">Emmagatzemar si el b\u00e0ner de galetes s&#039;ha descartat<\/div>\n<\/div>\n<\/details>\n<details class=\"cmplz-dropdown cmplz-service-desc cmplz-dropdown-cookiepolicy\">\n<summary class=\"cmplz-service-header\">\n<div>\n<h3>Desc\u00e0rregues digitals f\u00e0cils<\/h3>\n<p>Funcional<\/p>\n<p>\t\t<label for=\"cmplz_service_easy-digital-downloads\" class=\"cmplz_consent_per_service_label\"><span class=\"screen-reader-text\">Consentiment per al servei de desc\u00e0rregues digitals f\u00e0cils<\/span><\/label><br \/>\n\t\t<input type=\"checkbox\" id=\"cmplz_service_easy-digital-downloads\" class=\"cmplz-accept-service cmplz-hidden\" data-service=\"easy-digital-downloads\" data-category=\"functional\"><\/div>\n<\/summary>\n<div class=\"cmplz-service-description\">\n<h4>Nosaltres<\/h4>\n<p>Utilitzeu Easy Digital Downloads mitjan\u00e7ant un gest de la botiga web.<\/p>\n<\/p><\/div>\n<div class=\"cmplz-sharing-data\">\n<h4>Compartint dades<\/h4>\n<p>Aquestes dades no es comparteixen amb tercers.<\/p>\n<\/p><\/div>\n<div class=\"cookies-per-purpose\">\n<div class=\"purpose\">\n<h4>Funcional<\/h4>\n<\/div>\n<div class=\"name-header\">\n<h5>Nom<\/h5>\n<\/div>\n<div class=\"name\">edd_items_in_cart<\/div>\n<div class=\"retention-header\">\n<h5>caducitat<\/h5>\n<\/div>\n<div class=\"retention\">30 minuts<\/div>\n<div class=\"function-header\">\n<h5>Funci\u00f3<\/h5>\n<\/div>\n<div class=\"function\">Emmagatzema articles al llarg del carrer de la compra<\/div>\n<\/div>\n<\/details>\n<details class=\"cmplz-dropdown cmplz-service-desc cmplz-dropdown-cookiepolicy\">\n<summary class=\"cmplz-service-header\">\n<div>\n<h3>Diversos<\/h3>\n<p>Finalitat pendent d&#039;investigaci\u00f3<\/p>\n<p>\t\t<label for=\"cmplz_service_diversos\" class=\"cmplz_consent_per_service_label\"><span class=\"screen-reader-text\">Consentiment per a diversos serveis<\/span><\/label><br \/>\n\t\t<input type=\"checkbox\" id=\"cmplz_service_diversos\" class=\"cmplz-accept-service cmplz-hidden\" data-service=\"diversos\" data-category=\"functional\"><\/div>\n<\/summary>\n<div class=\"cmplz-service-description\">\n<h4>Nosaltres<\/h4>\n<\/p><\/div>\n<div class=\"cmplz-sharing-data\">\n<h4>Compartint dades<\/h4>\n<p>L&#039;intercanvi de dades est\u00e0 pendent d&#039;investigaci\u00f3<\/p>\n<\/p><\/div>\n<div class=\"cookies-per-purpose\">\n<div class=\"purpose\">\n<h4>Finalitat pendent d&#039;investigaci\u00f3<\/h4>\n<\/div>\n<div class=\"name-header\">\n<h5>Nom<\/h5>\n<\/div>\n<div class=\"name\">pppress_settings_data_active-tab<\/div>\n<div class=\"retention-header\">\n<h5>caducitat<\/h5>\n<\/div>\n<div class=\"retention\"><\/div>\n<div class=\"function-header\">\n<h5>Funci\u00f3<\/h5>\n<\/div>\n<div class=\"function\"><\/div>\n<div class=\"name-header\">\n<h5>Nom<\/h5>\n<\/div>\n<div class=\"name\">r\u00e0nquing-matem\u00e0tiques-opci\u00f3-\u00edndex-general<\/div>\n<div class=\"retention-header\">\n<h5>caducitat<\/h5>\n<\/div>\n<div class=\"retention\"><\/div>\n<div class=\"function-header\">\n<h5>Funci\u00f3<\/h5>\n<\/div>\n<div class=\"function\"><\/div>\n<div class=\"name-header\">\n<h5>Nom<\/h5>\n<\/div>\n<div class=\"name\">r\u00e0nquing-matem\u00e0tiques-opci\u00f3-\u00edndex del mapa del lloc<\/div>\n<div class=\"retention-header\">\n<h5>caducitat<\/h5>\n<\/div>\n<div class=\"retention\"><\/div>\n<div class=\"function-header\">\n<h5>Funci\u00f3<\/h5>\n<\/div>\n<div class=\"function\"><\/div>\n<div class=\"name-header\">\n<h5>Nom<\/h5>\n<\/div>\n<div class=\"name\">bulkSecret<\/div>\n<div class=\"retention-header\">\n<h5>caducitat<\/h5>\n<\/div>\n<div class=\"retention\"><\/div>\n<div class=\"function-header\">\n<h5>Funci\u00f3<\/h5>\n<\/div>\n<div class=\"function\"><\/div>\n<div class=\"name-header\">\n<h5>Nom<\/h5>\n<\/div>\n<div class=\"name\">r\u00e0nquing-matem\u00e0tiques-opci\u00f3-t\u00edtols-\u00edndex<\/div>\n<div class=\"retention-header\">\n<h5>caducitat<\/h5>\n<\/div>\n<div class=\"retention\"><\/div>\n<div class=\"function-header\">\n<h5>Funci\u00f3<\/h5>\n<\/div>\n<div class=\"function\"><\/div>\n<div class=\"name-header\">\n<h5>Nom<\/h5>\n<\/div>\n<div class=\"name\">r\u00e0nquing-matem\u00e0tiques-opci\u00f3-\u00edndex de cerca<\/div>\n<div class=\"retention-header\">\n<h5>caducitat<\/h5>\n<\/div>\n<div class=\"retention\"><\/div>\n<div class=\"function-header\">\n<h5>Funci\u00f3<\/h5>\n<\/div>\n<div class=\"function\"><\/div>\n<div class=\"name-header\">\n<h5>Nom<\/h5>\n<\/div>\n<div class=\"name\">tooltipPausa<\/div>\n<div class=\"retention-header\">\n<h5>caducitat<\/h5>\n<\/div>\n<div class=\"retention\"><\/div>\n<div class=\"function-header\">\n<h5>Funci\u00f3<\/h5>\n<\/div>\n<div class=\"function\"><\/div>\n<div class=\"name-header\">\n<h5>Nom<\/h5>\n<\/div>\n<div class=\"name\">WP_PREFERENCES_USER_1<\/div>\n<div class=\"retention-header\">\n<h5>caducitat<\/h5>\n<\/div>\n<div class=\"retention\"><\/div>\n<div class=\"function-header\">\n<h5>Funci\u00f3<\/h5>\n<\/div>\n<div class=\"function\"><\/div>\n<div class=\"name-header\">\n<h5>Nom<\/h5>\n<\/div>\n<div class=\"name\">WP_DATA_USER_1<\/div>\n<div class=\"retention-header\">\n<h5>caducitat<\/h5>\n<\/div>\n<div class=\"retention\"><\/div>\n<div class=\"function-header\">\n<h5>Funci\u00f3<\/h5>\n<\/div>\n<div class=\"function\"><\/div>\n<div class=\"name-header\">\n<h5>Nom<\/h5>\n<\/div>\n<div class=\"name\">NFWSESSID<\/div>\n<div class=\"retention-header\">\n<h5>caducitat<\/h5>\n<\/div>\n<div class=\"retention\"><\/div>\n<div class=\"function-header\">\n<h5>Funci\u00f3<\/h5>\n<\/div>\n<div class=\"function\"><\/div>\n<\/div>\n<\/details>\n<\/div>\n<h2>7. Consentiment<\/h2>\n<p>Quan visiteu el nostre lloc web per primera vegada, us mostrem un missatge emergent amb una explicaci\u00f3 sobre les cookies. Tan bon punt com feu clic a &quot;Save settings&quot;, ens consentiu a utilitzar les categories de cookies i extensions que heu seleccionat al missatge emergent, tal i com es descriu en aquesta Pol\u00edtica de cookies. Pots desactivar les cookies que has enviat al navegador, per\u00f2 tingueu en compte que pot ser que el nostre lloc web ja no funcioni correctament.<\/p>\n<p class=\"cmplz-subtitle\">7.1 Gestioneu la vostra configuraci\u00f3 de consentiment<\/p>\n<div id=\"cmplz-manage-consent-container-nojavascript\">Heu carregat la Pol\u00edtica de portes sense suport javascript. A AMP, podeu utilitzar el bot\u00f3 de gesti\u00f3 del consentiment a la part inferior de la p\u00e0gina.<\/div>\n<div id=\"cmplz-manage-consent-container\" class=\"cmplz-manage-consent-container\"><\/div>\n<h2>8. Activaci\u00f3\/desactivaci\u00f3 i eliminaci\u00f3 de galetes<\/h2>\n<p>Podeu utilitzar el navegador per esborrar les cookies autom\u00e0ticament o manualment. A m\u00e9s, podeu especificar que determinades cookies no segueixen col locades. Una altra opci\u00f3 \u00e9s canviar les prefer\u00e8ncies del vostre navegador per rebre un missatge cada cop que una cookie \u00e9s col locada. Per a m\u00e9s informaci\u00f3, podeu consultar les instruccions a l&#039;Ajuda del vostre navegador.<\/p>\n<p>Tingueu en compte que el nostre lloc web pot no funcionar correctament si totes les portes estan desactivades. Si suprimiu les galetes del navegador, se&#039;n crearan de noves despr\u00e9s del vostre consentiment quan torneu a visitar els nostres llocs web.<\/p>\n<h2>9. Els vostres drets respecten les dades personals<\/h2>\n<p>Teniu els drets segments respecte a les vostres dades personals:<\/p>\n<ul>\n<li>Teniu dret a saber per que es necessiten les vostres dades des personals, qu\u00e8 hi passar\u00e0 i quant de temps es conservaran.<\/li>\n<li>Dret d&#039;acc\u00e9s: teniu dret a accedir a les vostres dades personals que en s\u00f3n conegudes.<\/li>\n<li>Dret de rectificaci\u00f3: teniu dret a completar, corregir, suprimir o bloquejar les vostres dades personals sempre que ho desitgeu.<\/li>\n<li>Si ens doneu el consentiment per processar les vostres dades, teniu el dret de revocar aquest consentiment i de suprimir les vostres dades personals.<\/li>\n<li>Dret de transferir les vostres dades: teniu el dret de sol licitar totes les dades personals del controlador i transferir-les en la seva totalitat a un altre controlador.<\/li>\n<li>Dret a l&#039;oposici\u00f3: podeu oposar-vos al processament de les vostres dades. Complim amb aix\u00f2, tret que hi hagi motius justificats per al processament.<\/li>\n<\/ul>\n<p>Per exercici aquests drets, poseu-vos en contacte amb nosaltres. Consulteu les dades de contacte a la part inferior d&#039;aquesta Pol\u00edtica de cookies. Si teniu una queixa sobre com gesti\u00f3m les vostres dades, ens agradaria escoltar-vos, per\u00f2 tamb\u00e9 teniu el dret de presentar una reclamaci\u00f3 a l&#039;autoritat de supervisi\u00f3 (l&#039;Ag\u00e8ncia de Protecci\u00f3 de Dades).<\/p>\n<h2>10. Dades de contacte<\/h2>\n<p>Per a preguntes i\/o comentaris sobre la nostra Pol\u00edtica de Galetes i aquesta declaraci\u00f3, poseu-vos en contacte amb nosaltres mitjan\u00e7ant les seg\u00fcents dades de contacte:<\/p>\n<p><span class=\"cmplz-contact-organisation\">Frank Ehlers<\/span><br \/>\n                      <span class=\"cmplz-contact-address\">carrer federal 82<br \/>\n20144 Hamburg<\/span><br \/>\n                      <span class=\"cmplz-contact-country\">Alemanya<\/span><br \/>\n                      <span class=\"cmplz-contact-domain\">Lloc web: <a href=\"https:\/\/www.costabrava-wandern.de\/ca\">https:\/\/www.costabrava-wandern.de\/ca<\/a><\/span><br \/>\n                      <span class=\"cmplz-contact-email\">Correu electr\u00f2nic: <span class=\"cmplz-obfuscate\">info@<span class=\"cmplz-fmail-domain\">ex.com<\/span>wa&#110;dern&#100;e&#108;ux&#101;&#046;de<\/span><\/span><br \/>\n                    <span class=\"cmplz-contact-telephone\"><\/span><\/p>\n<p>Aquesta pol\u00edtica de galetes s&#039;ha sincronitzat amb <a href=\"https:\/\/cookiedatabase.org\/\" target=\"_blank\" rel=\"noopener\">cookiedatabase.org<\/a> 28 d&#039;abril de 2025.<\/p>\n<\/div>\n<\/div>\n<\/div><\/div><div id=\"panel-25646-0-0-1\" class=\"widget_text so-panel widget widget_custom_html panel-last-child\" data-index=\"1\" ><h3 class=\"widget-title\">Gestioneu la configuraci\u00f3 de les galetes<\/h3><div class=\"textwidget custom-html-widget\">Heu donat el vostre consentiment a les seg\u00fcents categories de galetes:\n<div id=\"cmplz-manage-consent-container-nojavascript\">Heu carregat la Pol\u00edtica de portes sense suport javascript. A AMP, podeu utilitzar el bot\u00f3 de gesti\u00f3 del consentiment a la part inferior de la p\u00e0gina.<\/div><div id=\"cmplz-manage-consent-container\" name=\"cmplz-manage-consent-container\" class=\"cmplz-manage-consent-container\"><\/div>\nPots revocar o tornar a donar el teu consentiment en qualsevol moment:\n<style>.cmplz-status-accepted,.cmplz-status-denied {display: none;}<\/style>\n\t\t\t\t<script>\n\t\t\t\tdocument.addEventListener('cmplz_before_cookiebanner', function(){\n                    if (cmplz_has_consent('marketing')) {\n\t\t\t\t        document.querySelector('.cmplz-status-accepted').style.display = 'block';\n\t\t\t\t        document.querySelector('.cmplz-status-denied').style.display = 'none';\n\t\t\t\t    } else {\n\t\t\t\t\t\tdocument.querySelector('.cmplz-status-accepted').style.display = 'none';\n\t\t\t\t        document.querySelector('.cmplz-status-denied').style.display = 'block';\n\t\t\t\t\t\tdocument.querySelector('.cmplz-revoke-custom').setAttribute('disabled', true);\n\n\t\t\t\t    }\n                    document.addEventListener('click', e => {\n\t\t\t\t\t\tif ( e.target.closest('.cmplz-revoke-custom') ) {\n\t\t\t\t\t\t\tdocument.querySelector('.cmplz-revoke-custom').setAttribute('disabled', true);\n                            cmplz_set_banner_status('dismissed');\n\t\t\t\t\t\t}\n\t\t\t\t\t});\n                    document.addEventListener('click', e => {\n\t\t\t\t\t\tif ( e.target.closest('.cmplz-accept') ) {\n                            document.querySelector('.cmplz-status-accepted').style.display = 'block';\n\t\t\t\t        \tdocument.querySelector('.cmplz-status-denied').style.display = 'none';\n\t\t\t\t\t\t\tdocument.querySelector('.cmplz-revoke-custom').removeAttribute('disabled');\n\t\t\t\t\t\t}\n\t\t\t\t\t});\n\t\t\t\t});\n\t\t\t<\/script><button class=\"cmplz-deny cmplz-revoke-custom\">Revocar el consentiment de les galetes<\/button>&nbsp;<span class=\"cmplz-status-accepted\">Estat actual: Acceptat<\/span><span class=\"cmplz-status-denied\">Estat actual: negatiu<\/span>\n\n<div class=\"cmplz-custom-accept-btn cmplz-accept\"><a href=\"#\">Concedeix el consentiment de les galetes<\/a><\/div>\n<\/div><\/div><\/div><\/div><\/div>","protected":false},"excerpt":{"rendered":"<p>Aquesta pol\u00edtica de galetes es va actualitzar per \u00faltima vegada el 19. juny 2025 i s\u2019aplica a ciutadans i residents legals permanents de l&#8217;Espai Econ\u00f2mic Europeu i Su\u00efssa. 1. Introducci\u00f3 El nostre lloc web, https:\/\/www.costabrava-wandern.de\/ca (d&#8217;ara endavant &#8222;el lloc web&#8220;) utilitza galetes i altres tecnologies relacionades (per comoditat, totes les tecnologies es denominen &#8222;galetes&#8220;). Les [&hellip;]<\/p>\n","protected":false},"author":1,"featured_media":0,"parent":0,"menu_order":0,"comment_status":"closed","ping_status":"closed","template":"","meta":{"footnotes":""},"class_list":["post-25646","page","type-page","status-publish","hentry","post"],"_links":{"self":[{"href":"https:\/\/www.costabrava-wandern.de\/ca\/wp-json\/wp\/v2\/pages\/25646","targetHints":{"allow":["GET"]}}],"collection":[{"href":"https:\/\/www.costabrava-wandern.de\/ca\/wp-json\/wp\/v2\/pages"}],"about":[{"href":"https:\/\/www.costabrava-wandern.de\/ca\/wp-json\/wp\/v2\/types\/page"}],"author":[{"embeddable":true,"href":"https:\/\/www.costabrava-wandern.de\/ca\/wp-json\/wp\/v2\/users\/1"}],"replies":[{"embeddable":true,"href":"https:\/\/www.costabrava-wandern.de\/ca\/wp-json\/wp\/v2\/comments?post=25646"}],"version-history":[{"count":4,"href":"https:\/\/www.costabrava-wandern.de\/ca\/wp-json\/wp\/v2\/pages\/25646\/revisions"}],"predecessor-version":[{"id":38712,"href":"https:\/\/www.costabrava-wandern.de\/ca\/wp-json\/wp\/v2\/pages\/25646\/revisions\/38712"}],"wp:attachment":[{"href":"https:\/\/www.costabrava-wandern.de\/ca\/wp-json\/wp\/v2\/media?parent=25646"}],"curies":[{"name":"wp","href":"https:\/\/api.w.org\/{rel}","templated":true}]}}