{"id":28,"date":"2016-02-16T18:49:36","date_gmt":"2016-02-16T18:49:36","guid":{"rendered":"https:\/\/www.costabrava-wandern.de\/?page_id=28"},"modified":"2025-04-28T17:27:51","modified_gmt":"2025-04-28T15:27:51","slug":"privadesa","status":"publish","type":"page","link":"https:\/\/www.costabrava-wandern.de\/ca\/datenschutz\/","title":{"rendered":"Protecci\u00f3 de dades"},"content":{"rendered":"<div id=\"pl-28\"  class=\"panel-layout\" ><div id=\"pg-28-0\"  class=\"panel-grid panel-no-style\" ><div id=\"pgc-28-0-0\"  class=\"panel-grid-cell\" ><div id=\"panel-28-0-0-0\" class=\"so-panel widget widget_sow-editor panel-first-child\" data-index=\"0\" ><div\n\t\t\t\n\t\t\tclass=\"so-widget-sow-editor so-widget-sow-editor-base\"\n\t\t\t\n\t\t>\n<div class=\"siteorigin-widget-tinymce textwidget\">\n\t<p>Quan utilitzeu el nostre lloc web, les dades personals en el sentit de la Llei federal alemanya de protecci\u00f3 de dades i el Reglament general europeu de protecci\u00f3 de dades (EU-GDPR) es recullen i s&#039;emmagatzemen de diverses maneres. Aix\u00f2 es fa de diferents maneres segons l&#039;\u00e0rea d&#039;\u00fas:<\/p>\n<p><strong>Desc\u00e0rregues<\/strong><\/p>\n<p>Oferim desc\u00e0rregues d&#039;arxius al nostre lloc web. Les &quot;cookies&quot; (petits fitxers de text que s&#039;emmagatzemen al vostre ordinador pel navegador) s&#039;utilitzen per a la mem\u00f2ria cau del contingut del carret\u00f3 de la compra. En el proc\u00e9s de comanda posterior, recollim la vostra adre\u00e7a de correu electr\u00f2nic per enviar-vos els enlla\u00e7os de desc\u00e0rrega desitjats una vegada per correu electr\u00f2nic. L&#039;especificaci\u00f3 del cognom i el nom \u00e9s opcional. El programa &quot;Easy Digital Downloads&quot; o connector de WordPress que fem servir per a la desc\u00e0rrega de fitxers emmagatzema la seg\u00fcent informaci\u00f3 a la nostra base de dades: adre\u00e7a de correu electr\u00f2nic, cognoms i nom (si ho indiqueu), els fitxers de desc\u00e0rrega seleccionats (carret\u00f3 de la compra) i historial de desc\u00e0rregues. (un registre de quan i amb quina freq\u00fc\u00e8ncia heu baixat quins fitxers). Aquest emmagatzematge de dades s&#039;utilitza per al processament automatitzat de les vostres sol\u00b7licituds de desc\u00e0rrega de fitxers i per a avaluacions estad\u00edstiques. A la vostra sol\u00b7licitud, esborrarem les vostres dades personals de la nostra base de dades.<\/p>\n<p><strong>Comentaris<\/strong><\/p>\n<p>Si deixeu una contribuci\u00f3 o comentari en aquest lloc web, el vostre nom, la vostra adre\u00e7a de correu electr\u00f2nic i, si ho heu introdu\u00eft al formulari, possiblement tamb\u00e9 el vostre lloc web quedar\u00e0 emmagatzemat amb nosaltres. La vostra adre\u00e7a de correu electr\u00f2nic no \u00e9s visible p\u00fablicament, per\u00f2 la podem utilitzar per a preguntes o respostes relacionades amb el vostre comentari. Si voleu que se suprimeixi un comentari que heu introdu\u00eft, feu-nos-ho saber per correu electr\u00f2nic.<\/p>\n<p><strong>Subscriu-te a les notificacions sobre comentaris<\/strong><\/p>\n<p>Independentment de l&#039;opci\u00f3 de deixar comentaris al lloc web vost\u00e8 mateix, tamb\u00e9 hi ha l&#039;opci\u00f3 de ser notificats per nosaltres dels nous comentaris en una publicaci\u00f3 per correu electr\u00f2nic. En aquest cas, desem la teva adre\u00e7a de correu electr\u00f2nic i la contribuci\u00f3 o contribucions a les quals t&#039;agradaria subscriure&#039;t als comentaris. Per motius de seguretat, has de confirmar el teu consentiment mitjan\u00e7ant l&#039;anomenat procediment de doble opt-in. Podeu eliminar les vostres subscripcions de notificacions en qualsevol moment; els enlla\u00e7os de cancel\u00b7laci\u00f3 corresponents s&#039;inclouen a cada correu electr\u00f2nic de notificaci\u00f3.<\/p>\n<p><strong>Formulari de contacte \/ Correus electr\u00f2nics<\/strong><\/p>\n<p>Si us poseu en contacte amb nosaltres a trav\u00e9s del correu electr\u00f2nic o del formulari de contacte amb dubtes de qualsevol tipus, doneu-nos el vostre consentiment voluntari amb la finalitat d&#039;establir el contacte. Aix\u00f2 requereix l&#039;especificaci\u00f3 d&#039;una adre\u00e7a de correu electr\u00f2nic v\u00e0lida. S&#039;utilitza per assignar la sol\u00b7licitud i despr\u00e9s per respondre-la. Proporcionar m\u00e9s dades \u00e9s opcional. La informaci\u00f3 que proporcioneu s&#039;emmagatzemar\u00e0 amb la finalitat de processar la sol\u00b7licitud i per a possibles preguntes de seguiment.<\/p>\n<p><strong>\u00das de Google Maps<\/strong><\/p>\n<p>Aquest lloc web utilitza l&#039;API de Google Maps per mostrar visualment informaci\u00f3 geogr\u00e0fica. Quan utilitza Google Maps, Google tamb\u00e9 recopila, processa i utilitza dades sobre l&#039;\u00fas de les funcions del mapa per part dels visitants. Podeu trobar m\u00e9s informaci\u00f3 sobre el tractament de dades per part de Google <a href=\"http:\/\/www.google.com\/privacypolicy.html\" target=\"_blank\" rel=\"noopener\">la pol\u00edtica de privadesa de Google<\/a> eliminar. All\u00e0 tamb\u00e9 podeu canviar la configuraci\u00f3 de protecci\u00f3 de dades personals al centre de protecci\u00f3 de dades.<\/p>\n<p>Instruccions detallades sobre com gestionar les vostres pr\u00f2pies dades en relaci\u00f3 amb els productes de Google<a href=\"http:\/\/www.dataliberation.org\/\" target=\"_blank\" rel=\"noopener\"> Trobareu aqu\u00ed<\/a>.<\/p>\n<p><strong>Ubicaci\u00f3 \/ geolocalitzaci\u00f3<\/strong><\/p>\n<p>Amb els mapes basats en OpenStreetMap integrats al nostre lloc web, oferim opcionalment l&#039;opci\u00f3 de mostrar la vostra pr\u00f2pia ubicaci\u00f3 al mapa. Aquesta \u00e9s una funcionalitat de l&#039;anomenat est\u00e0ndard HTML 5. Abans de sol\u00b7licitar les vostres dades d&#039;ubicaci\u00f3, el vostre navegador us demanar\u00e0 el vostre consentiment expl\u00edcit. No avaluem la vostra ubicaci\u00f3 transmesa d&#039;aquesta manera. La determinaci\u00f3 de la ubicaci\u00f3 nom\u00e9s serveix per mostrar-vos la secci\u00f3 del mapa al voltant de la vostra posici\u00f3 actual.<\/p>\n<\/div>\n<\/div><\/div><div id=\"panel-28-0-0-1\" class=\"so-panel widget widget_sow-editor\" data-index=\"1\" ><div\n\t\t\t\n\t\t\tclass=\"so-widget-sow-editor so-widget-sow-editor-base\"\n\t\t\t\n\t\t>\n<div class=\"siteorigin-widget-tinymce textwidget\">\n\t<p><strong>Participaci\u00f3 en programes de socis afiliats<\/strong><\/p>\n<p><span class=\"ts-muster-content\">Dins de la nostra oferta en l\u00ednia, utilitzem mesures de seguiment que s\u00f3n habituals al sector sobre la base dels nostres interessos leg\u00edtims (\u00e9s a dir, inter\u00e8s en l&#039;an\u00e0lisi, optimitzaci\u00f3 i funcionament econ\u00f2mic de la nostra oferta en l\u00ednia) d&#039;acord amb l&#039;article 6, par\u00e0graf 1 lit. A continuaci\u00f3, expliquem els antecedents t\u00e8cnics als usuaris.<\/span><\/p>\n<p>Els serveis oferts pels nostres socis contractuals tamb\u00e9 es poden anunciar i enlla\u00e7ar en altres llocs web (els anomenats enlla\u00e7os d&#039;afiliats o sistemes de compra posterior, si, per exemple, s&#039;ofereixen enlla\u00e7os o serveis de tercers despr\u00e9s de la celebraci\u00f3 d&#039;un contracte). Els operadors dels respectius llocs web reben una comissi\u00f3 si els usuaris segueixen els enlla\u00e7os d&#039;afiliats i despr\u00e9s aprofiten les ofertes.<\/p>\n<p>En resum, per a la nostra oferta en l\u00ednia \u00e9s necessari que puguem rastrejar si els usuaris interessats en els enlla\u00e7os d&#039;afiliats i\/o les ofertes disponibles per nosaltres perceben posteriorment les ofertes a inst\u00e0ncies dels enlla\u00e7os d&#039;afiliats o la nostra plataforma en l\u00ednia. Amb aquesta finalitat, els enlla\u00e7os d&#039;afiliats i les nostres ofertes es complementen amb determinats valors que es poden establir com a part de l&#039;enlla\u00e7 o d&#039;una altra manera, per exemple, en una galeta. Els valors inclouen, en particular, el lloc web d&#039;origen (referent), l&#039;hora, un identificador en l\u00ednia de l&#039;operador del lloc web on es trobava l&#039;enlla\u00e7 d&#039;afiliat, un identificador en l\u00ednia de l&#039;oferta respectiva, un identificador en l\u00ednia de l&#039;usuari, aix\u00ed com com el seguiment de valors espec\u00edfics, com ara l&#039;identificador de mitjans publicitaris, l&#039;identificador de soci i les categoritzacions.<\/p>\n<p>Els ID d&#039;usuari en l\u00ednia que fem servir s\u00f3n valors pseud\u00f2nims. Aix\u00f2 vol dir que els mateixos identificadors en l\u00ednia no contenen cap dada personal, com ara noms o adreces de correu electr\u00f2nic. Nom\u00e9s ens ajuden a determinar si el mateix usuari que va fer clic en un enlla\u00e7 d&#039;afiliat o estava interessat en una oferta a trav\u00e9s de la nostra oferta en l\u00ednia ha aprofitat l&#039;oferta, \u00e9s a dir, ha celebrat un contracte amb el prove\u00efdor, per exemple. Tanmateix, l&#039;identificador en l\u00ednia \u00e9s personal en la mesura que l&#039;empresa col\u00b7laboradora i tamb\u00e9 nosaltres tenim l&#039;identificador en l\u00ednia juntament amb altres dades d&#039;usuari. Nom\u00e9s aix\u00ed l&#039;empresa col\u00b7laboradora ens pot dir si l&#039;usuari ha aprofitat l&#039;oferta i si podem, per exemple, rebre la bonificaci\u00f3.<\/p>\n<p><strong>Programa d&#039;afiliats de Booking.com<\/strong><\/p>\n<p><span class=\"ts-muster-content\">Sobre la base dels nostres interessos leg\u00edtims (\u00e9s a dir, l&#039;inter\u00e8s en el funcionament econ\u00f2mic de la nostra oferta en l\u00ednia en el sentit de l&#039;art. 6, par\u00e0graf 1, lletra f. GDPR), som participants del programa de socis de Booking.com, dissenyat per proporcionar un mitj\u00e0 per als llocs web mitjan\u00e7ant el qual es pot obtenir un reemborsament de publicitat col\u00b7locant anuncis i enlla\u00e7os a Booking.com (l&#039;anomenat sistema d&#039;afiliaci\u00f3). Booking.com utilitza cookies per fer un seguiment de l&#039;origen de les reserves. Entre altres coses, Booking.com pot recon\u00e8ixer que has fet clic a l&#039;enlla\u00e7 del soci d&#039;aquest lloc web i despr\u00e9s has fet una reserva amb Booking.com.<\/span><\/p>\n<p>Per obtenir m\u00e9s informaci\u00f3 sobre com utilitza Booking.com les dades i com pots oposar-te, consulta la pol\u00edtica de privadesa de l&#039;empresa: <a href=\"https:\/\/www.booking.com\/content\/privacy.de.html\" target=\"_blank\" rel=\"noopener\">https:\/\/www.booking.com\/content\/privacy.de.html<\/a>.<\/p>\n<p><strong>Programa d&#039;afiliaci\u00f3 d&#039;Amazon<\/strong><\/p>\n<p><span class=\"ts-muster-content\">Sobre la base dels nostres interessos leg\u00edtims (\u00e9s a dir, l&#039;inter\u00e8s en el funcionament econ\u00f2mic de la nostra oferta en l\u00ednia en el sentit de l&#039;art. 6, par\u00e0graf 1, lletra f. GDPR), som participants del programa de socis d&#039;Amazon UE, que va ser dissenyat per oferir un mitj\u00e0 per a llocs web mitjan\u00e7ant el qual es pot obtenir la col\u00b7locaci\u00f3 d&#039;anuncis i enlla\u00e7os a un reemborsament de publicitat d&#039;Amazon.de (l&#039;anomenat sistema d&#039;afiliaci\u00f3). Aix\u00f2 vol dir que com a soci d&#039;Amazon, guanyem de les compres que compleixin els requisits.<\/span><\/p>\n<p>Amazon utilitza cookies per poder rastrejar l&#039;origen de les comandes. Entre altres coses, Amazon pot recon\u00e8ixer que heu fet clic a l&#039;enlla\u00e7 del soci d&#039;aquest lloc web i despr\u00e9s heu comprat un producte d&#039;Amazon.<\/p>\n<p>Podeu trobar m\u00e9s informaci\u00f3 sobre l&#039;\u00fas de les dades per part d&#039;Amazon i la possibilitat d&#039;oposici\u00f3 a la declaraci\u00f3 de protecci\u00f3 de dades de l&#039;empresa: <a href=\"https:\/\/www.amazon.de\/gp\/help\/customer\/display.html?nodeId=201909010\" target=\"_blank\" rel=\"noopener\">https:\/\/www.amazon.de\/gp\/help\/customer\/display.html?nodeId=201909010<\/a>.<\/p>\n<p>Nota: Amazon i el logotip d&#039;Amazon s\u00f3n marques comercials d&#039;Amazon.com, Inc. o d&#039;una de les seves filials.<\/p>\n<\/div>\n<\/div><\/div><div id=\"panel-28-0-0-2\" class=\"so-panel widget widget_sow-editor\" data-index=\"2\" ><div\n\t\t\t\n\t\t\tclass=\"so-widget-sow-editor so-widget-sow-editor-base\"\n\t\t\t\n\t\t>\n<div class=\"siteorigin-widget-tinymce textwidget\">\n\t<p><strong>galetes<\/strong><\/p>\n<p>Aquest lloc utilitza cookies. Aquests s\u00f3n petits fitxers de text que s&#039;emmagatzemen al dispositiu final. El vostre navegador accedeix a aquests fitxers. L&#039;\u00fas de cookies augmenta la facilitat d&#039;\u00fas i la seguretat d&#039;aquest lloc web. Tamb\u00e9 fem servir galetes en relaci\u00f3 amb Google Analytics. Els navegadors habituals ofereixen l&#039;opci\u00f3 de configuraci\u00f3 per no permetre les galetes. Nota: no hi ha cap garantia que pugueu accedir a totes les funcions d&#039;aquest lloc web sense restriccions si feu la configuraci\u00f3 adequada.<\/p>\n<p><strong>Fitxers de registre del servidor \/ dades d&#039;acc\u00e9s<\/strong><\/p>\n<p>Nosaltres o el nostre prove\u00efdor del lloc recopilem dades sobre l&#039;acc\u00e9s al lloc i les desem com a &quot;fitxers de registre del servidor&quot;. Les dades seg\u00fcents es registren d&#039;aquesta manera:<br \/>\n- Lloc web visitat<br \/>\n- Hora en el moment de l&#039;acc\u00e9s<br \/>\n- Quantitat de dades enviades en bytes<br \/>\n- Font\/refer\u00e8ncia de la qual heu arribat a la p\u00e0gina<br \/>\n- Navegador utilitzat<br \/>\n- Sistema operatiu utilitzat<br \/>\n- Adre\u00e7a IP utilitzada de forma an\u00f2nima<br \/>\nLes dades recollides nom\u00e9s s&#039;utilitzen per a avaluacions estad\u00edstiques i per millorar el lloc web i s&#039;eliminen autom\u00e0ticament al cap de 7 dies.<\/p>\n<p><strong>Canvia a la nostra pol\u00edtica de privadesa<\/strong><\/p>\n<p>Ens reservem el dret d&#039;adaptar aquesta declaraci\u00f3 de protecci\u00f3 de dades de manera que es correspongui sempre amb els requisits legals vigents o d&#039;implementar canvis en els nostres serveis a la declaraci\u00f3 de protecci\u00f3 de dades, per exemple, quan s&#039;introdueixin nous serveis. La nova declaraci\u00f3 de protecci\u00f3 de dades s&#039;aplicar\u00e0 a la vostra propera visita.<\/p>\n<p><strong>Drets de l&#039;usuari: informaci\u00f3, rectificaci\u00f3 i supressi\u00f3<\/strong><\/p>\n<p>A petici\u00f3, vost\u00e8 com a usuari rebr\u00e0 informaci\u00f3 gratu\u00efta sobre quines dades personals s&#039;han emmagatzemat sobre vost\u00e8. Si la vostra sol\u00b7licitud no entra en conflicte amb l&#039;obligaci\u00f3 legal d&#039;emmagatzemar dades (per exemple, la retenci\u00f3 de dades), teniu dret a que es corregin les dades incorrectes i que es bloquegin o esborrin les vostres dades personals.<\/p>\n<\/div>\n<\/div><\/div><div id=\"panel-28-0-0-3\" class=\"so-panel widget widget_sow-editor panel-last-child\" data-index=\"3\" ><div\n\t\t\t\n\t\t\tclass=\"so-widget-sow-editor so-widget-sow-editor-base\"\n\t\t\t\n\t\t>\n<div class=\"siteorigin-widget-tinymce textwidget\">\n\t<p><a class=\"dsg1-6\" href=\"https:\/\/datenschutz-generator.de\" target=\"_blank\" rel=\"nofollow noopener\">Creat amb Datenschutz-Generator.de per RA Dr. Thomas Schwenke<\/a> i personalitzat pel propietari del lloc.<\/p>\n<p><strong>Altres fonts utilitzades:<\/strong><\/p>\n<p><a href=\"http:\/\/www.datenschutzbeauftragter-info.de\" target=\"_blank\" rel=\"noopener\">www.datenschutzbeauftragter-info.de<\/a><a href=\"http:\/\/datenschutz.org\" target=\"_blank\" rel=\"noopener\">,\u00a0<\/a><a href=\"http:\/\/datenschutz.org\" target=\"_blank\" rel=\"noopener\">datenschutz.org<\/a><a href=\"http:\/\/datenschutz.org\" target=\"_blank\" rel=\"noopener\">, <\/a><a href=\"https:\/\/www.activemind.de\/datenschutz\/datenschutzhinweis-generator\/\" target=\"_blank\" rel=\"noopener\"><em>Generador de declaracions de protecci\u00f3 de dades d&#039;activeMind AG<\/em><\/a><\/p>\n<\/div>\n<\/div><\/div><\/div><\/div><\/div>","protected":false},"excerpt":{"rendered":"<p>Bei der Nutzung unserer Website werden auf verschiedene Weise personenbezogene Daten im Sinne des deutschen Bundesdatenschutzgesetzes bzw. der europ\u00e4ischen Datenschutzgrundverordnung (EU-DSGVO) erhoben und gespeichert. Dies geschieht je nach Nutzungsbereich auf unterschiedliche Weise: Downloads Auf unserer Website bieten wir Datei-Downloads an. Um den Warenkorb-Inhalt zwischenzuspeichern, werden &#8222;Cookies&#8220; verwendet (kleine Textdateien, die durch den Browser auf Ihrem [&hellip;]<\/p>\n","protected":false},"author":1,"featured_media":0,"parent":0,"menu_order":0,"comment_status":"closed","ping_status":"closed","template":"","meta":{"footnotes":""},"class_list":["post-28","page","type-page","status-publish","hentry","post"],"_links":{"self":[{"href":"https:\/\/www.costabrava-wandern.de\/ca\/wp-json\/wp\/v2\/pages\/28","targetHints":{"allow":["GET"]}}],"collection":[{"href":"https:\/\/www.costabrava-wandern.de\/ca\/wp-json\/wp\/v2\/pages"}],"about":[{"href":"https:\/\/www.costabrava-wandern.de\/ca\/wp-json\/wp\/v2\/types\/page"}],"author":[{"embeddable":true,"href":"https:\/\/www.costabrava-wandern.de\/ca\/wp-json\/wp\/v2\/users\/1"}],"replies":[{"embeddable":true,"href":"https:\/\/www.costabrava-wandern.de\/ca\/wp-json\/wp\/v2\/comments?post=28"}],"version-history":[{"count":15,"href":"https:\/\/www.costabrava-wandern.de\/ca\/wp-json\/wp\/v2\/pages\/28\/revisions"}],"predecessor-version":[{"id":38713,"href":"https:\/\/www.costabrava-wandern.de\/ca\/wp-json\/wp\/v2\/pages\/28\/revisions\/38713"}],"wp:attachment":[{"href":"https:\/\/www.costabrava-wandern.de\/ca\/wp-json\/wp\/v2\/media?parent=28"}],"curies":[{"name":"wp","href":"https:\/\/api.w.org\/{rel}","templated":true}]}}