{"id":18,"date":"2016-02-15T19:58:05","date_gmt":"2016-02-15T19:58:05","guid":{"rendered":"https:\/\/www.costabrava-wandern.de\/?page_id=18"},"modified":"2023-09-10T09:53:23","modified_gmt":"2023-09-10T07:53:23","slug":"startseite","status":"publish","type":"page","link":"https:\/\/www.costabrava-wandern.de\/en\/","title":{"rendered":"Homepage"},"content":{"rendered":"<div id=\"pl-18\"  class=\"panel-layout\" ><div id=\"pg-18-0\"  class=\"panel-grid panel-no-style\" ><div id=\"pgc-18-0-0\"  class=\"panel-grid-cell\" ><div id=\"panel-18-0-0-0\" class=\"so-panel widget widget_circleicon-widget panel-first-child panel-last-child\" data-index=\"0\" >\t\t<div class=\"circle-icon-box circle-icon-position-top circle-icon-hide-box circle-icon-size-small\">\n\t\t\t<div class=\"circle-icon-wrapper\">\n\t\t\t\t<a href=\"https:\/\/www.costabrava-wandern.de\/en\/category\/gr-92-highlights\/\" class=\"link-icon\" >\t\t\t\t<div class=\"circle-icon icon-style-set\" style=\"background-color: #bfbfbf\">\n\t\t\t\t\t<div class=\"fa fa-camera icon-color-set\" ><\/div>\t\t\t\t<\/div>\n\t\t\t\t<\/a>\t\t\t<\/div>\n\n\t\t\t<a href=\"https:\/\/www.costabrava-wandern.de\/en\/category\/gr-92-highlights\/\" class=\"link-title\" >\t\t\t<h4 >Highlights<\/h4>\t\t\t<\/a>\n\t\t\t<p class=\"text\" >Scenic hiking trails, picturesque bays<\/p>\t\t\t\t\t\t\t<a href=\"https:\/\/www.costabrava-wandern.de\/en\/category\/gr-92-highlights\/\" class=\"more-button\" >more <i><\/i><\/a>\n\t\t\t\t\t<\/div>\n\t\t<\/div><\/div><div id=\"pgc-18-0-1\"  class=\"panel-grid-cell\" ><div id=\"panel-18-0-1-0\" class=\"so-panel widget widget_circleicon-widget panel-first-child panel-last-child\" data-index=\"1\" >\t\t<div class=\"circle-icon-box circle-icon-position-top circle-icon-hide-box circle-icon-size-small\">\n\t\t\t<div class=\"circle-icon-wrapper\">\n\t\t\t\t<a href=\"https:\/\/www.costabrava-wandern.de\/en\/category\/gr-92-stages\/\" class=\"link-icon\" >\t\t\t\t<div class=\"circle-icon icon-style-set\" style=\"background-color: #bfbfbf\">\n\t\t\t\t\t<div class=\"fa fa-th-list icon-color-set\" ><\/div>\t\t\t\t<\/div>\n\t\t\t\t<\/a>\t\t\t<\/div>\n\n\t\t\t<a href=\"https:\/\/www.costabrava-wandern.de\/en\/category\/gr-92-stages\/\" class=\"link-title\" >\t\t\t<h4 >Stages<\/h4>\t\t\t<\/a>\n\t\t\t<p class=\"text\" >Overview of the individual stages<\/p>\t\t\t\t\t\t\t<a href=\"https:\/\/www.costabrava-wandern.de\/en\/category\/gr-92-stages\/\" class=\"more-button\" >more <i><\/i><\/a>\n\t\t\t\t\t<\/div>\n\t\t<\/div><\/div><div id=\"pgc-18-0-2\"  class=\"panel-grid-cell\" ><div id=\"panel-18-0-2-0\" class=\"so-panel widget widget_circleicon-widget panel-first-child panel-last-child\" data-index=\"2\" >\t\t<div class=\"circle-icon-box circle-icon-position-top circle-icon-hide-box circle-icon-size-small\">\n\t\t\t<div class=\"circle-icon-wrapper\">\n\t\t\t\t<a href=\"https:\/\/www.costabrava-wandern.de\/en\/category\/gr-92-accomodations\/\" class=\"link-icon\" >\t\t\t\t<div class=\"circle-icon icon-style-set\" style=\"background-color: #bfbfbf\">\n\t\t\t\t\t<div class=\"fa fa-bed icon-color-set\" ><\/div>\t\t\t\t<\/div>\n\t\t\t\t<\/a>\t\t\t<\/div>\n\n\t\t\t<a href=\"https:\/\/www.costabrava-wandern.de\/en\/category\/gr-92-accomodations\/\" class=\"link-title\" >\t\t\t<h4 >Accommodation<\/h4>\t\t\t<\/a>\n\t\t\t<p class=\"text\" >Selected hotels and guesthouses, planning aid for booking<\/p>\t\t\t\t\t\t\t<a href=\"https:\/\/www.costabrava-wandern.de\/en\/category\/gr-92-accomodations\/\" class=\"more-button\" >more <i><\/i><\/a>\n\t\t\t\t\t<\/div>\n\t\t<\/div><\/div><div id=\"pgc-18-0-3\"  class=\"panel-grid-cell\" ><div id=\"panel-18-0-3-0\" class=\"so-panel widget widget_circleicon-widget panel-first-child panel-last-child\" data-index=\"3\" >\t\t<div class=\"circle-icon-box circle-icon-position-top circle-icon-hide-box circle-icon-size-small\">\n\t\t\t<div class=\"circle-icon-wrapper\">\n\t\t\t\t<a href=\"https:\/\/www.costabrava-wandern.de\/en\/category\/map-material\/\" class=\"link-icon\" >\t\t\t\t<div class=\"circle-icon icon-style-set\" style=\"background-color: #bfbfbf\">\n\t\t\t\t\t<div class=\"fa fa-compass icon-color-set\" ><\/div>\t\t\t\t<\/div>\n\t\t\t\t<\/a>\t\t\t<\/div>\n\n\t\t\t<a href=\"https:\/\/www.costabrava-wandern.de\/en\/category\/map-material\/\" class=\"link-title\" >\t\t\t<h4 >Map material<\/h4>\t\t\t<\/a>\n\t\t\t<p class=\"text\" >Maps and route downloads<\/p>\t\t\t\t\t\t\t<a href=\"https:\/\/www.costabrava-wandern.de\/en\/category\/map-material\/\" class=\"more-button\" >more <i><\/i><\/a>\n\t\t\t\t\t<\/div>\n\t\t<\/div><\/div><div id=\"pgc-18-0-4\"  class=\"panel-grid-cell\" ><div id=\"panel-18-0-4-0\" class=\"so-panel widget widget_circleicon-widget panel-first-child panel-last-child\" data-index=\"4\" >\t\t<div class=\"circle-icon-box circle-icon-position-top circle-icon-hide-box circle-icon-size-small\">\n\t\t\t<div class=\"circle-icon-wrapper\">\n\t\t\t\t<a href=\"https:\/\/www.costabrava-wandern.de\/en\/category\/gr-92-arrival\/\" class=\"link-icon\" >\t\t\t\t<div class=\"circle-icon icon-style-set\" style=\"background-color: #bfbfbf\">\n\t\t\t\t\t<div class=\"fa fa-train icon-color-set\" ><\/div>\t\t\t\t<\/div>\n\t\t\t\t<\/a>\t\t\t<\/div>\n\n\t\t\t<a href=\"https:\/\/www.costabrava-wandern.de\/en\/category\/gr-92-arrival\/\" class=\"link-title\" >\t\t\t<h4 >Arrival<\/h4>\t\t\t<\/a>\n\t\t\t<p class=\"text\" >Tips on getting there and back by plane, bus and train<\/p>\t\t\t\t\t\t\t<a href=\"https:\/\/www.costabrava-wandern.de\/en\/category\/gr-92-arrival\/\" class=\"more-button\" >more <i><\/i><\/a>\n\t\t\t\t\t<\/div>\n\t\t<\/div><\/div><div id=\"pgc-18-0-5\"  class=\"panel-grid-cell\" ><div id=\"panel-18-0-5-0\" class=\"so-panel widget widget_circleicon-widget panel-first-child panel-last-child\" data-index=\"5\" >\t\t<div class=\"circle-icon-box circle-icon-position-top circle-icon-hide-box circle-icon-size-small\">\n\t\t\t<div class=\"circle-icon-wrapper\">\n\t\t\t\t<a href=\"https:\/\/www.costabrava-wandern.de\/en\/category\/gr-92-stages\/barcelona\/\" class=\"link-icon\" >\t\t\t\t<div class=\"circle-icon icon-style-set\" style=\"background-color: #bfbfbf\">\n\t\t\t\t\t<div class=\"fa fa-bank icon-color-set\" ><\/div>\t\t\t\t<\/div>\n\t\t\t\t<\/a>\t\t\t<\/div>\n\n\t\t\t<a href=\"https:\/\/www.costabrava-wandern.de\/en\/category\/gr-92-stages\/barcelona\/\" class=\"link-title\" >\t\t\t<h4 >Barcelona<\/h4>\t\t\t<\/a>\n\t\t\t<p class=\"text\" >The perfect holiday finale<\/p>\t\t\t\t\t\t\t<a href=\"https:\/\/www.costabrava-wandern.de\/en\/category\/gr-92-stages\/barcelona\/\" class=\"more-button\" >more <i><\/i><\/a>\n\t\t\t\t\t<\/div>\n\t\t<\/div><\/div><\/div><div id=\"pg-18-1\"  class=\"panel-grid panel-no-style\" ><div id=\"pgc-18-1-0\"  class=\"panel-grid-cell\" ><div id=\"panel-18-1-0-0\" class=\"so-panel widget widget_sow-editor panel-first-child panel-last-child\" data-index=\"6\" ><div\n\t\t\t\n\t\t\tclass=\"so-widget-sow-editor so-widget-sow-editor-base\"\n\t\t\t\n\t\t><h3 class=\"widget-title\">Ten-day coastal hike on the Costa Brava on the GR 92<\/h3>\n<div class=\"siteorigin-widget-tinymce textwidget\">\n\t<p>The GR 92 is a sunny Mediterranean coastal hiking trail along the Costa Brava (Spanish for \"Wild Coast\") and offers many cultural-historical highlights in addition to wonderful scenery with sun and sea! On the ten-day long-distance hike, you will encounter a lot of nature but also listed medieval villages and walk in the footsteps of Salvador Dal\u00ed, the eccentric artist with the twirled moustache, among others.<\/p>\n<p>We hiked the GR 92 in September 2016 in beautiful late summer weather and present our hiking route on this page (see <a href=\"https:\/\/www.costabrava-wandern.de\/en\/map-material-downloads\/\">GPX file downloads<\/a>), our experiences and as much practical information as possible as an online hiking guide.<\/p>\n<p>If you are interested in Mediterranean coastal hiking trails, we also recommend our other hiking projects on the following website: <a href=\"https:\/\/www.wanderndeluxe.de\/fernwanderwege\/\" target=\"_blank\" rel=\"noopener\">www.wanderndeluxe.de\/fernwanderwege<\/a>.<\/p>\n<\/div>\n<\/div><\/div><\/div><div id=\"pgc-18-1-1\"  class=\"panel-grid-cell\" ><div id=\"panel-18-1-1-0\" class=\"so-panel widget widget_sow-image panel-first-child panel-last-child\" data-index=\"7\" ><div\n\t\t\t\n\t\t\tclass=\"so-widget-sow-image so-widget-sow-image-default-8b5b6f678277-18\"\n\t\t\t\n\t\t>\n<div class=\"sow-image-container\">\n\t\t\t<a href=\"https:\/\/www.costabrava-wandern.de\/wp-content\/uploads\/GR-92-Etappe-3-von-Cadaqu\u00e9s-nach-Roses-Empuriabrava-2.jpg\">\n\t\t\t<img \n\tsrc=\"https:\/\/www.costabrava-wandern.de\/wp-content\/uploads\/GR-92-Etappe-3-von-Cadaqu\u00e9s-nach-Roses-Empuriabrava-2.jpg\" width=\"1200\" height=\"510\" srcset=\"https:\/\/www.costabrava-wandern.de\/wp-content\/uploads\/GR-92-Etappe-3-von-Cadaqu\u00e9s-nach-Roses-Empuriabrava-2.jpg 1200w, https:\/\/www.costabrava-wandern.de\/wp-content\/uploads\/GR-92-Etappe-3-von-Cadaqu\u00e9s-nach-Roses-Empuriabrava-2-150x64.jpg 150w, https:\/\/www.costabrava-wandern.de\/wp-content\/uploads\/GR-92-Etappe-3-von-Cadaqu\u00e9s-nach-Roses-Empuriabrava-2-300x128.jpg 300w, https:\/\/www.costabrava-wandern.de\/wp-content\/uploads\/GR-92-Etappe-3-von-Cadaqu\u00e9s-nach-Roses-Empuriabrava-2-1024x435.jpg 1024w\" sizes=\"(max-width: 1200px) 100vw, 1200px\" title=\"The Cap de Creus in the morning sun - one of the many highlights of the hike!\" alt=\"\" \t\tclass=\"so-widget-image\"\/>\n\t\t\t<\/a><\/div>\n\n<h3 class=\"widget-title\">The Cap de Creus in the morning sun - one of the many highlights of the hike!<\/h3><\/div><\/div><\/div><\/div><div id=\"pg-18-2\"  class=\"panel-grid panel-no-style\" ><div id=\"pgc-18-2-0\"  class=\"panel-grid-cell\" ><div id=\"panel-18-2-0-0\" class=\"so-panel widget widget_sow-editor panel-first-child panel-last-child\" data-index=\"8\" ><div\n\t\t\t\n\t\t\tclass=\"so-widget-sow-editor so-widget-sow-editor-base\"\n\t\t\t\n\t\t><h3 class=\"widget-title\">On the \"Cam\u00ed de Ronda\" from the French border towards Barcelona<\/h3>\n<div class=\"siteorigin-widget-tinymce textwidget\">\n\t<p>The GR 92 on the Costa Brava is largely congruent with the Catalan \"Cam\u00ed de Ronda\" and starts in Portbou on the French-Spanish border. In ten daily stages, the GR 92 leads us along the Mediterranean coast on beautiful paths, including short detours into the Catalan hinterland. Almost every day we pass beautiful bays that invite us to take a short dip in the sea. As a contrast to the meditative hiking during the day, in the evening we have the full range of tourist infrastructure in the coastal towns at our disposal: sometimes picturesque and exclusive like in Begur or Cadaqu\u00e9s, sometimes metropolitan like in Palam\u00f3s.<\/p>\n<p>If you don't want to hike for ten days at a stretch, you should simply choose a shorter section. In any case, we recommend starting in the very north in Portbou and advancing from there to the south of the Costa Brava via the beautiful Cap de Creus. <a href=\"https:\/\/www.costabrava-wandern.de\/en\/overview-of-the-stages-and-sections-of-gr92\/\" target=\"_blank\" rel=\"noopener\">see also our assessment of the scenic highlights at a glance<\/a>.<\/p>\n<\/div>\n<\/div><\/div><\/div><\/div><div id=\"pg-18-3\"  class=\"panel-grid panel-no-style\" ><div id=\"pgc-18-3-0\"  class=\"panel-grid-cell\" ><div id=\"panel-18-3-0-0\" class=\"so-panel widget widget_sow-image panel-first-child\" data-index=\"9\" ><div\n\t\t\t\n\t\t\tclass=\"so-widget-sow-image so-widget-sow-image-default-0d2796cf268e-18\"\n\t\t\t\n\t\t>\n<div class=\"sow-image-container\">\n\t\t<img \n\tsrc=\"https:\/\/www.costabrava-wandern.de\/wp-content\/uploads\/cropped-Profil-Frank-2020-150x150.jpg\" width=\"150\" height=\"150\" srcset=\"https:\/\/www.costabrava-wandern.de\/wp-content\/uploads\/cropped-Profil-Frank-2020-150x150.jpg 150w, https:\/\/www.costabrava-wandern.de\/wp-content\/uploads\/cropped-Profil-Frank-2020-300x300.jpg 300w, https:\/\/www.costabrava-wandern.de\/wp-content\/uploads\/cropped-Profil-Frank-2020.jpg 696w\" sizes=\"(max-width: 150px) 100vw, 150px\" title=\"cropped-Profile-Frank-2020.jpg\" alt=\"\" \t\tclass=\"so-widget-image\"\/>\n\t<\/div>\n\n<\/div><\/div><div id=\"panel-18-3-0-1\" class=\"so-panel widget widget_text panel-last-child\" data-index=\"10\" >\t\t\t<div class=\"textwidget\"><div align=\"center\">\n<h3>Frank<\/h3>\n<\/div>\n<\/div>\n\t\t<\/div><\/div><div id=\"pgc-18-3-1\"  class=\"panel-grid-cell\" ><div id=\"panel-18-3-1-0\" class=\"so-panel widget widget_sow-image panel-first-child\" data-index=\"11\" ><div\n\t\t\t\n\t\t\tclass=\"so-widget-sow-image so-widget-sow-image-default-0d2796cf268e-18\"\n\t\t\t\n\t\t>\n<div class=\"sow-image-container\">\n\t\t<img \n\tsrc=\"https:\/\/www.costabrava-wandern.de\/wp-content\/uploads\/cropped-Avatar_Christiane_klein-150x150.jpg\" width=\"150\" height=\"150\" srcset=\"https:\/\/www.costabrava-wandern.de\/wp-content\/uploads\/cropped-Avatar_Christiane_klein-150x150.jpg 150w, https:\/\/www.costabrava-wandern.de\/wp-content\/uploads\/cropped-Avatar_Christiane_klein-300x300.jpg 300w, https:\/\/www.costabrava-wandern.de\/wp-content\/uploads\/cropped-Avatar_Christiane_klein.jpg 667w\" sizes=\"(max-width: 150px) 100vw, 150px\" title=\"cropped-Avatar_Christiane_klein.jpg\" alt=\"\" \t\tclass=\"so-widget-image\"\/>\n\t<\/div>\n\n<\/div><\/div><div id=\"panel-18-3-1-1\" class=\"so-panel widget widget_text panel-last-child\" data-index=\"12\" >\t\t\t<div class=\"textwidget\"><div align=\"center\">\n<h3>Christiane<\/h3>\n<\/div>\n<\/div>\n\t\t<\/div><\/div><\/div><div id=\"pg-18-4\"  class=\"panel-grid panel-no-style\" ><div id=\"pgc-18-4-0\"  class=\"panel-grid-cell\" ><div id=\"panel-18-4-0-0\" class=\"so-panel widget widget_sow-image panel-first-child panel-last-child\" data-index=\"13\" ><div\n\t\t\t\n\t\t\tclass=\"so-widget-sow-image so-widget-sow-image-default-8b5b6f678277-18\"\n\t\t\t\n\t\t>\n<div class=\"sow-image-container\">\n\t\t\t<a href=\"https:\/\/www.costabrava-wandern.de\/wp-content\/uploads\/Port-Vell-der-Hafen-von-Barcelona-Aussicht-von-der-Dachterrasse-des-Museu-dHist\u00f2ria-de-Catalunya.jpg\">\n\t\t\t<img \n\tsrc=\"https:\/\/www.costabrava-wandern.de\/wp-content\/uploads\/Port-Vell-der-Hafen-von-Barcelona-Aussicht-von-der-Dachterrasse-des-Museu-dHist\u00f2ria-de-Catalunya.jpg\" width=\"1200\" height=\"502\" srcset=\"https:\/\/www.costabrava-wandern.de\/wp-content\/uploads\/Port-Vell-der-Hafen-von-Barcelona-Aussicht-von-der-Dachterrasse-des-Museu-dHist\u00f2ria-de-Catalunya.jpg 1200w, https:\/\/www.costabrava-wandern.de\/wp-content\/uploads\/Port-Vell-der-Hafen-von-Barcelona-Aussicht-von-der-Dachterrasse-des-Museu-dHist\u00f2ria-de-Catalunya-150x63.jpg 150w, https:\/\/www.costabrava-wandern.de\/wp-content\/uploads\/Port-Vell-der-Hafen-von-Barcelona-Aussicht-von-der-Dachterrasse-des-Museu-dHist\u00f2ria-de-Catalunya-300x126.jpg 300w, https:\/\/www.costabrava-wandern.de\/wp-content\/uploads\/Port-Vell-der-Hafen-von-Barcelona-Aussicht-von-der-Dachterrasse-des-Museu-dHist\u00f2ria-de-Catalunya-1024x428.jpg 1024w\" sizes=\"(max-width: 1200px) 100vw, 1200px\" title=\"A few days&#039; holiday in Barcelona is the perfect way to end a strenuous hike on the GR-92!\" alt=\"\" \t\tclass=\"so-widget-image\"\/>\n\t\t\t<\/a><\/div>\n\n<h3 class=\"widget-title\">A few days' holiday in Barcelona is the perfect way to end a strenuous hike on the GR-92!<\/h3><\/div><\/div><\/div><\/div><div id=\"pg-18-5\"  class=\"panel-grid panel-no-style\" ><div id=\"pgc-18-5-0\"  class=\"panel-grid-cell\" ><div id=\"panel-18-5-0-0\" class=\"so-panel widget widget_sow-editor panel-first-child panel-last-child\" data-index=\"14\" ><div\n\t\t\t\n\t\t\tclass=\"so-widget-sow-editor so-widget-sow-editor-base\"\n\t\t\t\n\t\t><h3 class=\"widget-title\">News<\/h3>\n<div class=\"siteorigin-widget-tinymce textwidget\">\n\t<p>From now on, it is even possible to individually book luggage transport on the Costa Brava. <a href=\"https:\/\/www.costabrava-wandern.de\/en\/luggage-transport\/\">You can find details here<\/a>.<\/p>\n<\/div>\n<\/div><\/div><\/div><div id=\"pgc-18-5-1\"  class=\"panel-grid-cell\" ><div id=\"panel-18-5-1-0\" class=\"so-panel widget widget_lsow-portfolio panel-first-child panel-last-child\" data-index=\"15\" ><div\n\t\t\t\n\t\t\tclass=\"so-widget-lsow-portfolio so-widget-lsow-portfolio-default-1398c7c9e37b-18\"\n\t\t\t\n\t\t><div class=\"lsow-portfolio-wrap lsow-gapless-grid\"><div id=\"lsow-portfolio-69fb04bf09924\" class=\"lsow-portfolio js-isotope lsow-fitRows lsow-grid-container  lsow-grid-desktop-1 lsow-grid-tablet-1 lsow-grid-mobile-1\" data-isotope-options='{ \"itemSelector\": \".lsow-portfolio-item\", \"layoutMode\": \"fitRows\"}'><div data-id=\"id-14895\" class=\"lsow-grid-item lsow-portfolio-item  term-5 term-11\"><article id=\"post-14895\" class=\"post-14895 post type-post status-publish format-standard has-post-thumbnail hentry category-gr-92-anreise category-gr-92-ueberblick-alle-etappen post-with-thumbnail post-with-thumbnail-large\"><div class=\"lsow-project-image\"><a href=\"https:\/\/www.costabrava-wandern.de\/en\/gepaecktransport\/\" target=\"_self\"><img fetchpriority=\"high\" decoding=\"async\" width=\"720\" height=\"405\" src=\"https:\/\/www.costabrava-wandern.de\/wp-content\/uploads\/GR92-Wegbeschilderung-1024x576.jpg\" class=\"lsow-image skip-lazy no-lazyload exclude-me a3-notlazy wp-post-image\" alt=\"\" data-no-lazy=\"1\" loading=\"eager\" srcset=\"https:\/\/www.costabrava-wandern.de\/wp-content\/uploads\/GR92-Wegbeschilderung-1024x576.jpg 1024w, https:\/\/www.costabrava-wandern.de\/wp-content\/uploads\/GR92-Wegbeschilderung-150x84.jpg 150w, https:\/\/www.costabrava-wandern.de\/wp-content\/uploads\/GR92-Wegbeschilderung-300x169.jpg 300w, https:\/\/www.costabrava-wandern.de\/wp-content\/uploads\/GR92-Wegbeschilderung.jpg 1200w\" sizes=\"(max-width: 720px) 100vw, 720px\" \/><\/a><div class=\"lsow-image-info\"><div class=\"lsow-entry-info\"><h3 class=\"lsow-post-title\"><a href=\"https:\/\/www.costabrava-wandern.de\/en\/gepaecktransport\/\" title=\"Luggage transport\" target=\"_self\" rel=\"bookmark\">Luggage transport<\/a><\/h3><\/div><\/div><!-- .lsow-image-info --><\/div><\/article><!-- .hentry --><\/div><\/div><!-- .lsow-portfolio --><\/div><!-- .lsow-portfolio-wrap --><\/div><\/div><\/div><\/div><\/div>","protected":false},"excerpt":{"rendered":"<p>Der GR 92 ist ein sonnig-mediterraner K\u00fcstenwanderweg entlang der Costa Brava (spanisch f\u00fcr &#8222;Wilde K\u00fcste&#8220;) und bietet neben herrlicher Landschaft mit Sonne und Meer auch viele kulturell-historische Highlights!\u00a0Auf der zehnt\u00e4gigen Fernwanderung trifft man auf viel Natur aber auch auf denkmalgesch\u00fctzte, mittelalterliche D\u00f6rfer und wandelt unter anderem auf den Spuren von Salvador Dal\u00ed, dem exzentrischen K\u00fcnstler [&hellip;]<\/p>\n","protected":false},"author":1,"featured_media":0,"parent":0,"menu_order":0,"comment_status":"closed","ping_status":"closed","template":"home-panels.php","meta":{"footnotes":""},"class_list":["post-18","page","type-page","status-publish","hentry","post"],"_links":{"self":[{"href":"https:\/\/www.costabrava-wandern.de\/en\/wp-json\/wp\/v2\/pages\/18","targetHints":{"allow":["GET"]}}],"collection":[{"href":"https:\/\/www.costabrava-wandern.de\/en\/wp-json\/wp\/v2\/pages"}],"about":[{"href":"https:\/\/www.costabrava-wandern.de\/en\/wp-json\/wp\/v2\/types\/page"}],"author":[{"embeddable":true,"href":"https:\/\/www.costabrava-wandern.de\/en\/wp-json\/wp\/v2\/users\/1"}],"replies":[{"embeddable":true,"href":"https:\/\/www.costabrava-wandern.de\/en\/wp-json\/wp\/v2\/comments?post=18"}],"version-history":[{"count":15,"href":"https:\/\/www.costabrava-wandern.de\/en\/wp-json\/wp\/v2\/pages\/18\/revisions"}],"predecessor-version":[{"id":38640,"href":"https:\/\/www.costabrava-wandern.de\/en\/wp-json\/wp\/v2\/pages\/18\/revisions\/38640"}],"wp:attachment":[{"href":"https:\/\/www.costabrava-wandern.de\/en\/wp-json\/wp\/v2\/media?parent=18"}],"curies":[{"name":"wp","href":"https:\/\/api.w.org\/{rel}","templated":true}]}}