{"id":11077,"date":"2018-10-28T11:37:35","date_gmt":"2018-10-28T10:37:35","guid":{"rendered":"https:\/\/www.costabrava-wandern.de\/?page_id=11077"},"modified":"2019-12-16T10:50:23","modified_gmt":"2019-12-16T09:50:23","slug":"a-propos-de-nous","status":"publish","type":"page","link":"https:\/\/www.costabrava-wandern.de\/fr\/ueber-uns\/","title":{"rendered":"\u00c0 propos de nous"},"content":{"rendered":"<div id=\"pl-11077\"  class=\"panel-layout\" ><div id=\"pg-11077-0\"  class=\"panel-grid panel-no-style\" ><div id=\"pgc-11077-0-0\"  class=\"panel-grid-cell\" ><div id=\"panel-11077-0-0-0\" class=\"so-panel widget widget_sow-editor panel-first-child panel-last-child\" data-index=\"0\" ><div\n\t\t\t\n\t\t\tclass=\"so-widget-sow-editor so-widget-sow-editor-base\"\n\t\t\t\n\t\t>\n<div class=\"siteorigin-widget-tinymce textwidget\">\n\t<p>Nous sommes des randonneurs passionn\u00e9s de longue distance et aimons \u00eatre dans la nature pendant quelques jours en vacances avec seulement nos sacs \u00e0 dos ! Depuis plusieurs ann\u00e9es, nous sommes \u00e9galement fascin\u00e9s par les sentiers de grande randonn\u00e9e m\u00e9diterran\u00e9ens plut\u00f4t m\u00e9connus.<\/p>\n<p>La combinaison de la montagne et de la mer et la possibilit\u00e9 de s\u00e9journer dans de beaux h\u00e9bergements pour la plupart tr\u00e8s individuels sont toujours une raison pour nous de r\u00eaver de nos prochaines vacances de randonn\u00e9e !<\/p>\n<p>Cependant, l&#039;effort de recherche avant les vacances \u00e9tait souvent assez important et nous \u00e9tions parfois vraiment surpris que certains sentiers de randonn\u00e9e soient excellemment am\u00e9nag\u00e9s et bien balis\u00e9s sur place, mais en m\u00eame temps restaient totalement inconnus sur le net.<\/p>\n<p>Les \u00e9diteurs de livres de plein air et de randonn\u00e9e semblent \u00e9galement ignorer largement les sentiers de grande randonn\u00e9e m\u00e9diterran\u00e9ens que nous aimons tant : les sentiers de randonn\u00e9e de six \u00e0 dix \u00e9tapes sont probablement trop courts pour remplir un livre entier. Et le groupe cible potentiel est bien s\u00fbr plus petit qu&#039;avec les livres de randonn\u00e9e, qui s&#039;adressent principalement aux excursionnistes.<\/p>\n<p>Alors, \u00e0 un moment donn\u00e9, nous avons commenc\u00e9 \u00e0 documenter l&#039;un de nos s\u00e9jours de randonn\u00e9e en ligne pour mieux nous faire conna\u00eetre. Le grand nombre de retours positifs nous a incit\u00e9s \u00e0 poursuivre cette id\u00e9e - et donc un certain nombre d&#039;autres guides de randonn\u00e9e en ligne ont \u00e9t\u00e9 cr\u00e9\u00e9s entre-temps ! Vous trouverez un aper\u00e7u actualis\u00e9 de nos projets de randonn\u00e9e sur<\/p>\n<p><a href=\"https:\/\/www.wanderndeluxe.de\/fernwanderwege\/\" target=\"_blank\" rel=\"noopener\">www.wanderndeluxe.de\/fernwanderwege\/<\/a><\/p>\n<p>Nous avons h\u00e2te de partager notre enthousiasme pour la randonn\u00e9e avec vous!<\/p>\n<\/div>\n<\/div><\/div><\/div><div id=\"pgc-11077-0-1\"  class=\"panel-grid-cell\" ><div id=\"panel-11077-0-1-0\" class=\"so-panel widget widget_sow-image panel-first-child panel-last-child\" data-index=\"1\" ><div\n\t\t\t\n\t\t\tclass=\"so-widget-sow-image so-widget-sow-image-default-8b5b6f678277-11077\"\n\t\t\t\n\t\t>\n<div class=\"sow-image-container\">\n\t\t\t<a href=\"https:\/\/www.costabrava-wandern.de\/wp-content\/uploads\/GR92-Costa-Brava-Wandern-\u00dcber-Uns.jpg\">\n\t\t\t<img \n\tsrc=\"https:\/\/www.costabrava-wandern.de\/wp-content\/uploads\/GR92-Costa-Brava-Wandern-\u00dcber-Uns.jpg\" width=\"800\" height=\"800\" srcset=\"https:\/\/www.costabrava-wandern.de\/wp-content\/uploads\/GR92-Costa-Brava-Wandern-\u00dcber-Uns.jpg 800w, https:\/\/www.costabrava-wandern.de\/wp-content\/uploads\/GR92-Costa-Brava-Wandern-\u00dcber-Uns-150x150.jpg 150w, https:\/\/www.costabrava-wandern.de\/wp-content\/uploads\/GR92-Costa-Brava-Wandern-\u00dcber-Uns-300x300.jpg 300w\" sizes=\"(max-width: 800px) 100vw, 800px\" title=\"GR92 Costa Brava Randonn\u00e9e \u00c0 propos de nous\" alt=\"\" \t\tclass=\"so-widget-image\"\/>\n\t\t\t<\/a><\/div>\n\n<\/div><\/div><\/div><\/div><\/div>","protected":false},"excerpt":{"rendered":"<p>Wir sind begeisterte Fern-Wanderer und lieben es, im Urlaub f\u00fcr einige Tage nur mit dem Rucksack in der Natur unterwegs zu sein!\u00a0Seit einigen Jahren haben es uns zudem die eher unbekannten, mediterranen Fernwanderwege angetan. Die Kombination von Bergen und Meer\u00a0und die M\u00f6glichkeit, in sch\u00f6nen und meist sehr individuellen Unterk\u00fcnften\u00a0zu \u00fcbernachten, sind f\u00fcr uns immer wieder [&hellip;]<\/p>\n","protected":false},"author":1,"featured_media":0,"parent":0,"menu_order":0,"comment_status":"closed","ping_status":"closed","template":"","meta":{"footnotes":""},"class_list":["post-11077","page","type-page","status-publish","hentry","post"],"_links":{"self":[{"href":"https:\/\/www.costabrava-wandern.de\/fr\/wp-json\/wp\/v2\/pages\/11077","targetHints":{"allow":["GET"]}}],"collection":[{"href":"https:\/\/www.costabrava-wandern.de\/fr\/wp-json\/wp\/v2\/pages"}],"about":[{"href":"https:\/\/www.costabrava-wandern.de\/fr\/wp-json\/wp\/v2\/types\/page"}],"author":[{"embeddable":true,"href":"https:\/\/www.costabrava-wandern.de\/fr\/wp-json\/wp\/v2\/users\/1"}],"replies":[{"embeddable":true,"href":"https:\/\/www.costabrava-wandern.de\/fr\/wp-json\/wp\/v2\/comments?post=11077"}],"version-history":[{"count":0,"href":"https:\/\/www.costabrava-wandern.de\/fr\/wp-json\/wp\/v2\/pages\/11077\/revisions"}],"wp:attachment":[{"href":"https:\/\/www.costabrava-wandern.de\/fr\/wp-json\/wp\/v2\/media?parent=11077"}],"curies":[{"name":"wp","href":"https:\/\/api.w.org\/{rel}","templated":true}]}}