{"id":18,"date":"2016-02-15T19:58:05","date_gmt":"2016-02-15T19:58:05","guid":{"rendered":"https:\/\/www.costabrava-wandern.de\/?page_id=18"},"modified":"2023-09-10T09:53:23","modified_gmt":"2023-09-10T07:53:23","slug":"startseite","status":"publish","type":"page","link":"https:\/\/www.costabrava-wandern.de\/fr\/","title":{"rendered":"Page d'accueil"},"content":{"rendered":"<div id=\"pl-18\"  class=\"panel-layout\" ><div id=\"pg-18-0\"  class=\"panel-grid panel-no-style\" ><div id=\"pgc-18-0-0\"  class=\"panel-grid-cell\" ><div id=\"panel-18-0-0-0\" class=\"so-panel widget widget_circleicon-widget panel-first-child panel-last-child\" data-index=\"0\" >\t\t<div class=\"circle-icon-box circle-icon-position-top circle-icon-hide-box circle-icon-size-small\">\n\t\t\t<div class=\"circle-icon-wrapper\">\n\t\t\t\t<a href=\"https:\/\/www.costabrava-wandern.de\/fr\/categorie\/points-forts-du-gr-92\/\" class=\"link-icon\" >\t\t\t\t<div class=\"circle-icon icon-style-set\" style=\"background-color: #bfbfbf\">\n\t\t\t\t\t<div class=\"fa fa-camera icon-color-set\" ><\/div>\t\t\t\t<\/div>\n\t\t\t\t<\/a>\t\t\t<\/div>\n\n\t\t\t<a href=\"https:\/\/www.costabrava-wandern.de\/fr\/categorie\/points-forts-du-gr-92\/\" class=\"link-title\" >\t\t\t<h4 >Points forts<\/h4>\t\t\t<\/a>\n\t\t\t<p class=\"text\" >sentiers de randonn\u00e9e panoramiques, baies pittoresques<\/p>\t\t\t\t\t\t\t<a href=\"https:\/\/www.costabrava-wandern.de\/fr\/categorie\/points-forts-du-gr-92\/\" class=\"more-button\" >plus <i><\/i><\/a>\n\t\t\t\t\t<\/div>\n\t\t<\/div><\/div><div id=\"pgc-18-0-1\"  class=\"panel-grid-cell\" ><div id=\"panel-18-0-1-0\" class=\"so-panel widget widget_circleicon-widget panel-first-child panel-last-child\" data-index=\"1\" >\t\t<div class=\"circle-icon-box circle-icon-position-top circle-icon-hide-box circle-icon-size-small\">\n\t\t\t<div class=\"circle-icon-wrapper\">\n\t\t\t\t<a href=\"https:\/\/www.costabrava-wandern.de\/fr\/categorie\/gr-92-etapes\/\" class=\"link-icon\" >\t\t\t\t<div class=\"circle-icon icon-style-set\" style=\"background-color: #bfbfbf\">\n\t\t\t\t\t<div class=\"fa fa-th-list icon-color-set\" ><\/div>\t\t\t\t<\/div>\n\t\t\t\t<\/a>\t\t\t<\/div>\n\n\t\t\t<a href=\"https:\/\/www.costabrava-wandern.de\/fr\/categorie\/gr-92-etapes\/\" class=\"link-title\" >\t\t\t<h4 >\u00c9tapes<\/h4>\t\t\t<\/a>\n\t\t\t<p class=\"text\" >Aper\u00e7u des diff\u00e9rentes \u00e9tapes<\/p>\t\t\t\t\t\t\t<a href=\"https:\/\/www.costabrava-wandern.de\/fr\/categorie\/gr-92-etapes\/\" class=\"more-button\" >plus <i><\/i><\/a>\n\t\t\t\t\t<\/div>\n\t\t<\/div><\/div><div id=\"pgc-18-0-2\"  class=\"panel-grid-cell\" ><div id=\"panel-18-0-2-0\" class=\"so-panel widget widget_circleicon-widget panel-first-child panel-last-child\" data-index=\"2\" >\t\t<div class=\"circle-icon-box circle-icon-position-top circle-icon-hide-box circle-icon-size-small\">\n\t\t\t<div class=\"circle-icon-wrapper\">\n\t\t\t\t<a href=\"https:\/\/www.costabrava-wandern.de\/fr\/categorie\/gr-92-hebergement\/\" class=\"link-icon\" >\t\t\t\t<div class=\"circle-icon icon-style-set\" style=\"background-color: #bfbfbf\">\n\t\t\t\t\t<div class=\"fa fa-bed icon-color-set\" ><\/div>\t\t\t\t<\/div>\n\t\t\t\t<\/a>\t\t\t<\/div>\n\n\t\t\t<a href=\"https:\/\/www.costabrava-wandern.de\/fr\/categorie\/gr-92-hebergement\/\" class=\"link-title\" >\t\t\t<h4 >H\u00e9bergements<\/h4>\t\t\t<\/a>\n\t\t\t<p class=\"text\" >h\u00f4tels et pensions s\u00e9lectionn\u00e9s, aide \u00e0 la planification de la r\u00e9servation<\/p>\t\t\t\t\t\t\t<a href=\"https:\/\/www.costabrava-wandern.de\/fr\/categorie\/gr-92-hebergement\/\" class=\"more-button\" >plus <i><\/i><\/a>\n\t\t\t\t\t<\/div>\n\t\t<\/div><\/div><div id=\"pgc-18-0-3\"  class=\"panel-grid-cell\" ><div id=\"panel-18-0-3-0\" class=\"so-panel widget widget_circleicon-widget panel-first-child panel-last-child\" data-index=\"3\" >\t\t<div class=\"circle-icon-box circle-icon-position-top circle-icon-hide-box circle-icon-size-small\">\n\t\t\t<div class=\"circle-icon-wrapper\">\n\t\t\t\t<a href=\"https:\/\/www.costabrava-wandern.de\/fr\/categorie\/materiel-de-cartographie\/\" class=\"link-icon\" >\t\t\t\t<div class=\"circle-icon icon-style-set\" style=\"background-color: #bfbfbf\">\n\t\t\t\t\t<div class=\"fa fa-compass icon-color-set\" ><\/div>\t\t\t\t<\/div>\n\t\t\t\t<\/a>\t\t\t<\/div>\n\n\t\t\t<a href=\"https:\/\/www.costabrava-wandern.de\/fr\/categorie\/materiel-de-cartographie\/\" class=\"link-title\" >\t\t\t<h4 >Cartes<\/h4>\t\t\t<\/a>\n\t\t\t<p class=\"text\" >Cartes et t\u00e9l\u00e9chargements d'itin\u00e9raires<\/p>\t\t\t\t\t\t\t<a href=\"https:\/\/www.costabrava-wandern.de\/fr\/categorie\/materiel-de-cartographie\/\" class=\"more-button\" >plus <i><\/i><\/a>\n\t\t\t\t\t<\/div>\n\t\t<\/div><\/div><div id=\"pgc-18-0-4\"  class=\"panel-grid-cell\" ><div id=\"panel-18-0-4-0\" class=\"so-panel widget widget_circleicon-widget panel-first-child panel-last-child\" data-index=\"4\" >\t\t<div class=\"circle-icon-box circle-icon-position-top circle-icon-hide-box circle-icon-size-small\">\n\t\t\t<div class=\"circle-icon-wrapper\">\n\t\t\t\t<a href=\"https:\/\/www.costabrava-wandern.de\/fr\/categorie\/gr-92-arrivee\/\" class=\"link-icon\" >\t\t\t\t<div class=\"circle-icon icon-style-set\" style=\"background-color: #bfbfbf\">\n\t\t\t\t\t<div class=\"fa fa-train icon-color-set\" ><\/div>\t\t\t\t<\/div>\n\t\t\t\t<\/a>\t\t\t<\/div>\n\n\t\t\t<a href=\"https:\/\/www.costabrava-wandern.de\/fr\/categorie\/gr-92-arrivee\/\" class=\"link-title\" >\t\t\t<h4 >Arriv\u00e9e<\/h4>\t\t\t<\/a>\n\t\t\t<p class=\"text\" >Conseils pour l'arriv\u00e9e et le d\u00e9part en avion, en bus et en train<\/p>\t\t\t\t\t\t\t<a href=\"https:\/\/www.costabrava-wandern.de\/fr\/categorie\/gr-92-arrivee\/\" class=\"more-button\" >plus <i><\/i><\/a>\n\t\t\t\t\t<\/div>\n\t\t<\/div><\/div><div id=\"pgc-18-0-5\"  class=\"panel-grid-cell\" ><div id=\"panel-18-0-5-0\" class=\"so-panel widget widget_circleicon-widget panel-first-child panel-last-child\" data-index=\"5\" >\t\t<div class=\"circle-icon-box circle-icon-position-top circle-icon-hide-box circle-icon-size-small\">\n\t\t\t<div class=\"circle-icon-wrapper\">\n\t\t\t\t<a href=\"https:\/\/www.costabrava-wandern.de\/fr\/categorie\/gr-92-etapes\/barcelone\/\" class=\"link-icon\" >\t\t\t\t<div class=\"circle-icon icon-style-set\" style=\"background-color: #bfbfbf\">\n\t\t\t\t\t<div class=\"fa fa-bank icon-color-set\" ><\/div>\t\t\t\t<\/div>\n\t\t\t\t<\/a>\t\t\t<\/div>\n\n\t\t\t<a href=\"https:\/\/www.costabrava-wandern.de\/fr\/categorie\/gr-92-etapes\/barcelone\/\" class=\"link-title\" >\t\t\t<h4 >Barcelone<\/h4>\t\t\t<\/a>\n\t\t\t<p class=\"text\" >La fin parfaite des vacances<\/p>\t\t\t\t\t\t\t<a href=\"https:\/\/www.costabrava-wandern.de\/fr\/categorie\/gr-92-etapes\/barcelone\/\" class=\"more-button\" >plus <i><\/i><\/a>\n\t\t\t\t\t<\/div>\n\t\t<\/div><\/div><\/div><div id=\"pg-18-1\"  class=\"panel-grid panel-no-style\" ><div id=\"pgc-18-1-0\"  class=\"panel-grid-cell\" ><div id=\"panel-18-1-0-0\" class=\"so-panel widget widget_sow-editor panel-first-child panel-last-child\" data-index=\"6\" ><div\n\t\t\t\n\t\t\tclass=\"so-widget-sow-editor so-widget-sow-editor-base\"\n\t\t\t\n\t\t><h3 class=\"widget-title\">Randonn\u00e9e c\u00f4ti\u00e8re de dix jours sur la Costa Brava par le GR 92<\/h3>\n<div class=\"siteorigin-widget-tinymce textwidget\">\n\t<p>Le GR 92 est un chemin de randonn\u00e9e c\u00f4ti\u00e8re ensoleill\u00e9 et m\u00e9diterran\u00e9en qui longe la Costa Brava (en espagnol, \"c\u00f4te sauvage\") et offre, outre de magnifiques paysages de soleil et de mer, de nombreux points forts culturels et historiques ! Au cours de cette randonn\u00e9e longue distance de dix jours, on rencontre beaucoup de nature mais aussi des villages m\u00e9di\u00e9vaux class\u00e9s monuments historiques et on marche entre autres sur les traces de Salvador Dal\u00ed, l'artiste excentrique \u00e0 la moustache torsad\u00e9e.<\/p>\n<p>Nous avons parcouru le GR 92 en septembre 2016 par un temps magnifique de fin d'\u00e9t\u00e9 et pr\u00e9sentons sur cette page notre itin\u00e9raire de randonn\u00e9e (voir <a href=\"https:\/\/www.costabrava-wandern.de\/fr\/telechargements-de-cartes\/\">T\u00e9l\u00e9chargements de fichiers GPX<\/a>), nos exp\u00e9riences ainsi qu'un maximum d'informations pratiques sous forme de guide de randonn\u00e9e en ligne.<\/p>\n<p>Pour ceux qui s'int\u00e9ressent aux sentiers c\u00f4tiers m\u00e9diterran\u00e9ens, nous recommandons \u00e9galement nos autres projets de randonn\u00e9e sur le site suivant : <a href=\"https:\/\/www.wanderndeluxe.de\/fernwanderwege\/\" target=\"_blank\" rel=\"noopener\">www.wanderndeluxe.de\/fernwanderwege<\/a>.<\/p>\n<\/div>\n<\/div><\/div><\/div><div id=\"pgc-18-1-1\"  class=\"panel-grid-cell\" ><div id=\"panel-18-1-1-0\" class=\"so-panel widget widget_sow-image panel-first-child panel-last-child\" data-index=\"7\" ><div\n\t\t\t\n\t\t\tclass=\"so-widget-sow-image so-widget-sow-image-default-8b5b6f678277-18\"\n\t\t\t\n\t\t>\n<div class=\"sow-image-container\">\n\t\t\t<a href=\"https:\/\/www.costabrava-wandern.de\/wp-content\/uploads\/GR-92-Etappe-3-von-Cadaqu\u00e9s-nach-Roses-Empuriabrava-2.jpg\">\n\t\t\t<img \n\tsrc=\"https:\/\/www.costabrava-wandern.de\/wp-content\/uploads\/GR-92-Etappe-3-von-Cadaqu\u00e9s-nach-Roses-Empuriabrava-2.jpg\" width=\"1200\" height=\"510\" srcset=\"https:\/\/www.costabrava-wandern.de\/wp-content\/uploads\/GR-92-Etappe-3-von-Cadaqu\u00e9s-nach-Roses-Empuriabrava-2.jpg 1200w, https:\/\/www.costabrava-wandern.de\/wp-content\/uploads\/GR-92-Etappe-3-von-Cadaqu\u00e9s-nach-Roses-Empuriabrava-2-150x64.jpg 150w, https:\/\/www.costabrava-wandern.de\/wp-content\/uploads\/GR-92-Etappe-3-von-Cadaqu\u00e9s-nach-Roses-Empuriabrava-2-300x128.jpg 300w, https:\/\/www.costabrava-wandern.de\/wp-content\/uploads\/GR-92-Etappe-3-von-Cadaqu\u00e9s-nach-Roses-Empuriabrava-2-1024x435.jpg 1024w\" sizes=\"(max-width: 1200px) 100vw, 1200px\" title=\"Le Cap de Creus sous le soleil du matin - un des nombreux points forts de la randonn\u00e9e !\" alt=\"\" \t\tclass=\"so-widget-image\"\/>\n\t\t\t<\/a><\/div>\n\n<h3 class=\"widget-title\">Le Cap de Creus sous le soleil du matin - un des nombreux points forts de la randonn\u00e9e !<\/h3><\/div><\/div><\/div><\/div><div id=\"pg-18-2\"  class=\"panel-grid panel-no-style\" ><div id=\"pgc-18-2-0\"  class=\"panel-grid-cell\" ><div id=\"panel-18-2-0-0\" class=\"so-panel widget widget_sow-editor panel-first-child panel-last-child\" data-index=\"8\" ><div\n\t\t\t\n\t\t\tclass=\"so-widget-sow-editor so-widget-sow-editor-base\"\n\t\t\t\n\t\t><h3 class=\"widget-title\">Sur le \"Cam\u00ed de Ronda\" depuis la fronti\u00e8re fran\u00e7aise en direction de Barcelone<\/h3>\n<div class=\"siteorigin-widget-tinymce textwidget\">\n\t<p>Sur la Costa Brava, le GR 92 co\u00efncide en grande partie avec le \"Cam\u00ed de Ronda\" catalan et d\u00e9marre \u00e0 Portbou, \u00e0 la fronti\u00e8re franco-espagnole. En dix \u00e9tapes journali\u00e8res, le GR 92 nous m\u00e8ne sur de magnifiques sentiers le long de la c\u00f4te m\u00e9diterran\u00e9enne, avec de brefs d\u00e9tours dans l'arri\u00e8re-pays catalan. Presque tous les jours, nous passons devant de belles criques qui invitent \u00e0 un petit bain de mer. Pour contraster avec la randonn\u00e9e m\u00e9ditative de la journ\u00e9e, nous disposons le soir de toute l'infrastructure touristique des villes c\u00f4ti\u00e8res : parfois pittoresque et exclusive comme \u00e0 Begur ou Cadaqu\u00e9s, parfois m\u00e9tropolitaine comme \u00e0 Palam\u00f3s.<\/p>\n<p>Si vous n'avez pas envie de marcher dix jours d'affil\u00e9e, choisissez simplement un tron\u00e7on plus court. Nous recommandons dans tous les cas de commencer tout au nord, \u00e0 Portbou, et de progresser ensuite vers le sud de la Costa Brava en passant par le magnifique Cap de Creus. <a href=\"https:\/\/www.costabrava-wandern.de\/fr\/vue-densemble-des-etapes-et-des-sections-du-gr92\/\" target=\"_blank\" rel=\"noopener\">voir \u00e0 ce sujet notre \u00e9valuation des points forts du paysage en un coup d'\u0153il<\/a>.<\/p>\n<\/div>\n<\/div><\/div><\/div><\/div><div id=\"pg-18-3\"  class=\"panel-grid panel-no-style\" ><div id=\"pgc-18-3-0\"  class=\"panel-grid-cell\" ><div id=\"panel-18-3-0-0\" class=\"so-panel widget widget_sow-image panel-first-child\" data-index=\"9\" ><div\n\t\t\t\n\t\t\tclass=\"so-widget-sow-image so-widget-sow-image-default-0d2796cf268e-18\"\n\t\t\t\n\t\t>\n<div class=\"sow-image-container\">\n\t\t<img \n\tsrc=\"https:\/\/www.costabrava-wandern.de\/wp-content\/uploads\/cropped-Profil-Frank-2020-150x150.jpg\" width=\"150\" height=\"150\" srcset=\"https:\/\/www.costabrava-wandern.de\/wp-content\/uploads\/cropped-Profil-Frank-2020-150x150.jpg 150w, https:\/\/www.costabrava-wandern.de\/wp-content\/uploads\/cropped-Profil-Frank-2020-300x300.jpg 300w, https:\/\/www.costabrava-wandern.de\/wp-content\/uploads\/cropped-Profil-Frank-2020.jpg 696w\" sizes=\"(max-width: 150px) 100vw, 150px\" title=\"Profil-recadr\u00e9-Frank-2020.jpg\" alt=\"\" \t\tclass=\"so-widget-image\"\/>\n\t<\/div>\n\n<\/div><\/div><div id=\"panel-18-3-0-1\" class=\"so-panel widget widget_text panel-last-child\" data-index=\"10\" >\t\t\t<div class=\"textwidget\"><div align=\"center\">\n<h3>Frank<\/h3>\n<\/div>\n<\/div>\n\t\t<\/div><\/div><div id=\"pgc-18-3-1\"  class=\"panel-grid-cell\" ><div id=\"panel-18-3-1-0\" class=\"so-panel widget widget_sow-image panel-first-child\" data-index=\"11\" ><div\n\t\t\t\n\t\t\tclass=\"so-widget-sow-image so-widget-sow-image-default-0d2796cf268e-18\"\n\t\t\t\n\t\t>\n<div class=\"sow-image-container\">\n\t\t<img \n\tsrc=\"https:\/\/www.costabrava-wandern.de\/wp-content\/uploads\/cropped-Avatar_Christiane_klein-150x150.jpg\" width=\"150\" height=\"150\" srcset=\"https:\/\/www.costabrava-wandern.de\/wp-content\/uploads\/cropped-Avatar_Christiane_klein-150x150.jpg 150w, https:\/\/www.costabrava-wandern.de\/wp-content\/uploads\/cropped-Avatar_Christiane_klein-300x300.jpg 300w, https:\/\/www.costabrava-wandern.de\/wp-content\/uploads\/cropped-Avatar_Christiane_klein.jpg 667w\" sizes=\"(max-width: 150px) 100vw, 150px\" title=\"cropped-Avatar_Christiane_klein.jpg\" alt=\"\" \t\tclass=\"so-widget-image\"\/>\n\t<\/div>\n\n<\/div><\/div><div id=\"panel-18-3-1-1\" class=\"so-panel widget widget_text panel-last-child\" data-index=\"12\" >\t\t\t<div class=\"textwidget\"><div align=\"center\">\n<h3>Christiane<\/h3>\n<\/div>\n<\/div>\n\t\t<\/div><\/div><\/div><div id=\"pg-18-4\"  class=\"panel-grid panel-no-style\" ><div id=\"pgc-18-4-0\"  class=\"panel-grid-cell\" ><div id=\"panel-18-4-0-0\" class=\"so-panel widget widget_sow-image panel-first-child panel-last-child\" data-index=\"13\" ><div\n\t\t\t\n\t\t\tclass=\"so-widget-sow-image so-widget-sow-image-default-8b5b6f678277-18\"\n\t\t\t\n\t\t>\n<div class=\"sow-image-container\">\n\t\t\t<a href=\"https:\/\/www.costabrava-wandern.de\/wp-content\/uploads\/Port-Vell-der-Hafen-von-Barcelona-Aussicht-von-der-Dachterrasse-des-Museu-dHist\u00f2ria-de-Catalunya.jpg\">\n\t\t\t<img \n\tsrc=\"https:\/\/www.costabrava-wandern.de\/wp-content\/uploads\/Port-Vell-der-Hafen-von-Barcelona-Aussicht-von-der-Dachterrasse-des-Museu-dHist\u00f2ria-de-Catalunya.jpg\" width=\"1200\" height=\"502\" srcset=\"https:\/\/www.costabrava-wandern.de\/wp-content\/uploads\/Port-Vell-der-Hafen-von-Barcelona-Aussicht-von-der-Dachterrasse-des-Museu-dHist\u00f2ria-de-Catalunya.jpg 1200w, https:\/\/www.costabrava-wandern.de\/wp-content\/uploads\/Port-Vell-der-Hafen-von-Barcelona-Aussicht-von-der-Dachterrasse-des-Museu-dHist\u00f2ria-de-Catalunya-150x63.jpg 150w, https:\/\/www.costabrava-wandern.de\/wp-content\/uploads\/Port-Vell-der-Hafen-von-Barcelona-Aussicht-von-der-Dachterrasse-des-Museu-dHist\u00f2ria-de-Catalunya-300x126.jpg 300w, https:\/\/www.costabrava-wandern.de\/wp-content\/uploads\/Port-Vell-der-Hafen-von-Barcelona-Aussicht-von-der-Dachterrasse-des-Museu-dHist\u00f2ria-de-Catalunya-1024x428.jpg 1024w\" sizes=\"(max-width: 1200px) 100vw, 1200px\" title=\"Quelques jours de vacances \u00e0 Barcelone sont parfaits pour se d\u00e9tendre apr\u00e8s une randonn\u00e9e \u00e9puisante sur le GR-92 !\" alt=\"\" \t\tclass=\"so-widget-image\"\/>\n\t\t\t<\/a><\/div>\n\n<h3 class=\"widget-title\">Quelques jours de vacances \u00e0 Barcelone sont parfaits pour se d\u00e9tendre apr\u00e8s une randonn\u00e9e \u00e9puisante sur le GR-92 !<\/h3><\/div><\/div><\/div><\/div><div id=\"pg-18-5\"  class=\"panel-grid panel-no-style\" ><div id=\"pgc-18-5-0\"  class=\"panel-grid-cell\" ><div id=\"panel-18-5-0-0\" class=\"so-panel widget widget_sow-editor panel-first-child panel-last-child\" data-index=\"14\" ><div\n\t\t\t\n\t\t\tclass=\"so-widget-sow-editor so-widget-sow-editor-base\"\n\t\t\t\n\t\t><h3 class=\"widget-title\">Nouvelles<\/h3>\n<div class=\"siteorigin-widget-tinymce textwidget\">\n\t<p>D\u00e8s maintenant, il est m\u00eame possible de r\u00e9server individuellement un transport de bagages sur la Costa Brava. <a href=\"https:\/\/www.costabrava-wandern.de\/fr\/transport-de-bagages\/\">Vous trouverez des d\u00e9tails ici<\/a>.<\/p>\n<\/div>\n<\/div><\/div><\/div><div id=\"pgc-18-5-1\"  class=\"panel-grid-cell\" ><div id=\"panel-18-5-1-0\" class=\"so-panel widget widget_lsow-portfolio panel-first-child panel-last-child\" data-index=\"15\" ><div\n\t\t\t\n\t\t\tclass=\"so-widget-lsow-portfolio so-widget-lsow-portfolio-default-1398c7c9e37b-18\"\n\t\t\t\n\t\t><div class=\"lsow-portfolio-wrap lsow-gapless-grid\"><div id=\"lsow-portfolio-6a01d5785be93\" class=\"lsow-portfolio js-isotope lsow-fitRows lsow-grid-container  lsow-grid-desktop-1 lsow-grid-tablet-1 lsow-grid-mobile-1\" data-isotope-options='{ \"itemSelector\": \".lsow-portfolio-item\", \"layoutMode\": \"fitRows\"}'><div data-id=\"id-14895\" class=\"lsow-grid-item lsow-portfolio-item  term-5 term-11\"><article id=\"post-14895\" class=\"post-14895 post type-post status-publish format-standard has-post-thumbnail hentry category-gr-92-anreise category-gr-92-ueberblick-alle-etappen post-with-thumbnail post-with-thumbnail-large\"><div class=\"lsow-project-image\"><a href=\"https:\/\/www.costabrava-wandern.de\/fr\/gepaecktransport\/\" target=\"_self\"><img fetchpriority=\"high\" decoding=\"async\" width=\"720\" height=\"405\" src=\"https:\/\/www.costabrava-wandern.de\/wp-content\/uploads\/GR92-Wegbeschilderung-1024x576.jpg\" class=\"lsow-image skip-lazy no-lazyload exclude-me a3-notlazy wp-post-image\" alt=\"\" data-no-lazy=\"1\" loading=\"eager\" srcset=\"https:\/\/www.costabrava-wandern.de\/wp-content\/uploads\/GR92-Wegbeschilderung-1024x576.jpg 1024w, https:\/\/www.costabrava-wandern.de\/wp-content\/uploads\/GR92-Wegbeschilderung-150x84.jpg 150w, https:\/\/www.costabrava-wandern.de\/wp-content\/uploads\/GR92-Wegbeschilderung-300x169.jpg 300w, https:\/\/www.costabrava-wandern.de\/wp-content\/uploads\/GR92-Wegbeschilderung.jpg 1200w\" sizes=\"(max-width: 720px) 100vw, 720px\" \/><\/a><div class=\"lsow-image-info\"><div class=\"lsow-entry-info\"><h3 class=\"lsow-post-title\"><a href=\"https:\/\/www.costabrava-wandern.de\/fr\/gepaecktransport\/\" title=\"Transport des bagages\" target=\"_self\" rel=\"bookmark\">Transport des bagages<\/a><\/h3><\/div><\/div><!-- .lsow-image-info --><\/div><\/article><!-- .hentry --><\/div><\/div><!-- .lsow-portfolio --><\/div><!-- .lsow-portfolio-wrap --><\/div><\/div><\/div><\/div><\/div>","protected":false},"excerpt":{"rendered":"<p>Der GR 92 ist ein sonnig-mediterraner K\u00fcstenwanderweg entlang der Costa Brava (spanisch f\u00fcr &#8222;Wilde K\u00fcste&#8220;) und bietet neben herrlicher Landschaft mit Sonne und Meer auch viele kulturell-historische Highlights!\u00a0Auf der zehnt\u00e4gigen Fernwanderung trifft man auf viel Natur aber auch auf denkmalgesch\u00fctzte, mittelalterliche D\u00f6rfer und wandelt unter anderem auf den Spuren von Salvador Dal\u00ed, dem exzentrischen K\u00fcnstler [&hellip;]<\/p>\n","protected":false},"author":1,"featured_media":0,"parent":0,"menu_order":0,"comment_status":"closed","ping_status":"closed","template":"home-panels.php","meta":{"footnotes":""},"class_list":["post-18","page","type-page","status-publish","hentry","post"],"_links":{"self":[{"href":"https:\/\/www.costabrava-wandern.de\/fr\/wp-json\/wp\/v2\/pages\/18","targetHints":{"allow":["GET"]}}],"collection":[{"href":"https:\/\/www.costabrava-wandern.de\/fr\/wp-json\/wp\/v2\/pages"}],"about":[{"href":"https:\/\/www.costabrava-wandern.de\/fr\/wp-json\/wp\/v2\/types\/page"}],"author":[{"embeddable":true,"href":"https:\/\/www.costabrava-wandern.de\/fr\/wp-json\/wp\/v2\/users\/1"}],"replies":[{"embeddable":true,"href":"https:\/\/www.costabrava-wandern.de\/fr\/wp-json\/wp\/v2\/comments?post=18"}],"version-history":[{"count":15,"href":"https:\/\/www.costabrava-wandern.de\/fr\/wp-json\/wp\/v2\/pages\/18\/revisions"}],"predecessor-version":[{"id":38640,"href":"https:\/\/www.costabrava-wandern.de\/fr\/wp-json\/wp\/v2\/pages\/18\/revisions\/38640"}],"wp:attachment":[{"href":"https:\/\/www.costabrava-wandern.de\/fr\/wp-json\/wp\/v2\/media?parent=18"}],"curies":[{"name":"wp","href":"https:\/\/api.w.org\/{rel}","templated":true}]}}