{"id":25646,"date":"2020-12-27T10:38:14","date_gmt":"2020-12-27T09:38:14","guid":{"rendered":"https:\/\/www.costabrava-wandern.de\/cookie-richtlinie-eu\/"},"modified":"2025-04-28T17:26:40","modified_gmt":"2025-04-28T15:26:40","slug":"politique-relative-aux-cookies","status":"publish","type":"page","link":"https:\/\/www.costabrava-wandern.de\/fr\/cookie-richtlinie\/","title":{"rendered":"Politique en mati\u00e8re de cookies"},"content":{"rendered":"<div id=\"pl-25646\"  class=\"panel-layout\" ><div id=\"pg-25646-0\"  class=\"panel-grid panel-no-style\" ><div id=\"pgc-25646-0-0\"  class=\"panel-grid-cell\" ><div id=\"panel-25646-0-0-0\" class=\"so-panel widget widget_sow-editor panel-first-child\" data-index=\"0\" ><div\n\t\t\t\n\t\t\tclass=\"so-widget-sow-editor so-widget-sow-editor-base\"\n\t\t\t\n\t\t>\n<div class=\"siteorigin-widget-tinymce textwidget\">\n\t<p><!-- Legal document generated by Complianz | GDPR\/CCPA Cookie Consent https:\/\/wordpress.org\/plugins\/complianz-gdpr --><\/p>\n<div id=\"cmplz-document\" class=\"cmplz-document cookie-statement cmplz-document-eu\">\n<p><i>Cette politique de cookies est d\u00e9sormais ouverte \u00e0 partir du 19 juillet 2025 et s&#039;applique aux citoyens et r\u00e9sidents permanents de l&#039;Espace \u00e9conomique europ\u00e9en et de la Suisse.<\/i><\/p>\n<h2>1. Introduction<\/h2>\n<p>Notre site web, <a href=\"https:\/\/www.costabrava-wandern.de\/fr\">https:\/\/www.costabrava-wandern.de\/fr<\/a> (ci-apr\u00e8s : \u00ab le site web \u00bb) utilisation des cookies et autres technologies li\u00e9es (par simplification, toutes ces technologies ne sont pas con\u00e7ues par le terme \u00ab cookies \u00bb). Les cookies sont plac\u00e9s \u00e0 c\u00f4t\u00e9 des tierces parties que nous avons engag\u00e9es. Dans le document ci-dessous, nous vous informons de l&#039;utilisation des cookies sur notre site web.<\/p>\n<h2>2. Y a-t-il des cookies ?<\/h2>\n<p>Un cookie est un petit fichier simple envoy\u00e9 avec les pages de ce site web et stock\u00e9 par votre navigateur sur le disque dur de votre ordinateur ou d&#039;un autre appareil. Les informations qui y sont susceptibles d&#039;\u00eatre renvoy\u00e9es \u00e0 nos serveurs ou aux serveurs des tierces parties concern\u00e9es lors d&#039;une visite ult\u00e9rieure.<\/p>\n<h2>3. Que sont les scripts ?<\/h2>\n<p>Un script est un \u00e9l\u00e9ment du code utilis\u00e9 pour le site Web qui est correct et interactif. Ce code est ex\u00e9cut\u00e9 sur notre serveur ou sur votre appareil.<\/p>\n<h2>4. Qu&#039;est-ce qu&#039;une balise invisible ?<\/h2>\n<p>Une balise invisible (ou balise web) est un petit morceau de texte ou d&#039;image invisible sur un site web, utilis\u00e9 pour suivre le trafic sur un site web. Pour ce faire, diverses donn\u00e9es concernant vous sont transpos\u00e9es \u00e0 l&#039;aide de balises invisibles.<\/p>\n<h2>5. Cookies<\/h2>\n<p class=\"cmplz-subtitle\">5.1 Techniques ou fonctions des cookies<\/p>\n<p>Certains cookies assurent le bon fonctionnement de certains intervenants sur le site web et le prix de vos pr\u00e9f\u00e9rences sur Internet. En pla\u00e7ant des cookies fonctionnels, nous vous facilitons la visite de notre site web. Ainsi, vous n&#039;avez rien \u00e0 dire \u00e0 plusieurs reprises des m\u00eames informations lors de la visite de notre site web et, par exemple, les \u00e9l\u00e9ments restent dans votre panier jusqu&#039;\u00e0 votre paiement. Nous pouvons d\u00e9poser ces cookies sans votre consentement.<\/p>\n<p class=\"cmplz-subtitle\">5.2 Cookies de marketing\/suivi<\/p>\n<p>Les cookies de marketing\/suivi sont des cookies ou toute autre forme de stockage local, utilis\u00e9s pour cr\u00e9er des profils d&#039;utilisateurs afin d&#039;afficher de la publicit\u00e9 ou de suivre l&#039;utilisateur sur ce site web ou sur plusieurs sites web dans des finalit\u00e9s marketing similaires.<\/p>\n<h2>6. Emplacements des cookies<\/h2>\n<div id=\"cmplz-cookies-overview\">\n<details class=\"cmplz-dropdown cmplz-service-desc cmplz-dropdown-cookiepolicy\">\n<summary class=\"cmplz-service-header\">\n<div>\n<h3>conformit\u00e9<\/h3>\n<p>Fonctionnel<\/p>\n<p>\t\t<label for=\"cmplz_service_complianz\" class=\"cmplz_consent_per_service_label\"><span class=\"screen-reader-text\">Consentement \u00e0 la conformit\u00e9 du service<\/span><\/label><br \/>\n\t\t<input type=\"checkbox\" id=\"cmplz_service_complianz\" class=\"cmplz-accept-service cmplz-hidden\" data-service=\"complianz\" data-category=\"functional\"><\/div>\n<\/summary>\n<div class=\"cmplz-service-description\">\n<h4>Utilisation<\/h4>\n<p>Nous utilisons Complianz pour la gestion du consentement aux cookies.<\/p>\n<\/p><\/div>\n<div class=\"cmplz-sharing-data\">\n<h4>Partage de donn\u00e9es<\/h4>\n<p>Ces donn\u00e9es ne font pas partie des parties avec les parties hi\u00e9rarchis\u00e9es. Pour plus d&#039;informations, veuillez lire la <a target=\"_blank\" rel=\"noopener noreferrer\" href=\"https:\/\/complianz.io\/legal\/privacy-statement\/\">d\u00e9claration de respect de la confidentialit\u00e9<\/a>.<\/p>\n<\/p><\/div>\n<div class=\"cookies-per-purpose\">\n<div class=\"purpose\">\n<h4>Fonctionnel<\/h4>\n<\/div>\n<div class=\"name-header\">\n<h5>Nom<\/h5>\n<\/div>\n<div class=\"name\">cmplz_consented_services<\/div>\n<div class=\"retention-header\">\n<h5>Expiration<\/h5>\n<\/div>\n<div class=\"retention\">365 jours<\/div>\n<div class=\"function-header\">\n<h5>Fonction<\/h5>\n<\/div>\n<div class=\"function\">Enregistrer les pr\u00e9f\u00e9rences de consentement aux cookies<\/div>\n<div class=\"name-header\">\n<h5>Nom<\/h5>\n<\/div>\n<div class=\"name\">cmplz_policy_id<\/div>\n<div class=\"retention-header\">\n<h5>Expiration<\/h5>\n<\/div>\n<div class=\"retention\">365 jours<\/div>\n<div class=\"function-header\">\n<h5>Fonction<\/h5>\n<\/div>\n<div class=\"function\">Identifiant de la politique de cookies accept\u00e9e par le magasin<\/div>\n<div class=\"name-header\">\n<h5>Nom<\/h5>\n<\/div>\n<div class=\"name\">cmplz_marketing<\/div>\n<div class=\"retention-header\">\n<h5>Expiration<\/h5>\n<\/div>\n<div class=\"retention\">365 jours<\/div>\n<div class=\"function-header\">\n<h5>Fonction<\/h5>\n<\/div>\n<div class=\"function\">Enregistrer les pr\u00e9f\u00e9rences de consentement aux cookies<\/div>\n<div class=\"name-header\">\n<h5>Nom<\/h5>\n<\/div>\n<div class=\"name\">cmplz_statistics<\/div>\n<div class=\"retention-header\">\n<h5>Expiration<\/h5>\n<\/div>\n<div class=\"retention\">365 jours<\/div>\n<div class=\"function-header\">\n<h5>Fonction<\/h5>\n<\/div>\n<div class=\"function\">Enregistrer les pr\u00e9f\u00e9rences de consentement aux cookies<\/div>\n<div class=\"name-header\">\n<h5>Nom<\/h5>\n<\/div>\n<div class=\"name\">cmplz_preferences<\/div>\n<div class=\"retention-header\">\n<h5>Expiration<\/h5>\n<\/div>\n<div class=\"retention\">365 jours<\/div>\n<div class=\"function-header\">\n<h5>Fonction<\/h5>\n<\/div>\n<div class=\"function\">Enregistrer les pr\u00e9f\u00e9rences de consentement aux cookies<\/div>\n<div class=\"name-header\">\n<h5>Nom<\/h5>\n<\/div>\n<div class=\"name\">cmplz_fonctionnel<\/div>\n<div class=\"retention-header\">\n<h5>Expiration<\/h5>\n<\/div>\n<div class=\"retention\">365 jours<\/div>\n<div class=\"function-header\">\n<h5>Fonction<\/h5>\n<\/div>\n<div class=\"function\">Enregistrer les pr\u00e9f\u00e9rences de consentement aux cookies<\/div>\n<div class=\"name-header\">\n<h5>Nom<\/h5>\n<\/div>\n<div class=\"name\">statut cmplz_banner<\/div>\n<div class=\"retention-header\">\n<h5>Expiration<\/h5>\n<\/div>\n<div class=\"retention\">365 jours<\/div>\n<div class=\"function-header\">\n<h5>Fonction<\/h5>\n<\/div>\n<div class=\"function\">Enregistrer si la banni\u00e8re de cookies a \u00e9t\u00e9 ferm\u00e9e<\/div>\n<\/div>\n<\/details>\n<details class=\"cmplz-dropdown cmplz-service-desc cmplz-dropdown-cookiepolicy\">\n<summary class=\"cmplz-service-header\">\n<div>\n<h3>T\u00e9l\u00e9chargements num\u00e9riques faciles<\/h3>\n<p>Fonctionnel<\/p>\n<p>\t\t<label for=\"cmplz_service_easy-digital-downloads\" class=\"cmplz_consent_per_service_label\"><span class=\"screen-reader-text\">Consentement au service de t\u00e9l\u00e9chargements num\u00e9riques faciles<\/span><\/label><br \/>\n\t\t<input type=\"checkbox\" id=\"cmplz_service_easy-digital-downloads\" class=\"cmplz-accept-service cmplz-hidden\" data-service=\"easy-digital-downloads\" data-category=\"functional\"><\/div>\n<\/summary>\n<div class=\"cmplz-service-description\">\n<h4>Utilisation<\/h4>\n<p>Nous utilisons Easy Digital Downloads pour la gestion de boutique en ligne.<\/p>\n<\/p><\/div>\n<div class=\"cmplz-sharing-data\">\n<h4>Partage de donn\u00e9es<\/h4>\n<p>Ces donn\u00e9es ne font pas partie des parties avec les parties hi\u00e9rarchis\u00e9es.<\/p>\n<\/p><\/div>\n<div class=\"cookies-per-purpose\">\n<div class=\"purpose\">\n<h4>Fonctionnel<\/h4>\n<\/div>\n<div class=\"name-header\">\n<h5>Nom<\/h5>\n<\/div>\n<div class=\"name\">edd_articles_dans_le_panier<\/div>\n<div class=\"retention-header\">\n<h5>Expiration<\/h5>\n<\/div>\n<div class=\"retention\">30 minutes<\/div>\n<div class=\"function-header\">\n<h5>Fonction<\/h5>\n<\/div>\n<div class=\"function\">Stocker les \u00e9l\u00e9ments dans le panier de la boutique<\/div>\n<\/div>\n<\/details>\n<details class=\"cmplz-dropdown cmplz-service-desc cmplz-dropdown-cookiepolicy\">\n<summary class=\"cmplz-service-header\">\n<div>\n<h3>Divers<\/h3>\n<p>Finalit\u00e9 en attente d&#039;enqu\u00eate<\/p>\n<p>\t\t<label for=\"cmplz_service_divers\" class=\"cmplz_consent_per_service_label\"><span class=\"screen-reader-text\">Consentement au service de divers<\/span><\/label><br \/>\n\t\t<input type=\"checkbox\" id=\"cmplz_service_divers\" class=\"cmplz-accept-service cmplz-hidden\" data-service=\"divers\" data-category=\"functional\"><\/div>\n<\/summary>\n<div class=\"cmplz-service-description\">\n<h4>Utilisation<\/h4>\n<\/p><\/div>\n<div class=\"cmplz-sharing-data\">\n<h4>Partage de donn\u00e9es<\/h4>\n<p>La partie des donn\u00e9es est en cours d&#039;enqu\u00eate<\/p>\n<\/p><\/div>\n<div class=\"cookies-per-purpose\">\n<div class=\"purpose\">\n<h4>Finalit\u00e9 en attente d&#039;enqu\u00eate<\/h4>\n<\/div>\n<div class=\"name-header\">\n<h5>Nom<\/h5>\n<\/div>\n<div class=\"name\">ppress_settings_data_active-tab<\/div>\n<div class=\"retention-header\">\n<h5>Expiration<\/h5>\n<\/div>\n<div class=\"retention\"><\/div>\n<div class=\"function-header\">\n<h5>Fonction<\/h5>\n<\/div>\n<div class=\"function\"><\/div>\n<div class=\"name-header\">\n<h5>Nom<\/h5>\n<\/div>\n<div class=\"name\">rang-maths-option-indice-g\u00e9n\u00e9ral<\/div>\n<div class=\"retention-header\">\n<h5>Expiration<\/h5>\n<\/div>\n<div class=\"retention\"><\/div>\n<div class=\"function-header\">\n<h5>Fonction<\/h5>\n<\/div>\n<div class=\"function\"><\/div>\n<div class=\"name-header\">\n<h5>Nom<\/h5>\n<\/div>\n<div class=\"name\">rank-math-option-sitemap-index<\/div>\n<div class=\"retention-header\">\n<h5>Expiration<\/h5>\n<\/div>\n<div class=\"retention\"><\/div>\n<div class=\"function-header\">\n<h5>Fonction<\/h5>\n<\/div>\n<div class=\"function\"><\/div>\n<div class=\"name-header\">\n<h5>Nom<\/h5>\n<\/div>\n<div class=\"name\">bulkSecret<\/div>\n<div class=\"retention-header\">\n<h5>Expiration<\/h5>\n<\/div>\n<div class=\"retention\"><\/div>\n<div class=\"function-header\">\n<h5>Fonction<\/h5>\n<\/div>\n<div class=\"function\"><\/div>\n<div class=\"name-header\">\n<h5>Nom<\/h5>\n<\/div>\n<div class=\"name\">classement-math-option-titres-index<\/div>\n<div class=\"retention-header\">\n<h5>Expiration<\/h5>\n<\/div>\n<div class=\"retention\"><\/div>\n<div class=\"function-header\">\n<h5>Fonction<\/h5>\n<\/div>\n<div class=\"function\"><\/div>\n<div class=\"name-header\">\n<h5>Nom<\/h5>\n<\/div>\n<div class=\"name\">classement-math-option-recherche-index<\/div>\n<div class=\"retention-header\">\n<h5>Expiration<\/h5>\n<\/div>\n<div class=\"retention\"><\/div>\n<div class=\"function-header\">\n<h5>Fonction<\/h5>\n<\/div>\n<div class=\"function\"><\/div>\n<div class=\"name-header\">\n<h5>Nom<\/h5>\n<\/div>\n<div class=\"name\">info-bullePause<\/div>\n<div class=\"retention-header\">\n<h5>Expiration<\/h5>\n<\/div>\n<div class=\"retention\"><\/div>\n<div class=\"function-header\">\n<h5>Fonction<\/h5>\n<\/div>\n<div class=\"function\"><\/div>\n<div class=\"name-header\">\n<h5>Nom<\/h5>\n<\/div>\n<div class=\"name\">WP_PREFERENCES_USER_1<\/div>\n<div class=\"retention-header\">\n<h5>Expiration<\/h5>\n<\/div>\n<div class=\"retention\"><\/div>\n<div class=\"function-header\">\n<h5>Fonction<\/h5>\n<\/div>\n<div class=\"function\"><\/div>\n<div class=\"name-header\">\n<h5>Nom<\/h5>\n<\/div>\n<div class=\"name\">WP_DATA_USER_1<\/div>\n<div class=\"retention-header\">\n<h5>Expiration<\/h5>\n<\/div>\n<div class=\"retention\"><\/div>\n<div class=\"function-header\">\n<h5>Fonction<\/h5>\n<\/div>\n<div class=\"function\"><\/div>\n<div class=\"name-header\">\n<h5>Nom<\/h5>\n<\/div>\n<div class=\"name\">NFWSESSID<\/div>\n<div class=\"retention-header\">\n<h5>Expiration<\/h5>\n<\/div>\n<div class=\"retention\"><\/div>\n<div class=\"function-header\">\n<h5>Fonction<\/h5>\n<\/div>\n<div class=\"function\"><\/div>\n<\/div>\n<\/details>\n<\/div>\n<h2>7. Consentement<\/h2>\n<p>Lorsque vous visitez notre site web pour la premi\u00e8re fois, nous vous montrons une fen\u00eatre contextuelle avec une explication sur les cookies. Si vous cliquez sur &quot;Enregistrer les param\u00e8tres&quot;, vous n&#039;\u00eates pas oblig\u00e9 d&#039;autoriser l&#039;utilisation des cat\u00e9gories de cookies et des extensions que vous avez s\u00e9lectionn\u00e9es dans la fen\u00eatre contextuelle, vous d\u00e9cidez donc de la politique actuelle de cookies. Vous pouvez d\u00e9sactiver l&#039;utilisation des cookies via votre navigateur, mais veuillez noter que notre site web pourrait ne plus fonctionner correctement.<\/p>\n<p class=\"cmplz-subtitle\">7.1 G\u00e9rez vos r\u00e8glements de consentement<\/p>\n<div id=\"cmplz-manage-consent-container-nojavascript\">Vous avez factur\u00e9 la politique de cookies sans le support de JavaScript. Sur AMP, vous pouvez utiliser le bouton de consentement sur la page.<\/div>\n<div id=\"cmplz-manage-consent-container\" class=\"cmplz-manage-consent-container\"><\/div>\n<h2>8. Activer\/d\u00e9sactiver et supprimer les cookies<\/h2>\n<p>Vous pouvez utiliser votre navigateur Internet pour supprimer les cookies automatiques ou manuels. Vous pouvez \u00e9galement sp\u00e9cifier que certains cookies ne peuvent pas \u00eatre plac\u00e9s. Une autre option consiste \u00e0 modifier les r\u00e8gles de votre navigation sur Internet pour que vous receviez un message vous disant fois qu&#039;un cookie est place. Pour plus d&#039;informations sur ces options, reportez-vous aux instructions de la section Aide de votre navigateur.<\/p>\n<p>Vous devez noter que notre site web n&#039;a pas la valeur correcte si les cookies sont d\u00e9sactiv\u00e9s. Si vous supprimez les cookies dans votre navigateur, les nouveaux emplacements seront disponibles apr\u00e8s votre consentement \u00e0 acc\u00e9der au site Web.<\/p>\n<h2>9. Vos droits concernant les donn\u00e9es personnelles<\/h2>\n<p>Vous avez les droits suivants concernant vos donn\u00e9es personnelles\u00a0:<\/p>\n<ul>\n<li>Vous avez le droit de savoir pourquoi vos donn\u00e9es personnelles sont n\u00e9cessaires, ce qui leur arrivera et combien de temps elles seront conserv\u00e9es.<\/li>\n<li>Droit d&#039;acc\u00e8s\u00a0: vous avez le droit d&#039;acc\u00e9der \u00e0 vos donn\u00e9es personnelles que nous connaissons.<\/li>\n<li>Droit de rectification\u00a0: vous avez le droit \u00e0 tout moment de compl\u00e9ter, corriger, faire supprimer ou bloquer vos donn\u00e9es personnelles.<\/li>\n<li>Si vous nous donnez votre consentement pour le traitement de vos donn\u00e9es, vous avez le droit de r\u00e9voquer ce consentement et de faire suppresser vos donn\u00e9es personnelles.<\/li>\n<li>Droit de transfert de vos donn\u00e9es\u00a0: vous avez le droit de demander toutes vos donn\u00e9es personnelles au responsable du traitement et de les transf\u00e9rer dans leur int\u00e9gralit\u00e9 \u00e0 un autre responsable du traitement.<\/li>\n<li>Droit d&#039;opposition\u00a0: vous pouvez vous opposer au traitement de vos donn\u00e9es. Nous obtemp\u00e9rons, \u00e0 moins que certaines raisons ne justifient ce traitement.<\/li>\n<\/ul>\n<p>Pour exercer ces droits, veuillez nous contacter. Veuillez vous r\u00e9f\u00e9rer aux coordonn\u00e9es \u00e0 la base de cette politique de cookies. Si vous avez une plainte concernant la fa\u00e7on dont nous traitons vos donn\u00e9es, nous aimerions en \u00eatre inform\u00e9s, mais vous avez \u00e9galement le droit de d\u00e9poser une plainte aupr\u00e8s de l&#039;autorit\u00e9 de contr\u00f4le (l&#039;autorit\u00e9 charg\u00e9e de la protection des donn\u00e9es).<\/p>\n<h2>10. Cordonn\u00e9es<\/h2>\n<p>Pour des questions et\/ou des commentaires sur notre politique de cookies et cette d\u00e9claration, veuillez nous contacter en utilisant les coordonn\u00e9es suivantes\u00a0:<\/p>\n<p><span class=\"cmplz-contact-organisation\">Franck Ehlers<\/span><br \/>\n                      <span class=\"cmplz-contact-address\">rue f\u00e9d\u00e9rale 82<br \/>\n20144 Hambourg<\/span><br \/>\n                      <span class=\"cmplz-contact-country\">Allemagne<\/span><br \/>\n                      <span class=\"cmplz-contact-domain\">site Web : <a href=\"https:\/\/www.costabrava-wandern.de\/fr\">https:\/\/www.costabrava-wandern.de\/fr<\/a><\/span><br \/>\n                      <span class=\"cmplz-contact-email\">E-mail : <span class=\"cmplz-obfuscate\">info@<span class=\"cmplz-fmail-domain\">ex.com<\/span>&#119;an&#100;&#101;&#114;&#110;&#100;elu&#120;e&#046;&#100;&#101;<\/span><\/span><br \/>\n                    <span class=\"cmplz-contact-telephone\"><\/span><\/p>\n<p>Cette politique de cookies a \u00e9t\u00e9 synchronis\u00e9e avec <a href=\"https:\/\/cookiedatabase.org\/\" target=\"_blank\" rel=\"noopener\">cookiedatabase.org<\/a> 28 avril 2025.<\/p>\n<\/div>\n<\/div>\n<\/div><\/div><div id=\"panel-25646-0-0-1\" class=\"widget_text so-panel widget widget_custom_html panel-last-child\" data-index=\"1\" ><h3 class=\"widget-title\">G\u00e9rer vos param\u00e8tres de cookies<\/h3><div class=\"textwidget custom-html-widget\">Vous avez donn\u00e9 votre consentement aux cat\u00e9gories de cookies suivantes\u00a0:\n<div id=\"cmplz-manage-consent-container-nojavascript\">Vous avez factur\u00e9 la politique de cookies sans le support de JavaScript. Sur AMP, vous pouvez utiliser le bouton de consentement sur la page.<\/div><div id=\"cmplz-manage-consent-container\" name=\"cmplz-manage-consent-container\" class=\"cmplz-manage-consent-container\"><\/div>\nVous pouvez r\u00e9voquer ou redonner votre consentement \u00e0 tout moment\u00a0:\n<style>.cmplz-status-accepted,.cmplz-status-denied {display: none;}<\/style>\n\t\t\t\t<script>\n\t\t\t\tdocument.addEventListener('cmplz_before_cookiebanner', function(){\n                    if (cmplz_has_consent('marketing')) {\n\t\t\t\t        document.querySelector('.cmplz-status-accepted').style.display = 'block';\n\t\t\t\t        document.querySelector('.cmplz-status-denied').style.display = 'none';\n\t\t\t\t    } else {\n\t\t\t\t\t\tdocument.querySelector('.cmplz-status-accepted').style.display = 'none';\n\t\t\t\t        document.querySelector('.cmplz-status-denied').style.display = 'block';\n\t\t\t\t\t\tdocument.querySelector('.cmplz-revoke-custom').setAttribute('disabled', true);\n\n\t\t\t\t    }\n                    document.addEventListener('click', e => {\n\t\t\t\t\t\tif ( e.target.closest('.cmplz-revoke-custom') ) {\n\t\t\t\t\t\t\tdocument.querySelector('.cmplz-revoke-custom').setAttribute('disabled', true);\n                            cmplz_set_banner_status('dismissed');\n\t\t\t\t\t\t}\n\t\t\t\t\t});\n                    document.addEventListener('click', e => {\n\t\t\t\t\t\tif ( e.target.closest('.cmplz-accept') ) {\n                            document.querySelector('.cmplz-status-accepted').style.display = 'block';\n\t\t\t\t        \tdocument.querySelector('.cmplz-status-denied').style.display = 'none';\n\t\t\t\t\t\t\tdocument.querySelector('.cmplz-revoke-custom').removeAttribute('disabled');\n\t\t\t\t\t\t}\n\t\t\t\t\t});\n\t\t\t\t});\n\t\t\t<\/script><button class=\"cmplz-deny cmplz-revoke-custom\">R\u00e9voquer le consentement aux cookies<\/button>&nbsp;<span class=\"cmplz-status-accepted\">Statut actuel\u00a0: Accept\u00e9<\/span><span class=\"cmplz-status-denied\">Statut actuel\u00a0:\u00a0Refuser<\/span>\n\n<div class=\"cmplz-custom-accept-btn cmplz-accept\"><a href=\"#\">Accorder le consentement aux cookies<\/a><\/div>\n<\/div><\/div><\/div><\/div><\/div>","protected":false},"excerpt":{"rendered":"<p>Cette politique de cookies a \u00e9t\u00e9 mise \u00e0 jour pour la derni\u00e8re fois le 19. juin 2025 et s\u2019applique aux citoyens et aux r\u00e9sidents permanents l\u00e9gaux de l\u2019Espace \u00c9conomique Europ\u00e9en et de la Suisse. 1. Introduction Notre site web, https:\/\/www.costabrava-wandern.de\/fr (ci-apr\u00e8s\u00a0: \u00ab\u00a0le site web\u00a0\u00bb) utilise des cookies et autres technologies li\u00e9es (par simplification, toutes ces [&hellip;]<\/p>\n","protected":false},"author":1,"featured_media":0,"parent":0,"menu_order":0,"comment_status":"closed","ping_status":"closed","template":"","meta":{"footnotes":""},"class_list":["post-25646","page","type-page","status-publish","hentry","post"],"_links":{"self":[{"href":"https:\/\/www.costabrava-wandern.de\/fr\/wp-json\/wp\/v2\/pages\/25646","targetHints":{"allow":["GET"]}}],"collection":[{"href":"https:\/\/www.costabrava-wandern.de\/fr\/wp-json\/wp\/v2\/pages"}],"about":[{"href":"https:\/\/www.costabrava-wandern.de\/fr\/wp-json\/wp\/v2\/types\/page"}],"author":[{"embeddable":true,"href":"https:\/\/www.costabrava-wandern.de\/fr\/wp-json\/wp\/v2\/users\/1"}],"replies":[{"embeddable":true,"href":"https:\/\/www.costabrava-wandern.de\/fr\/wp-json\/wp\/v2\/comments?post=25646"}],"version-history":[{"count":4,"href":"https:\/\/www.costabrava-wandern.de\/fr\/wp-json\/wp\/v2\/pages\/25646\/revisions"}],"predecessor-version":[{"id":38712,"href":"https:\/\/www.costabrava-wandern.de\/fr\/wp-json\/wp\/v2\/pages\/25646\/revisions\/38712"}],"wp:attachment":[{"href":"https:\/\/www.costabrava-wandern.de\/fr\/wp-json\/wp\/v2\/media?parent=25646"}],"curies":[{"name":"wp","href":"https:\/\/api.w.org\/{rel}","templated":true}]}}