{"id":28,"date":"2016-02-16T18:49:36","date_gmt":"2016-02-16T18:49:36","guid":{"rendered":"https:\/\/www.costabrava-wandern.de\/?page_id=28"},"modified":"2025-04-28T17:27:51","modified_gmt":"2025-04-28T15:27:51","slug":"intimite","status":"publish","type":"page","link":"https:\/\/www.costabrava-wandern.de\/fr\/datenschutz\/","title":{"rendered":"D\u00e9claration de confidentialit\u00e9"},"content":{"rendered":"<div id=\"pl-28\"  class=\"panel-layout\" ><div id=\"pg-28-0\"  class=\"panel-grid panel-no-style\" ><div id=\"pgc-28-0-0\"  class=\"panel-grid-cell\" ><div id=\"panel-28-0-0-0\" class=\"so-panel widget widget_sow-editor panel-first-child\" data-index=\"0\" ><div\n\t\t\t\n\t\t\tclass=\"so-widget-sow-editor so-widget-sow-editor-base\"\n\t\t\t\n\t\t>\n<div class=\"siteorigin-widget-tinymce textwidget\">\n\t<p>Lors de l&#039;utilisation de notre site Web, des donn\u00e9es personnelles au sens de la loi f\u00e9d\u00e9rale allemande sur la protection des donn\u00e9es et du r\u00e8glement g\u00e9n\u00e9ral europ\u00e9en sur la protection des donn\u00e9es (EU-GDPR) sont collect\u00e9es et stock\u00e9es de diff\u00e9rentes mani\u00e8res. Cela se fait de diff\u00e9rentes mani\u00e8res selon le domaine d&#039;utilisation :<\/p>\n<p><strong>T\u00e9l\u00e9chargements<\/strong><\/p>\n<p>Nous proposons des t\u00e9l\u00e9chargements de fichiers sur notre site Web. Les &quot;cookies&quot; (petits fichiers texte qui sont stock\u00e9s sur votre ordinateur par le navigateur) sont utilis\u00e9s pour mettre en cache le contenu du panier. Dans la suite du processus de commande, nous collectons votre adresse e-mail afin de vous envoyer une fois par e-mail les liens de t\u00e9l\u00e9chargement souhait\u00e9s. L&#039;indication du nom et du pr\u00e9nom est facultative. Le programme &quot;Easy Digital Downloads&quot; ou le plugin WordPress que nous utilisons pour les t\u00e9l\u00e9chargements de fichiers stocke les informations suivantes dans notre base de donn\u00e9es\u00a0: adresse e-mail, nom et pr\u00e9nom (si sp\u00e9cifi\u00e9 par vous), les fichiers de t\u00e9l\u00e9chargement s\u00e9lectionn\u00e9s (panier) et l&#039;historique des t\u00e9l\u00e9chargements (un journal indiquant quand et \u00e0 quelle fr\u00e9quence vous avez t\u00e9l\u00e9charg\u00e9 quels fichiers). Ce stockage de donn\u00e9es est utilis\u00e9 pour le traitement automatis\u00e9 de vos demandes de t\u00e9l\u00e9chargement de fichiers et pour des \u00e9valuations statistiques. Sur votre demande, nous supprimerons vos donn\u00e9es personnelles de notre base de donn\u00e9es.<\/p>\n<p><strong>commentaires<\/strong><\/p>\n<p>Si vous laissez une contribution ou un commentaire sur ce site Web, votre nom, votre adresse e-mail et - si vous l&#039;avez saisi dans le formulaire - \u00e9ventuellement \u00e9galement votre site Web seront stock\u00e9s chez nous. Votre adresse e-mail n&#039;est pas visible publiquement, mais nous pouvons l&#039;utiliser pour des questions ou des r\u00e9ponses en rapport avec votre commentaire. Si vous souhaitez faire supprimer un commentaire que vous avez saisi, veuillez nous en informer par e-mail.<\/p>\n<p><strong>Abonnez-vous aux notifications sur les commentaires<\/strong><\/p>\n<p>Ind\u00e9pendamment de la possibilit\u00e9 de laisser vous-m\u00eame des commentaires sur le site Web, il existe \u00e9galement la possibilit\u00e9 d&#039;\u00eatre inform\u00e9 par nous des nouveaux commentaires sur un message par e-mail. Dans ce cas, nous enregistrons votre adresse e-mail et la ou les contributions auxquelles vous souhaitez vous abonner aux commentaires. Pour des raisons de s\u00e9curit\u00e9, vous devez confirmer votre consentement en utilisant la proc\u00e9dure dite de double opt-in. Vous pouvez supprimer vos abonnements aux notifications \u00e0 tout moment\u00a0; les liens de d\u00e9sabonnement correspondants sont inclus dans chaque e-mail de notification.<\/p>\n<p><strong>Formulaire de contact \/ E-mails<\/strong><\/p>\n<p>Si vous nous contactez par e-mail ou via le formulaire de contact avec des questions de toute nature, donnez-nous votre consentement volontaire dans le but d&#039;\u00e9tablir un contact. Cela n\u00e9cessite la sp\u00e9cification d&#039;une adresse e-mail valide. Ceci est utilis\u00e9 pour allouer la requ\u00eate puis pour y r\u00e9pondre. La fourniture de donn\u00e9es suppl\u00e9mentaires est facultative. Les informations que vous fournissez seront stock\u00e9es dans le but de traiter la demande et pour d&#039;\u00e9ventuelles questions de suivi.<\/p>\n<p><strong>Utilisation de Google Maps<\/strong><\/p>\n<p>Ce site Web utilise l&#039;API Google Maps pour afficher visuellement des informations g\u00e9ographiques. Lors de l&#039;utilisation de Google Maps, Google collecte, traite et utilise \u00e9galement des donn\u00e9es sur l&#039;utilisation des fonctions cartographiques par les visiteurs. Vous pouvez trouver plus d&#039;informations sur le traitement des donn\u00e9es par Google <a href=\"http:\/\/www.google.com\/privacypolicy.html\" target=\"_blank\" rel=\"noopener\">la politique de confidentialit\u00e9 de Google<\/a> retirer. L\u00e0, vous pouvez \u00e9galement modifier vos param\u00e8tres de protection des donn\u00e9es personnelles dans le centre de protection des donn\u00e9es.<\/p>\n<p>Instructions d\u00e9taill\u00e9es sur la gestion de vos propres donn\u00e9es en rapport avec les produits Google<a href=\"http:\/\/www.dataliberation.org\/\" target=\"_blank\" rel=\"noopener\"> Vous trouverez ici<\/a>.<\/p>\n<p><strong>Localisation \/ g\u00e9olocalisation<\/strong><\/p>\n<p>Avec les cartes bas\u00e9es sur OpenStreetMap int\u00e9gr\u00e9es sur notre site Web, nous offrons en option la possibilit\u00e9 d&#039;afficher votre propre emplacement sur la carte. Il s&#039;agit d&#039;une fonctionnalit\u00e9 de la norme dite HTML 5. Avant que vos donn\u00e9es de localisation ne soient demand\u00e9es, votre navigateur vous demandera votre consentement explicite. Nous n&#039;\u00e9valuons pas votre position transmise de cette mani\u00e8re. La d\u00e9termination de l&#039;emplacement sert uniquement \u00e0 vous montrer la section de carte autour de votre position actuelle.<\/p>\n<\/div>\n<\/div><\/div><div id=\"panel-28-0-0-1\" class=\"so-panel widget widget_sow-editor\" data-index=\"1\" ><div\n\t\t\t\n\t\t\tclass=\"so-widget-sow-editor so-widget-sow-editor-base\"\n\t\t\t\n\t\t>\n<div class=\"siteorigin-widget-tinymce textwidget\">\n\t<p><strong>Participation \u00e0 des programmes de partenaires affili\u00e9s<\/strong><\/p>\n<p><span class=\"ts-muster-content\">Dans le cadre de notre offre en ligne, nous utilisons des mesures de suivi usuelles dans le secteur sur la base de nos int\u00e9r\u00eats l\u00e9gitimes (c&#039;est-\u00e0-dire l&#039;int\u00e9r\u00eat pour l&#039;analyse, l&#039;optimisation et le fonctionnement \u00e9conomique de notre offre en ligne) conform\u00e9ment \u00e0 l&#039;article 6, paragraphe 1, lit. Dans ce qui suit, nous expliquons le contexte technique aux utilisateurs.<\/span><\/p>\n<p>Les services propos\u00e9s par nos partenaires contractuels peuvent \u00e9galement \u00eatre annonc\u00e9s et li\u00e9s sur d&#039;autres sites Web (liens dits d&#039;affiliation ou syst\u00e8mes apr\u00e8s-vente, si, par exemple, des liens ou des services tiers sont propos\u00e9s apr\u00e8s la conclusion d&#039;un contrat). Les op\u00e9rateurs des sites Web respectifs re\u00e7oivent une commission si les utilisateurs suivent les liens d&#039;affiliation et profitent ensuite des offres.<\/p>\n<p>En r\u00e9sum\u00e9, il est n\u00e9cessaire pour notre offre en ligne que nous puissions savoir si les utilisateurs int\u00e9ress\u00e9s par les liens d&#039;affiliation et\/ou les offres disponibles chez nous per\u00e7oivent ult\u00e9rieurement les offres \u00e0 l&#039;instigation des liens d&#039;affiliation ou de notre plateforme en ligne. \u00c0 cette fin, les liens d&#039;affiliation et nos offres sont compl\u00e9t\u00e9s par certaines valeurs qui peuvent \u00eatre d\u00e9finies dans le cadre du lien ou autrement, par exemple dans un cookie. Les valeurs comprennent notamment le site Web source (r\u00e9f\u00e9rent), l&#039;heure, un identifiant en ligne de l&#039;exploitant du site Web sur lequel se trouvait le lien d&#039;affiliation, un identifiant en ligne de l&#039;offre respective, un identifiant en ligne de l&#039;utilisateur, ainsi que que le suivi de valeurs sp\u00e9cifiques telles que l&#039;ID de support publicitaire, l&#039;ID de partenaire et les cat\u00e9gorisations.<\/p>\n<p>Les ID utilisateur en ligne que nous utilisons sont des valeurs pseudonymes. Cela signifie que les identifiants en ligne eux-m\u00eames ne contiennent aucune donn\u00e9e personnelle telle que des noms ou des adresses e-mail. Ils nous aident uniquement \u00e0 d\u00e9terminer si le m\u00eame utilisateur qui a cliqu\u00e9 sur un lien d&#039;affiliation ou qui s&#039;est int\u00e9ress\u00e9 \u00e0 une offre via notre offre en ligne a profit\u00e9 de l&#039;offre, c&#039;est-\u00e0-dire a conclu un contrat avec le fournisseur, par exemple. Cependant, l&#039;identifiant en ligne est personnel dans la mesure o\u00f9 l&#039;entreprise partenaire et nous-m\u00eames avons l&#039;identifiant en ligne avec d&#039;autres donn\u00e9es d&#039;utilisateur. C&#039;est le seul moyen pour l&#039;entreprise partenaire de nous dire si l&#039;utilisateur a profit\u00e9 de l&#039;offre et si nous pouvons, par exemple, recevoir le bonus.<\/p>\n<p><strong>Programme d&#039;affiliation Booking.com<\/strong><\/p>\n<p><span class=\"ts-muster-content\">Sur la base de nos int\u00e9r\u00eats l\u00e9gitimes (c&#039;est-\u00e0-dire l&#039;int\u00e9r\u00eat pour le fonctionnement \u00e9conomique de notre offre en ligne au sens de l&#039;art. 6 al. 1 lit. f. RGPD), nous participons au programme de partenariat Booking.com, qui a \u00e9t\u00e9 con\u00e7u pour fournir un support pour les sites Web au moyen duquel le remboursement de la publicit\u00e9 peut \u00eatre gagn\u00e9 en pla\u00e7ant des publicit\u00e9s et des liens vers Booking.com (syst\u00e8me dit d&#039;affiliation). Booking.com utilise des cookies pour suivre l&#039;origine des r\u00e9servations. Entre autres choses, Booking.com peut reconna\u00eetre que vous avez cliqu\u00e9 sur le lien partenaire sur ce site Web et que vous avez ensuite effectu\u00e9 une r\u00e9servation avec Booking.com.<\/span><\/p>\n<p>Pour plus d&#039;informations sur la mani\u00e8re dont Booking.com utilise les donn\u00e9es et comment vous pouvez vous y opposer, consultez la politique de confidentialit\u00e9 de l&#039;entreprise\u00a0: <a href=\"https:\/\/www.booking.com\/content\/privacy.de.html\" target=\"_blank\" rel=\"noopener\">https:\/\/www.booking.com\/content\/privacy.de.html<\/a>.<\/p>\n<p><strong>Programme d&#039;affiliation Amazon<\/strong><\/p>\n<p><span class=\"ts-muster-content\">Sur la base de nos int\u00e9r\u00eats l\u00e9gitimes (c&#039;est-\u00e0-dire l&#039;int\u00e9r\u00eat pour le fonctionnement \u00e9conomique de notre offre en ligne au sens de l&#039;article 6, paragraphe 1, lit. f. RGPD), nous participons au programme de partenariat Amazon EU, qui a \u00e9t\u00e9 con\u00e7u pour fournir un support pour les sites Web au moyen duquel le placement de publicit\u00e9s et de liens vers le remboursement de la publicit\u00e9 Amazon.de peut \u00eatre gagn\u00e9 (syst\u00e8me dit d&#039;affiliation). Cela signifie qu&#039;en tant que partenaire Amazon, nous gagnons sur les achats \u00e9ligibles.<\/span><\/p>\n<p>Amazon utilise des cookies pour pouvoir retracer l&#039;origine des commandes. Entre autres choses, Amazon peut reconna\u00eetre que vous avez cliqu\u00e9 sur le lien partenaire sur ce site Web et que vous avez ensuite achet\u00e9 un produit d&#039;Amazon.<\/p>\n<p>Vous trouverez de plus amples informations sur l&#039;utilisation des donn\u00e9es par Amazon et la possibilit\u00e9 d&#039;opposition dans la d\u00e9claration de protection des donn\u00e9es de l&#039;entreprise : <a href=\"https:\/\/www.amazon.de\/gp\/help\/customer\/display.html?nodeId=201909010\" target=\"_blank\" rel=\"noopener\">https:\/\/www.amazon.de\/gp\/help\/customer\/display.html?nodeId=201909010<\/a>.<\/p>\n<p>Remarque : Amazon et le logo Amazon sont des marques commerciales d&#039;Amazon.com, Inc. ou de l&#039;une de ses soci\u00e9t\u00e9s affili\u00e9es.<\/p>\n<\/div>\n<\/div><\/div><div id=\"panel-28-0-0-2\" class=\"so-panel widget widget_sow-editor\" data-index=\"2\" ><div\n\t\t\t\n\t\t\tclass=\"so-widget-sow-editor so-widget-sow-editor-base\"\n\t\t\t\n\t\t>\n<div class=\"siteorigin-widget-tinymce textwidget\">\n\t<p><strong>biscuits<\/strong><\/p>\n<p>Ce site utilise des cookies. Ce sont de petits fichiers texte qui sont stock\u00e9s sur votre terminal. Votre navigateur acc\u00e8de \u00e0 ces fichiers. L&#039;utilisation de cookies augmente la convivialit\u00e9 et la s\u00e9curit\u00e9 de ce site Web. Nous utilisons \u00e9galement des cookies en relation avec Google Analytics. Les navigateurs courants offrent l&#039;option de r\u00e9glage pour ne pas autoriser les cookies. Remarque : il n&#039;y a aucune garantie que vous pourrez acc\u00e9der \u00e0 toutes les fonctions de ce site Web sans restriction si vous effectuez les r\u00e9glages appropri\u00e9s.<\/p>\n<p><strong>Fichiers journaux du serveur \/ donn\u00e9es d&#039;acc\u00e8s<\/strong><\/p>\n<p>Nous ou notre fournisseur de site collectons des donn\u00e9es sur l&#039;acc\u00e8s au site et les enregistrons en tant que &quot;fichiers journaux du serveur&quot;. Les donn\u00e9es suivantes sont enregistr\u00e9es de cette mani\u00e8re\u00a0:<br \/>\n- Site visit\u00e9<br \/>\n- Heure au moment de l&#039;acc\u00e8s<br \/>\n- Quantit\u00e9 de donn\u00e9es envoy\u00e9es en octets<br \/>\n- Source\/r\u00e9f\u00e9rence \u00e0 partir de laquelle vous \u00eates venu sur la page<br \/>\n- Navigateur utilis\u00e9<br \/>\n- Syst\u00e8me d&#039;exploitation utilis\u00e9<br \/>\n- Adresse IP utilis\u00e9e sous forme anonyme<br \/>\nLes donn\u00e9es collect\u00e9es ne sont utilis\u00e9es que pour des \u00e9valuations statistiques et pour am\u00e9liorer le site Web et sont automatiquement supprim\u00e9es apr\u00e8s 7 jours.<\/p>\n<p><strong>Modification de notre politique de confidentialit\u00e9<\/strong><\/p>\n<p>Nous nous r\u00e9servons le droit d&#039;adapter cette d\u00e9claration de protection des donn\u00e9es afin qu&#039;elle corresponde toujours aux exigences l\u00e9gales en vigueur ou d&#039;apporter des modifications \u00e0 nos services dans la d\u00e9claration de protection des donn\u00e9es, par exemple lors de l&#039;introduction de nouveaux services. La nouvelle d\u00e9claration de protection des donn\u00e9es s&#039;appliquera alors \u00e0 votre prochaine visite.<\/p>\n<p><strong>Droits des utilisateurs : information, rectification et suppression<\/strong><\/p>\n<p>Sur demande, en tant qu&#039;utilisateur, vous recevrez gratuitement des informations sur les donn\u00e9es personnelles qui ont \u00e9t\u00e9 stock\u00e9es \u00e0 votre sujet. Si votre demande n&#039;entre pas en conflit avec une obligation l\u00e9gale de stockage des donn\u00e9es (par exemple, la conservation des donn\u00e9es), vous avez le droit de faire corriger les donn\u00e9es incorrectes et de bloquer ou de supprimer vos donn\u00e9es personnelles.<\/p>\n<\/div>\n<\/div><\/div><div id=\"panel-28-0-0-3\" class=\"so-panel widget widget_sow-editor panel-last-child\" data-index=\"3\" ><div\n\t\t\t\n\t\t\tclass=\"so-widget-sow-editor so-widget-sow-editor-base\"\n\t\t\t\n\t\t>\n<div class=\"siteorigin-widget-tinymce textwidget\">\n\t<p><a class=\"dsg1-6\" href=\"https:\/\/datenschutz-generator.de\" target=\"_blank\" rel=\"nofollow noopener\">Cr\u00e9\u00e9 avec Datenschutz-Generator.de par RA Dr. Thomas Schwenke<\/a> et personnalis\u00e9 par le propri\u00e9taire du site.<\/p>\n<p><strong>Autres sources utilis\u00e9es :<\/strong><\/p>\n<p><a href=\"http:\/\/www.datenschutzbeauftragter-info.de\" target=\"_blank\" rel=\"noopener\">www.datenschutzbeauftragter-info.de<\/a><a href=\"http:\/\/datenschutz.org\" target=\"_blank\" rel=\"noopener\">,\u00a0<\/a><a href=\"http:\/\/datenschutz.org\" target=\"_blank\" rel=\"noopener\">datenschutz.org<\/a><a href=\"http:\/\/datenschutz.org\" target=\"_blank\" rel=\"noopener\">, <\/a><a href=\"https:\/\/www.activemind.de\/datenschutz\/datenschutzhinweis-generator\/\" target=\"_blank\" rel=\"noopener\"><em>G\u00e9n\u00e9rateur de d\u00e9claration de protection des donn\u00e9es d&#039;activeMind AG<\/em><\/a><\/p>\n<\/div>\n<\/div><\/div><\/div><\/div><\/div>","protected":false},"excerpt":{"rendered":"<p>Bei der Nutzung unserer Website werden auf verschiedene Weise personenbezogene Daten im Sinne des deutschen Bundesdatenschutzgesetzes bzw. der europ\u00e4ischen Datenschutzgrundverordnung (EU-DSGVO) erhoben und gespeichert. Dies geschieht je nach Nutzungsbereich auf unterschiedliche Weise: Downloads Auf unserer Website bieten wir Datei-Downloads an. Um den Warenkorb-Inhalt zwischenzuspeichern, werden &#8222;Cookies&#8220; verwendet (kleine Textdateien, die durch den Browser auf Ihrem [&hellip;]<\/p>\n","protected":false},"author":1,"featured_media":0,"parent":0,"menu_order":0,"comment_status":"closed","ping_status":"closed","template":"","meta":{"footnotes":""},"class_list":["post-28","page","type-page","status-publish","hentry","post"],"_links":{"self":[{"href":"https:\/\/www.costabrava-wandern.de\/fr\/wp-json\/wp\/v2\/pages\/28","targetHints":{"allow":["GET"]}}],"collection":[{"href":"https:\/\/www.costabrava-wandern.de\/fr\/wp-json\/wp\/v2\/pages"}],"about":[{"href":"https:\/\/www.costabrava-wandern.de\/fr\/wp-json\/wp\/v2\/types\/page"}],"author":[{"embeddable":true,"href":"https:\/\/www.costabrava-wandern.de\/fr\/wp-json\/wp\/v2\/users\/1"}],"replies":[{"embeddable":true,"href":"https:\/\/www.costabrava-wandern.de\/fr\/wp-json\/wp\/v2\/comments?post=28"}],"version-history":[{"count":15,"href":"https:\/\/www.costabrava-wandern.de\/fr\/wp-json\/wp\/v2\/pages\/28\/revisions"}],"predecessor-version":[{"id":38713,"href":"https:\/\/www.costabrava-wandern.de\/fr\/wp-json\/wp\/v2\/pages\/28\/revisions\/38713"}],"wp:attachment":[{"href":"https:\/\/www.costabrava-wandern.de\/fr\/wp-json\/wp\/v2\/media?parent=28"}],"curies":[{"name":"wp","href":"https:\/\/api.w.org\/{rel}","templated":true}]}}