{"id":18,"date":"2016-02-15T19:58:05","date_gmt":"2016-02-15T19:58:05","guid":{"rendered":"https:\/\/www.costabrava-wandern.de\/?page_id=18"},"modified":"2023-09-10T09:53:23","modified_gmt":"2023-09-10T07:53:23","slug":"startseite","status":"publish","type":"page","link":"https:\/\/www.costabrava-wandern.de\/it\/","title":{"rendered":"Homepage"},"content":{"rendered":"<div id=\"pl-18\"  class=\"panel-layout\" ><div id=\"pg-18-0\"  class=\"panel-grid panel-no-style\" ><div id=\"pgc-18-0-0\"  class=\"panel-grid-cell\" ><div id=\"panel-18-0-0-0\" class=\"so-panel widget widget_circleicon-widget panel-first-child panel-last-child\" data-index=\"0\" >\t\t<div class=\"circle-icon-box circle-icon-position-top circle-icon-hide-box circle-icon-size-small\">\n\t\t\t<div class=\"circle-icon-wrapper\">\n\t\t\t\t<a href=\"https:\/\/www.costabrava-wandern.de\/it\/categoria\/gr-92-mette-in-evidenza\/\" class=\"link-icon\" >\t\t\t\t<div class=\"circle-icon icon-style-set\" style=\"background-color: #bfbfbf\">\n\t\t\t\t\t<div class=\"fa fa-camera icon-color-set\" ><\/div>\t\t\t\t<\/div>\n\t\t\t\t<\/a>\t\t\t<\/div>\n\n\t\t\t<a href=\"https:\/\/www.costabrava-wandern.de\/it\/categoria\/gr-92-mette-in-evidenza\/\" class=\"link-title\" >\t\t\t<h4 >Punti salienti<\/h4>\t\t\t<\/a>\n\t\t\t<p class=\"text\" >Sentieri panoramici, baie pittoresche<\/p>\t\t\t\t\t\t\t<a href=\"https:\/\/www.costabrava-wandern.de\/it\/categoria\/gr-92-mette-in-evidenza\/\" class=\"more-button\" >di pi\u00f9 <i><\/i><\/a>\n\t\t\t\t\t<\/div>\n\t\t<\/div><\/div><div id=\"pgc-18-0-1\"  class=\"panel-grid-cell\" ><div id=\"panel-18-0-1-0\" class=\"so-panel widget widget_circleicon-widget panel-first-child panel-last-child\" data-index=\"1\" >\t\t<div class=\"circle-icon-box circle-icon-position-top circle-icon-hide-box circle-icon-size-small\">\n\t\t\t<div class=\"circle-icon-wrapper\">\n\t\t\t\t<a href=\"https:\/\/www.costabrava-wandern.de\/it\/categoria\/gr-92-stadi\/\" class=\"link-icon\" >\t\t\t\t<div class=\"circle-icon icon-style-set\" style=\"background-color: #bfbfbf\">\n\t\t\t\t\t<div class=\"fa fa-th-list icon-color-set\" ><\/div>\t\t\t\t<\/div>\n\t\t\t\t<\/a>\t\t\t<\/div>\n\n\t\t\t<a href=\"https:\/\/www.costabrava-wandern.de\/it\/categoria\/gr-92-stadi\/\" class=\"link-title\" >\t\t\t<h4 >Fasi<\/h4>\t\t\t<\/a>\n\t\t\t<p class=\"text\" >Panoramica delle singole fasi<\/p>\t\t\t\t\t\t\t<a href=\"https:\/\/www.costabrava-wandern.de\/it\/categoria\/gr-92-stadi\/\" class=\"more-button\" >di pi\u00f9 <i><\/i><\/a>\n\t\t\t\t\t<\/div>\n\t\t<\/div><\/div><div id=\"pgc-18-0-2\"  class=\"panel-grid-cell\" ><div id=\"panel-18-0-2-0\" class=\"so-panel widget widget_circleicon-widget panel-first-child panel-last-child\" data-index=\"2\" >\t\t<div class=\"circle-icon-box circle-icon-position-top circle-icon-hide-box circle-icon-size-small\">\n\t\t\t<div class=\"circle-icon-wrapper\">\n\t\t\t\t<a href=\"https:\/\/www.costabrava-wandern.de\/it\/categoria\/gr-92-alloggi\/\" class=\"link-icon\" >\t\t\t\t<div class=\"circle-icon icon-style-set\" style=\"background-color: #bfbfbf\">\n\t\t\t\t\t<div class=\"fa fa-bed icon-color-set\" ><\/div>\t\t\t\t<\/div>\n\t\t\t\t<\/a>\t\t\t<\/div>\n\n\t\t\t<a href=\"https:\/\/www.costabrava-wandern.de\/it\/categoria\/gr-92-alloggi\/\" class=\"link-title\" >\t\t\t<h4 >Sistemazione<\/h4>\t\t\t<\/a>\n\t\t\t<p class=\"text\" >Alberghi e pensioni selezionati, aiuto alla pianificazione per le prenotazioni<\/p>\t\t\t\t\t\t\t<a href=\"https:\/\/www.costabrava-wandern.de\/it\/categoria\/gr-92-alloggi\/\" class=\"more-button\" >di pi\u00f9 <i><\/i><\/a>\n\t\t\t\t\t<\/div>\n\t\t<\/div><\/div><div id=\"pgc-18-0-3\"  class=\"panel-grid-cell\" ><div id=\"panel-18-0-3-0\" class=\"so-panel widget widget_circleicon-widget panel-first-child panel-last-child\" data-index=\"3\" >\t\t<div class=\"circle-icon-box circle-icon-position-top circle-icon-hide-box circle-icon-size-small\">\n\t\t\t<div class=\"circle-icon-wrapper\">\n\t\t\t\t<a href=\"https:\/\/www.costabrava-wandern.de\/it\/categoria\/materiale-della-mappa\/\" class=\"link-icon\" >\t\t\t\t<div class=\"circle-icon icon-style-set\" style=\"background-color: #bfbfbf\">\n\t\t\t\t\t<div class=\"fa fa-compass icon-color-set\" ><\/div>\t\t\t\t<\/div>\n\t\t\t\t<\/a>\t\t\t<\/div>\n\n\t\t\t<a href=\"https:\/\/www.costabrava-wandern.de\/it\/categoria\/materiale-della-mappa\/\" class=\"link-title\" >\t\t\t<h4 >Materiale della mappa<\/h4>\t\t\t<\/a>\n\t\t\t<p class=\"text\" >Scaricamento di mappe e percorsi<\/p>\t\t\t\t\t\t\t<a href=\"https:\/\/www.costabrava-wandern.de\/it\/categoria\/materiale-della-mappa\/\" class=\"more-button\" >di pi\u00f9 <i><\/i><\/a>\n\t\t\t\t\t<\/div>\n\t\t<\/div><\/div><div id=\"pgc-18-0-4\"  class=\"panel-grid-cell\" ><div id=\"panel-18-0-4-0\" class=\"so-panel widget widget_circleicon-widget panel-first-child panel-last-child\" data-index=\"4\" >\t\t<div class=\"circle-icon-box circle-icon-position-top circle-icon-hide-box circle-icon-size-small\">\n\t\t\t<div class=\"circle-icon-wrapper\">\n\t\t\t\t<a href=\"https:\/\/www.costabrava-wandern.de\/it\/categoria\/gr-92-arrivo\/\" class=\"link-icon\" >\t\t\t\t<div class=\"circle-icon icon-style-set\" style=\"background-color: #bfbfbf\">\n\t\t\t\t\t<div class=\"fa fa-train icon-color-set\" ><\/div>\t\t\t\t<\/div>\n\t\t\t\t<\/a>\t\t\t<\/div>\n\n\t\t\t<a href=\"https:\/\/www.costabrava-wandern.de\/it\/categoria\/gr-92-arrivo\/\" class=\"link-title\" >\t\t\t<h4 >Arrivo<\/h4>\t\t\t<\/a>\n\t\t\t<p class=\"text\" >Suggerimenti su come arrivare e tornare in aereo, autobus e treno<\/p>\t\t\t\t\t\t\t<a href=\"https:\/\/www.costabrava-wandern.de\/it\/categoria\/gr-92-arrivo\/\" class=\"more-button\" >di pi\u00f9 <i><\/i><\/a>\n\t\t\t\t\t<\/div>\n\t\t<\/div><\/div><div id=\"pgc-18-0-5\"  class=\"panel-grid-cell\" ><div id=\"panel-18-0-5-0\" class=\"so-panel widget widget_circleicon-widget panel-first-child panel-last-child\" data-index=\"5\" >\t\t<div class=\"circle-icon-box circle-icon-position-top circle-icon-hide-box circle-icon-size-small\">\n\t\t\t<div class=\"circle-icon-wrapper\">\n\t\t\t\t<a href=\"https:\/\/www.costabrava-wandern.de\/it\/categoria\/gr-92-stadi\/barcellona\/\" class=\"link-icon\" >\t\t\t\t<div class=\"circle-icon icon-style-set\" style=\"background-color: #bfbfbf\">\n\t\t\t\t\t<div class=\"fa fa-bank icon-color-set\" ><\/div>\t\t\t\t<\/div>\n\t\t\t\t<\/a>\t\t\t<\/div>\n\n\t\t\t<a href=\"https:\/\/www.costabrava-wandern.de\/it\/categoria\/gr-92-stadi\/barcellona\/\" class=\"link-title\" >\t\t\t<h4 >Barcellona<\/h4>\t\t\t<\/a>\n\t\t\t<p class=\"text\" >Il finale perfetto per le vacanze<\/p>\t\t\t\t\t\t\t<a href=\"https:\/\/www.costabrava-wandern.de\/it\/categoria\/gr-92-stadi\/barcellona\/\" class=\"more-button\" >di pi\u00f9 <i><\/i><\/a>\n\t\t\t\t\t<\/div>\n\t\t<\/div><\/div><\/div><div id=\"pg-18-1\"  class=\"panel-grid panel-no-style\" ><div id=\"pgc-18-1-0\"  class=\"panel-grid-cell\" ><div id=\"panel-18-1-0-0\" class=\"so-panel widget widget_sow-editor panel-first-child panel-last-child\" data-index=\"6\" ><div\n\t\t\t\n\t\t\tclass=\"so-widget-sow-editor so-widget-sow-editor-base\"\n\t\t\t\n\t\t><h3 class=\"widget-title\">Escursione costiera di dieci giorni sulla Costa Brava con il GR 92<\/h3>\n<div class=\"siteorigin-widget-tinymce textwidget\">\n\t<p>Il GR 92 \u00e8 un soleggiato percorso escursionistico costiero mediterraneo lungo la Costa Brava (in spagnolo \"Costa Selvaggia\") e offre molte attrazioni storico-culturali oltre a meravigliosi paesaggi con sole e mare! Durante l'escursione di dieci giorni, incontrerete molta natura, ma anche villaggi medievali quotati e camminerete sulle tracce di Salvador Dal\u00ed, l'eccentrico artista con i baffi arricciati, tra gli altri.<\/p>\n<p>Abbiamo percorso il GR 92 nel settembre 2016 con un bel tempo di fine estate e presentiamo il nostro itinerario escursionistico in questa pagina (vedi <a href=\"https:\/\/www.costabrava-wandern.de\/it\/download-di-materiale-cartografico\/\">Download di file GPX<\/a>), le nostre esperienze e il maggior numero possibile di informazioni pratiche come guida escursionistica online.<\/p>\n<p>Se siete interessati ai percorsi escursionistici della costa mediterranea, vi consigliamo anche i nostri altri progetti escursionistici sul sito web seguente: <a href=\"https:\/\/www.wanderndeluxe.de\/fernwanderwege\/\" target=\"_blank\" rel=\"noopener\">www.wanderndeluxe.de\/fernwanderwege<\/a>.<\/p>\n<\/div>\n<\/div><\/div><\/div><div id=\"pgc-18-1-1\"  class=\"panel-grid-cell\" ><div id=\"panel-18-1-1-0\" class=\"so-panel widget widget_sow-image panel-first-child panel-last-child\" data-index=\"7\" ><div\n\t\t\t\n\t\t\tclass=\"so-widget-sow-image so-widget-sow-image-default-8b5b6f678277-18\"\n\t\t\t\n\t\t>\n<div class=\"sow-image-container\">\n\t\t\t<a href=\"https:\/\/www.costabrava-wandern.de\/wp-content\/uploads\/GR-92-Etappe-3-von-Cadaqu\u00e9s-nach-Roses-Empuriabrava-2.jpg\">\n\t\t\t<img \n\tsrc=\"https:\/\/www.costabrava-wandern.de\/wp-content\/uploads\/GR-92-Etappe-3-von-Cadaqu\u00e9s-nach-Roses-Empuriabrava-2.jpg\" width=\"1200\" height=\"510\" srcset=\"https:\/\/www.costabrava-wandern.de\/wp-content\/uploads\/GR-92-Etappe-3-von-Cadaqu\u00e9s-nach-Roses-Empuriabrava-2.jpg 1200w, https:\/\/www.costabrava-wandern.de\/wp-content\/uploads\/GR-92-Etappe-3-von-Cadaqu\u00e9s-nach-Roses-Empuriabrava-2-150x64.jpg 150w, https:\/\/www.costabrava-wandern.de\/wp-content\/uploads\/GR-92-Etappe-3-von-Cadaqu\u00e9s-nach-Roses-Empuriabrava-2-300x128.jpg 300w, https:\/\/www.costabrava-wandern.de\/wp-content\/uploads\/GR-92-Etappe-3-von-Cadaqu\u00e9s-nach-Roses-Empuriabrava-2-1024x435.jpg 1024w\" sizes=\"(max-width: 1200px) 100vw, 1200px\" title=\"Il Cap de Creus al sole del mattino: uno dei tanti punti salienti dell&#039;escursione!\" alt=\"\" \t\tclass=\"so-widget-image\"\/>\n\t\t\t<\/a><\/div>\n\n<h3 class=\"widget-title\">Il Cap de Creus al sole del mattino: uno dei tanti punti salienti dell'escursione!<\/h3><\/div><\/div><\/div><\/div><div id=\"pg-18-2\"  class=\"panel-grid panel-no-style\" ><div id=\"pgc-18-2-0\"  class=\"panel-grid-cell\" ><div id=\"panel-18-2-0-0\" class=\"so-panel widget widget_sow-editor panel-first-child panel-last-child\" data-index=\"8\" ><div\n\t\t\t\n\t\t\tclass=\"so-widget-sow-editor so-widget-sow-editor-base\"\n\t\t\t\n\t\t><h3 class=\"widget-title\">Sul \"Cam\u00ed de Ronda\" dal confine francese verso Barcellona<\/h3>\n<div class=\"siteorigin-widget-tinymce textwidget\">\n\t<p>Il GR 92 sulla Costa Brava \u00e8 in gran parte congruente con il \"Cam\u00ed de Ronda\" catalano e inizia a Portbou, al confine tra Francia e Spagna. In dieci tappe giornaliere, il GR 92 ci conduce lungo la costa mediterranea su splendidi sentieri, con brevi deviazioni nell'entroterra catalano. Quasi ogni giorno passiamo davanti a splendide baie che ci invitano a fare un breve tuffo in mare. In contrasto con le escursioni meditative del giorno, la sera abbiamo a disposizione l'intera gamma di infrastrutture turistiche delle citt\u00e0 costiere: a volte pittoresche ed esclusive come a Begur o Cadaqu\u00e9s, a volte metropolitane come a Palam\u00f3s.<\/p>\n<p>Se non si vuole camminare per dieci giorni di fila, \u00e8 sufficiente scegliere un tratto pi\u00f9 breve. In ogni caso, vi consigliamo di partire dall'estremo nord, a Portbou, e di avanzare da l\u00ec verso il sud della Costa Brava passando per il bellissimo Cap de Creus. <a href=\"https:\/\/www.costabrava-wandern.de\/it\/panoramica-delle-fasi-e-sezioni-del-gr92\/\" target=\"_blank\" rel=\"noopener\">vedi anche la nostra valutazione dei punti di forza paesaggistici in sintesi<\/a>.<\/p>\n<\/div>\n<\/div><\/div><\/div><\/div><div id=\"pg-18-3\"  class=\"panel-grid panel-no-style\" ><div id=\"pgc-18-3-0\"  class=\"panel-grid-cell\" ><div id=\"panel-18-3-0-0\" class=\"so-panel widget widget_sow-image panel-first-child\" data-index=\"9\" ><div\n\t\t\t\n\t\t\tclass=\"so-widget-sow-image so-widget-sow-image-default-0d2796cf268e-18\"\n\t\t\t\n\t\t>\n<div class=\"sow-image-container\">\n\t\t<img \n\tsrc=\"https:\/\/www.costabrava-wandern.de\/wp-content\/uploads\/cropped-Profil-Frank-2020-150x150.jpg\" width=\"150\" height=\"150\" srcset=\"https:\/\/www.costabrava-wandern.de\/wp-content\/uploads\/cropped-Profil-Frank-2020-150x150.jpg 150w, https:\/\/www.costabrava-wandern.de\/wp-content\/uploads\/cropped-Profil-Frank-2020-300x300.jpg 300w, https:\/\/www.costabrava-wandern.de\/wp-content\/uploads\/cropped-Profil-Frank-2020.jpg 696w\" sizes=\"(max-width: 150px) 100vw, 150px\" title=\"cropped-Profil-Frank-2020.jpg\" alt=\"\" \t\tclass=\"so-widget-image\"\/>\n\t<\/div>\n\n<\/div><\/div><div id=\"panel-18-3-0-1\" class=\"so-panel widget widget_text panel-last-child\" data-index=\"10\" >\t\t\t<div class=\"textwidget\"><div align=\"center\">\n<h3>Frank<\/h3>\n<\/div>\n<\/div>\n\t\t<\/div><\/div><div id=\"pgc-18-3-1\"  class=\"panel-grid-cell\" ><div id=\"panel-18-3-1-0\" class=\"so-panel widget widget_sow-image panel-first-child\" data-index=\"11\" ><div\n\t\t\t\n\t\t\tclass=\"so-widget-sow-image so-widget-sow-image-default-0d2796cf268e-18\"\n\t\t\t\n\t\t>\n<div class=\"sow-image-container\">\n\t\t<img \n\tsrc=\"https:\/\/www.costabrava-wandern.de\/wp-content\/uploads\/cropped-Avatar_Christiane_klein-150x150.jpg\" width=\"150\" height=\"150\" srcset=\"https:\/\/www.costabrava-wandern.de\/wp-content\/uploads\/cropped-Avatar_Christiane_klein-150x150.jpg 150w, https:\/\/www.costabrava-wandern.de\/wp-content\/uploads\/cropped-Avatar_Christiane_klein-300x300.jpg 300w, https:\/\/www.costabrava-wandern.de\/wp-content\/uploads\/cropped-Avatar_Christiane_klein.jpg 667w\" sizes=\"(max-width: 150px) 100vw, 150px\" title=\"cropped-Avatar_Christiane_klein.jpg\" alt=\"\" \t\tclass=\"so-widget-image\"\/>\n\t<\/div>\n\n<\/div><\/div><div id=\"panel-18-3-1-1\" class=\"so-panel widget widget_text panel-last-child\" data-index=\"12\" >\t\t\t<div class=\"textwidget\"><div align=\"center\">\n<h3>Cristiano<\/h3>\n<\/div>\n<\/div>\n\t\t<\/div><\/div><\/div><div id=\"pg-18-4\"  class=\"panel-grid panel-no-style\" ><div id=\"pgc-18-4-0\"  class=\"panel-grid-cell\" ><div id=\"panel-18-4-0-0\" class=\"so-panel widget widget_sow-image panel-first-child panel-last-child\" data-index=\"13\" ><div\n\t\t\t\n\t\t\tclass=\"so-widget-sow-image so-widget-sow-image-default-8b5b6f678277-18\"\n\t\t\t\n\t\t>\n<div class=\"sow-image-container\">\n\t\t\t<a href=\"https:\/\/www.costabrava-wandern.de\/wp-content\/uploads\/Port-Vell-der-Hafen-von-Barcelona-Aussicht-von-der-Dachterrasse-des-Museu-dHist\u00f2ria-de-Catalunya.jpg\">\n\t\t\t<img \n\tsrc=\"https:\/\/www.costabrava-wandern.de\/wp-content\/uploads\/Port-Vell-der-Hafen-von-Barcelona-Aussicht-von-der-Dachterrasse-des-Museu-dHist\u00f2ria-de-Catalunya.jpg\" width=\"1200\" height=\"502\" srcset=\"https:\/\/www.costabrava-wandern.de\/wp-content\/uploads\/Port-Vell-der-Hafen-von-Barcelona-Aussicht-von-der-Dachterrasse-des-Museu-dHist\u00f2ria-de-Catalunya.jpg 1200w, https:\/\/www.costabrava-wandern.de\/wp-content\/uploads\/Port-Vell-der-Hafen-von-Barcelona-Aussicht-von-der-Dachterrasse-des-Museu-dHist\u00f2ria-de-Catalunya-150x63.jpg 150w, https:\/\/www.costabrava-wandern.de\/wp-content\/uploads\/Port-Vell-der-Hafen-von-Barcelona-Aussicht-von-der-Dachterrasse-des-Museu-dHist\u00f2ria-de-Catalunya-300x126.jpg 300w, https:\/\/www.costabrava-wandern.de\/wp-content\/uploads\/Port-Vell-der-Hafen-von-Barcelona-Aussicht-von-der-Dachterrasse-des-Museu-dHist\u00f2ria-de-Catalunya-1024x428.jpg 1024w\" sizes=\"(max-width: 1200px) 100vw, 1200px\" title=\"Una vacanza di qualche giorno a Barcellona \u00e8 il modo perfetto per concludere una faticosa escursione sul GR-92!\" alt=\"\" \t\tclass=\"so-widget-image\"\/>\n\t\t\t<\/a><\/div>\n\n<h3 class=\"widget-title\">Una vacanza di qualche giorno a Barcellona \u00e8 il modo perfetto per concludere una faticosa escursione sul GR-92!<\/h3><\/div><\/div><\/div><\/div><div id=\"pg-18-5\"  class=\"panel-grid panel-no-style\" ><div id=\"pgc-18-5-0\"  class=\"panel-grid-cell\" ><div id=\"panel-18-5-0-0\" class=\"so-panel widget widget_sow-editor panel-first-child panel-last-child\" data-index=\"14\" ><div\n\t\t\t\n\t\t\tclass=\"so-widget-sow-editor so-widget-sow-editor-base\"\n\t\t\t\n\t\t><h3 class=\"widget-title\">Notizie<\/h3>\n<div class=\"siteorigin-widget-tinymce textwidget\">\n\t<p>D'ora in poi \u00e8 anche possibile prenotare individualmente il trasporto dei bagagli sulla Costa Brava. <a href=\"https:\/\/www.costabrava-wandern.de\/it\/trasporto-bagagli\/\">I dettagli sono disponibili qui<\/a>.<\/p>\n<\/div>\n<\/div><\/div><\/div><div id=\"pgc-18-5-1\"  class=\"panel-grid-cell\" ><div id=\"panel-18-5-1-0\" class=\"so-panel widget widget_lsow-portfolio panel-first-child panel-last-child\" data-index=\"15\" ><div\n\t\t\t\n\t\t\tclass=\"so-widget-lsow-portfolio so-widget-lsow-portfolio-default-1398c7c9e37b-18\"\n\t\t\t\n\t\t><div class=\"lsow-portfolio-wrap lsow-gapless-grid\"><div id=\"lsow-portfolio-69f9fa48955af\" class=\"lsow-portfolio js-isotope lsow-fitRows lsow-grid-container  lsow-grid-desktop-1 lsow-grid-tablet-1 lsow-grid-mobile-1\" data-isotope-options='{ \"itemSelector\": \".lsow-portfolio-item\", \"layoutMode\": \"fitRows\"}'><div data-id=\"id-14895\" class=\"lsow-grid-item lsow-portfolio-item  term-5 term-11\"><article id=\"post-14895\" class=\"post-14895 post type-post status-publish format-standard has-post-thumbnail hentry category-gr-92-anreise category-gr-92-ueberblick-alle-etappen post-with-thumbnail post-with-thumbnail-large\"><div class=\"lsow-project-image\"><a href=\"https:\/\/www.costabrava-wandern.de\/it\/gepaecktransport\/\" target=\"_self\"><img fetchpriority=\"high\" decoding=\"async\" width=\"720\" height=\"405\" src=\"https:\/\/www.costabrava-wandern.de\/wp-content\/uploads\/GR92-Wegbeschilderung-1024x576.jpg\" class=\"lsow-image skip-lazy no-lazyload exclude-me a3-notlazy wp-post-image\" alt=\"\" data-no-lazy=\"1\" loading=\"eager\" srcset=\"https:\/\/www.costabrava-wandern.de\/wp-content\/uploads\/GR92-Wegbeschilderung-1024x576.jpg 1024w, https:\/\/www.costabrava-wandern.de\/wp-content\/uploads\/GR92-Wegbeschilderung-150x84.jpg 150w, https:\/\/www.costabrava-wandern.de\/wp-content\/uploads\/GR92-Wegbeschilderung-300x169.jpg 300w, https:\/\/www.costabrava-wandern.de\/wp-content\/uploads\/GR92-Wegbeschilderung.jpg 1200w\" sizes=\"(max-width: 720px) 100vw, 720px\" \/><\/a><div class=\"lsow-image-info\"><div class=\"lsow-entry-info\"><h3 class=\"lsow-post-title\"><a href=\"https:\/\/www.costabrava-wandern.de\/it\/gepaecktransport\/\" title=\"Trasporto bagagli\" target=\"_self\" rel=\"bookmark\">Trasporto bagagli<\/a><\/h3><\/div><\/div><!-- .lsow-image-info --><\/div><\/article><!-- .hentry --><\/div><\/div><!-- .lsow-portfolio --><\/div><!-- .lsow-portfolio-wrap --><\/div><\/div><\/div><\/div><\/div>","protected":false},"excerpt":{"rendered":"<p>Der GR 92 ist ein sonnig-mediterraner K\u00fcstenwanderweg entlang der Costa Brava (spanisch f\u00fcr &#8222;Wilde K\u00fcste&#8220;) und bietet neben herrlicher Landschaft mit Sonne und Meer auch viele kulturell-historische Highlights!\u00a0Auf der zehnt\u00e4gigen Fernwanderung trifft man auf viel Natur aber auch auf denkmalgesch\u00fctzte, mittelalterliche D\u00f6rfer und wandelt unter anderem auf den Spuren von Salvador Dal\u00ed, dem exzentrischen K\u00fcnstler [&hellip;]<\/p>\n","protected":false},"author":1,"featured_media":0,"parent":0,"menu_order":0,"comment_status":"closed","ping_status":"closed","template":"home-panels.php","meta":{"footnotes":""},"class_list":["post-18","page","type-page","status-publish","hentry","post"],"_links":{"self":[{"href":"https:\/\/www.costabrava-wandern.de\/it\/wp-json\/wp\/v2\/pages\/18","targetHints":{"allow":["GET"]}}],"collection":[{"href":"https:\/\/www.costabrava-wandern.de\/it\/wp-json\/wp\/v2\/pages"}],"about":[{"href":"https:\/\/www.costabrava-wandern.de\/it\/wp-json\/wp\/v2\/types\/page"}],"author":[{"embeddable":true,"href":"https:\/\/www.costabrava-wandern.de\/it\/wp-json\/wp\/v2\/users\/1"}],"replies":[{"embeddable":true,"href":"https:\/\/www.costabrava-wandern.de\/it\/wp-json\/wp\/v2\/comments?post=18"}],"version-history":[{"count":15,"href":"https:\/\/www.costabrava-wandern.de\/it\/wp-json\/wp\/v2\/pages\/18\/revisions"}],"predecessor-version":[{"id":38640,"href":"https:\/\/www.costabrava-wandern.de\/it\/wp-json\/wp\/v2\/pages\/18\/revisions\/38640"}],"wp:attachment":[{"href":"https:\/\/www.costabrava-wandern.de\/it\/wp-json\/wp\/v2\/media?parent=18"}],"curies":[{"name":"parola chiave","href":"https:\/\/api.w.org\/{rel}","templated":true}]}}