{"id":28,"date":"2016-02-16T18:49:36","date_gmt":"2016-02-16T18:49:36","guid":{"rendered":"https:\/\/www.costabrava-wandern.de\/?page_id=28"},"modified":"2025-04-28T17:27:51","modified_gmt":"2025-04-28T15:27:51","slug":"protezione-dei-dati","status":"publish","type":"page","link":"https:\/\/www.costabrava-wandern.de\/it\/datenschutz\/","title":{"rendered":"Informativa sulla privacy"},"content":{"rendered":"<div id=\"pl-28\"  class=\"panel-layout\" ><div id=\"pg-28-0\"  class=\"panel-grid panel-no-style\" ><div id=\"pgc-28-0-0\"  class=\"panel-grid-cell\" ><div id=\"panel-28-0-0-0\" class=\"so-panel widget widget_sow-editor panel-first-child\" data-index=\"0\" ><div\n\t\t\t\n\t\t\tclass=\"so-widget-sow-editor so-widget-sow-editor-base\"\n\t\t\t\n\t\t>\n<div class=\"siteorigin-widget-tinymce textwidget\">\n\t<p>Quando si utilizza il nostro sito web, i dati personali ai sensi della legge federale tedesca sulla protezione dei dati (Bundesdatenschutzgesetz) e del regolamento europeo sulla protezione dei dati (EU-DSGVO) vengono raccolti e memorizzati in vari modi. Questo avviene in modi diversi a seconda dell'area di utilizzo:<\/p>\n<p><strong>Download<\/strong><\/p>\n<p>Sul nostro sito web offriamo la possibilit\u00e0 di scaricare i file. I \"cookie\" (piccoli file di testo che vengono memorizzati sul tuo computer dal browser) sono utilizzati per memorizzare temporaneamente il contenuto del carrello. Durante l'ulteriore processo di ordinazione, raccogliamo il tuo indirizzo e-mail per inviarti una volta per e-mail i link per il download desiderato. L'indicazione del tuo cognome e nome \u00e8 facoltativa. Il programma o il plugin WordPress \"Easy Digital Downloads\" da noi utilizzato per il download dei file memorizza le seguenti informazioni nel nostro database: indirizzo e-mail, cognome e nome (se forniti dall'utente), i file selezionati per il download (carrello) e la cronologia dei download (un registro di quando e quante volte hai scaricato quali file). Questi dati sono utilizzati per l'elaborazione automatica delle tue richieste di download di file e per valutazioni statistiche. Su tua richiesta, cancelleremo i tuoi dati personali dal nostro database.<\/p>\n<p><strong>Commenti<\/strong><\/p>\n<p>Se lasci un contributo o un commento su questo sito web, il tuo nome, il tuo indirizzo e-mail e, se lo hai inserito nel modulo, eventualmente anche il tuo sito web, saranno memorizzati da noi. Il tuo indirizzo e-mail non \u00e8 visibile pubblicamente, ma potrebbe essere utilizzato da noi per richieste o risposte in relazione al tuo commento. Se desideri che un commento da te inserito venga cancellato, ti preghiamo di comunicarcelo via e-mail.<\/p>\n<p><strong>Iscriviti alla notifica dei commenti<\/strong><\/p>\n<p>Oltre alla possibilit\u00e0 di lasciare commenti sul sito web, esiste anche l'ulteriore possibilit\u00e0 di essere avvisati da noi via e-mail dei nuovi commenti su un articolo. In questo caso, salviamo il tuo indirizzo e-mail e il post o i post per i quali desideri iscriverti ai commenti. Per motivi di sicurezza, devi confermare il tuo consenso con la cosiddetta procedura di double opt-in. Puoi cancellare le tue iscrizioni alle notifiche in qualsiasi momento; i relativi link di cancellazione sono inclusi in ogni email di notifica.<\/p>\n<p><strong>Modulo di contatto \/ e-mail<\/strong><\/p>\n<p>Se ci contatti tramite e-mail o modulo di contatto per domande di qualsiasi tipo, ci dai il tuo consenso volontario allo scopo di contattarti. A tal fine, \u00e8 necessario fornire un indirizzo e-mail valido. Questo viene utilizzato per l'assegnazione della richiesta di informazioni e per la successiva risposta. Il conferimento di ulteriori dati \u00e8 facoltativo. Le informazioni fornite dall'utente saranno conservate per l'elaborazione della richiesta e per eventuali domande successive.<\/p>\n<p><strong>Utilizzo di Google Maps<\/strong><\/p>\n<p>Questo sito web utilizza l'API di Google Maps per visualizzare le informazioni geografiche. Quando si utilizza Google Maps, Google raccoglie, elabora e utilizza anche i dati relativi all'utilizzo delle funzioni della mappa da parte dei visitatori. Puoi trovare ulteriori informazioni sul trattamento dei dati da parte di Google sul seguente sito web <a href=\"http:\/\/www.google.com\/privacypolicy.html\" target=\"_blank\" rel=\"noopener\">l'informativa sulla privacy di Google<\/a> dal sito web. Qui puoi anche modificare le tue impostazioni personali di protezione dei dati nel centro di protezione dei dati.<\/p>\n<p>Istruzioni dettagliate su come gestire i propri dati in relazione ai prodotti Google<a href=\"http:\/\/www.dataliberation.org\/\" target=\"_blank\" rel=\"noopener\"> puoi trovare qui<\/a>.<\/p>\n<p><strong>Localizzazione \/ Geo-localizzazione<\/strong><\/p>\n<p>Per le mappe basate su OpenStreetMap integrate nel nostro sito web, offriamo la possibilit\u00e0 di visualizzare la tua posizione sulla mappa. Si tratta di una funzionalit\u00e0 del cosiddetto standard HTML 5. Prima che vengano richiesti i dati relativi alla tua posizione, il tuo browser ti chieder\u00e0 un consenso esplicito. Non valutiamo la tua posizione trasmessa in questo modo. La determinazione della posizione serve solo a mostrarti la sezione di mappa intorno alla tua posizione attuale.<\/p>\n<\/div>\n<\/div><\/div><div id=\"panel-28-0-0-1\" class=\"so-panel widget widget_sow-editor\" data-index=\"1\" ><div\n\t\t\t\n\t\t\tclass=\"so-widget-sow-editor so-widget-sow-editor-base\"\n\t\t\t\n\t\t>\n<div class=\"siteorigin-widget-tinymce textwidget\">\n\t<p><strong>Partecipazione ai programmi dei partner affiliati<\/strong><\/p>\n<p><span class=\"ts-muster-content\">Nell'ambito della nostra offerta online, utilizziamo misure di tracciamento standard del settore sulla base dei nostri legittimi interessi (ovvero l'interesse per l'analisi, l'ottimizzazione e il funzionamento economico della nostra offerta online) ai sensi dell'Art. 6 (1) lit. f DSGVO, nella misura in cui sono necessarie per il funzionamento del sistema di affiliazione. Di seguito spieghiamo agli utenti il contesto tecnico.<\/span><\/p>\n<p>I servizi offerti dai nostri partner contrattuali possono essere pubblicizzati e linkati anche su altri siti web (i cosiddetti link di affiliazione o sistemi after-buy, se, ad esempio, i link o i servizi di terzi sono offerti dopo la conclusione di un contratto). I gestori dei rispettivi siti web ricevono una commissione se gli utenti seguono i link di affiliazione e successivamente usufruiscono delle offerte.<\/p>\n<p>In sintesi, per la nostra offerta online \u00e8 necessario poter monitorare se gli utenti interessati ai link di affiliazione e\/o alle offerte da noi disponibili usufruiscono successivamente delle offerte su impulso dei link di affiliazione o della nostra piattaforma online. A tal fine, i link di affiliazione e le nostre offerte sono integrati da alcuni valori, che possono essere parte del link o altrimenti impostati, ad esempio in un cookie. I valori includono in particolare il sito web di origine (referrer), l'ora, un identificatore online dell'operatore del sito web su cui si trova il link di affiliazione, un identificatore online della rispettiva offerta, un identificatore online dell'utente, oltre a valori specifici per il tracciamento come, ad esempio, l'ID del materiale pubblicitario, l'ID del partner e le categorizzazioni.<\/p>\n<p>Gli ID utente online che utilizziamo sono valori pseudonimi. Ci\u00f2 significa che gli stessi identificatori online non contengono dati personali come nomi o indirizzi e-mail. Ci aiutano solo a determinare se lo stesso utente che ha cliccato su un link di affiliazione o si \u00e8 interessato a un'offerta tramite la nostra offerta online ha approfittato dell'offerta, cio\u00e8 ha concluso un contratto con il fornitore. Tuttavia, l'ID online \u00e8 personale nella misura in cui l'azienda partner e anche noi disponiamo dell'ID online insieme ad altri dati dell'utente. Solo in questo modo l'azienda partner pu\u00f2 informarci se l'utente ha aderito all'offerta e se possiamo, ad esempio, ricevere il bonus.<\/p>\n<p><strong>Programma di affiliazione di Booking.com<\/strong><\/p>\n<p><span class=\"ts-muster-content\">Sulla base dei nostri legittimi interessi (ossia l'interesse per il funzionamento economico della nostra offerta online ai sensi dell'art. 6 par. 1 lett. f. DSGVO), partecipiamo al programma di affiliazione di Booking.com. DSGVO), partecipiamo al programma di affiliazione di Booking.com, che \u00e8 stato ideato per fornire ai siti web un mezzo per guadagnare compensi pubblicitari attraverso l'inserimento di annunci e link a Booking.com (il cosiddetto sistema di affiliazione). Booking.com utilizza i cookie per tracciare l'origine delle prenotazioni. Tra l'altro, Booking.com \u00e8 in grado di riconoscere che hai cliccato sul link di affiliazione presente su questo sito e che successivamente hai effettuato una prenotazione con Booking.com.<\/span><\/p>\n<p>Per maggiori informazioni sull'utilizzo dei tuoi dati da parte di Booking.com e per decidere di non utilizzarli, consulta l'informativa sulla privacy dell'azienda: <a href=\"https:\/\/www.booking.com\/content\/privacy.de.html\" target=\"_blank\" rel=\"noopener\">https:\/\/www.booking.com\/content\/privacy.de.html<\/a>.<\/p>\n<p><strong>Programma di affiliazione Amazon<\/strong><\/p>\n<p><span class=\"ts-muster-content\">Sulla base dei nostri legittimi interessi (ovvero l'interesse per il funzionamento economico della nostra offerta online ai sensi dell'art. 6 par. 1 lett. f. DSGVO), partecipiamo al programma di affiliazione Amazon EU. DSGVO), partecipiamo al programma di affiliazione di Amazon EU, che ha lo scopo di fornire ai siti web un mezzo per guadagnare commissioni pubblicitarie inserendo annunci e link ad Amazon.de (il cosiddetto sistema di affiliazione). Ad esempio, in qualit\u00e0 di partner di Amazon, guadagniamo sugli acquisti qualificati.<\/span><\/p>\n<p>Amazon utilizza i cookie per tracciare l'origine degli ordini. Tra le altre cose, Amazon \u00e8 in grado di riconoscere che hai cliccato sul link di un partner su questo sito web e che successivamente hai acquistato un prodotto da Amazon.<\/p>\n<p>Per ulteriori informazioni sull'utilizzo dei dati da parte di Amazon e per decidere di non partecipare, consulta l'informativa sulla privacy dell'azienda: <a href=\"https:\/\/www.amazon.de\/gp\/help\/customer\/display.html?nodeId=201909010\" target=\"_blank\" rel=\"noopener\">https:\/\/www.amazon.de\/gp\/help\/customer\/display.html?nodeId=201909010<\/a>.<\/p>\n<p>Nota: Amazon e il logo Amazon sono marchi di Amazon.com, Inc. o di una delle sue affiliate.<\/p>\n<\/div>\n<\/div><\/div><div id=\"panel-28-0-0-2\" class=\"so-panel widget widget_sow-editor\" data-index=\"2\" ><div\n\t\t\t\n\t\t\tclass=\"so-widget-sow-editor so-widget-sow-editor-base\"\n\t\t\t\n\t\t>\n<div class=\"siteorigin-widget-tinymce textwidget\">\n\t<p><strong>Biscotti<\/strong><\/p>\n<p>Questo sito web utilizza i cookie. Si tratta di piccoli file di testo che vengono memorizzati sul tuo terminale. Il tuo browser accede a questi file. L'uso dei cookie aumenta la facilit\u00e0 d'uso e la sicurezza di questo sito web. Utilizziamo i cookie anche in relazione a Google Analytics. I browser pi\u00f9 comuni offrono l'opzione di non consentire i cookie. Nota: non \u00e8 garantito che tu possa accedere a tutte le funzioni di questo sito web senza restrizioni se effettui le impostazioni corrispondenti.<\/p>\n<p><strong>File di log del server \/ dati di accesso<\/strong><\/p>\n<p>Noi o il nostro fornitore di siti raccogliamo dati sull'accesso al sito e li memorizziamo come \"file di log del server\". In questo modo vengono registrati i seguenti dati:<br \/>\n- Sito web visitato<br \/>\n- Tempo al momento dell'accesso<br \/>\n- Quantit\u00e0 di dati inviati in byte<br \/>\n- Fonte\/riferimento da cui hai raggiunto la pagina<br \/>\n- Browser utilizzato<br \/>\n- Sistema operativo utilizzato<br \/>\n- Indirizzo IP utilizzato in forma anonima<br \/>\nI dati raccolti vengono utilizzati solo per valutazioni statistiche e per migliorare il sito web e vengono cancellati automaticamente dopo 7 giorni.<\/p>\n<p><strong>Modifica della nostra politica sulla privacy<\/strong><\/p>\n<p>Ci riserviamo il diritto di adattare la presente dichiarazione sulla protezione dei dati in modo che sia sempre conforme agli attuali requisiti di legge o al fine di implementare modifiche ai nostri servizi nella dichiarazione sulla protezione dei dati, ad esempio in caso di introduzione di nuovi servizi. La nuova dichiarazione sulla protezione dei dati si applicher\u00e0 quindi alla tua prossima visita.<\/p>\n<p><strong>Diritti dell'utente: informazione, correzione e cancellazione<\/strong><\/p>\n<p>In qualit\u00e0 di utente, puoi richiedere gratuitamente informazioni sui dati personali che ti riguardano. A condizione che la tua richiesta non sia in contrasto con un obbligo legale di conservazione dei dati (ad esempio, la conservazione dei dati), hai il diritto di far correggere i dati errati e di far bloccare o cancellare i tuoi dati personali.<\/p>\n<\/div>\n<\/div><\/div><div id=\"panel-28-0-0-3\" class=\"so-panel widget widget_sow-editor panel-last-child\" data-index=\"3\" ><div\n\t\t\t\n\t\t\tclass=\"so-widget-sow-editor so-widget-sow-editor-base\"\n\t\t\t\n\t\t>\n<div class=\"siteorigin-widget-tinymce textwidget\">\n\t<p><a class=\"dsg1-6\" href=\"https:\/\/datenschutz-generator.de\" target=\"_blank\" rel=\"nofollow noopener\">Creato con Datenschutz-Generator.de da RA Dr. Thomas Schwenke<\/a> e personalizzati dal proprietario del sito web.<\/p>\n<p><strong>Altre fonti utilizzate:<\/strong><\/p>\n<p><a href=\"http:\/\/www.datenschutzbeauftragter-info.de\" target=\"_blank\" rel=\"noopener\">www.datenschutzbeauftragter-info.de<\/a><a href=\"http:\/\/datenschutz.org\" target=\"_blank\" rel=\"noopener\">,\u00a0<\/a><a href=\"http:\/\/datenschutz.org\" target=\"_blank\" rel=\"noopener\">protezione dei dati.org<\/a><a href=\"http:\/\/datenschutz.org\" target=\"_blank\" rel=\"noopener\">, <\/a><a href=\"https:\/\/www.activemind.de\/datenschutz\/datenschutzhinweis-generator\/\" target=\"_blank\" rel=\"noopener\"><em>Dichiarazione di protezione dei dati personali di activeMind AG<\/em><\/a><\/p>\n<\/div>\n<\/div><\/div><\/div><\/div><\/div>","protected":false},"excerpt":{"rendered":"<p>Bei der Nutzung unserer Website werden auf verschiedene Weise personenbezogene Daten im Sinne des deutschen Bundesdatenschutzgesetzes bzw. der europ\u00e4ischen Datenschutzgrundverordnung (EU-DSGVO) erhoben und gespeichert. Dies geschieht je nach Nutzungsbereich auf unterschiedliche Weise: Downloads Auf unserer Website bieten wir Datei-Downloads an. Um den Warenkorb-Inhalt zwischenzuspeichern, werden &#8222;Cookies&#8220; verwendet (kleine Textdateien, die durch den Browser auf Ihrem [&hellip;]<\/p>\n","protected":false},"author":1,"featured_media":0,"parent":0,"menu_order":0,"comment_status":"closed","ping_status":"closed","template":"","meta":{"footnotes":""},"class_list":["post-28","page","type-page","status-publish","hentry","post"],"_links":{"self":[{"href":"https:\/\/www.costabrava-wandern.de\/it\/wp-json\/wp\/v2\/pages\/28","targetHints":{"allow":["GET"]}}],"collection":[{"href":"https:\/\/www.costabrava-wandern.de\/it\/wp-json\/wp\/v2\/pages"}],"about":[{"href":"https:\/\/www.costabrava-wandern.de\/it\/wp-json\/wp\/v2\/types\/page"}],"author":[{"embeddable":true,"href":"https:\/\/www.costabrava-wandern.de\/it\/wp-json\/wp\/v2\/users\/1"}],"replies":[{"embeddable":true,"href":"https:\/\/www.costabrava-wandern.de\/it\/wp-json\/wp\/v2\/comments?post=28"}],"version-history":[{"count":15,"href":"https:\/\/www.costabrava-wandern.de\/it\/wp-json\/wp\/v2\/pages\/28\/revisions"}],"predecessor-version":[{"id":38713,"href":"https:\/\/www.costabrava-wandern.de\/it\/wp-json\/wp\/v2\/pages\/28\/revisions\/38713"}],"wp:attachment":[{"href":"https:\/\/www.costabrava-wandern.de\/it\/wp-json\/wp\/v2\/media?parent=28"}],"curies":[{"name":"parola chiave","href":"https:\/\/api.w.org\/{rel}","templated":true}]}}